{"id":18138,"date":"2023-11-10T17:39:19","date_gmt":"2023-11-10T17:39:19","guid":{"rendered":"https:\/\/bracaravinum.pt\/?post_type=product&#038;p=18138"},"modified":"2024-01-21T02:09:23","modified_gmt":"2024-01-21T02:09:23","slug":"furtiva-lagrima-tinto-2019-75cl","status":"publish","type":"product","link":"https:\/\/bracaravinum.pt\/de\/produkt\/furtiva-lagrima-tinto-2019-75cl\/","title":{"rendered":"Furtiva Lagrima Tinto 2019 75cl"},"content":{"rendered":"<p><img fetchpriority=\"high\" decoding=\"async\" class=\"size-medium wp-image-18139 aligncenter\" src=\"http:\/\/bracaravinum.pt\/wp-content\/uploads\/2023\/11\/LOGO_aposinha-300x300.png\" alt=\"\" width=\"300\" height=\"300\" srcset=\"https:\/\/bracaravinum.pt\/wp-content\/uploads\/2023\/11\/LOGO_aposinha-300x300.png 300w, https:\/\/bracaravinum.pt\/wp-content\/uploads\/2023\/11\/LOGO_aposinha-150x150.png 150w, https:\/\/bracaravinum.pt\/wp-content\/uploads\/2023\/11\/LOGO_aposinha-768x768.png 768w, https:\/\/bracaravinum.pt\/wp-content\/uploads\/2023\/11\/LOGO_aposinha-12x12.png 12w, https:\/\/bracaravinum.pt\/wp-content\/uploads\/2023\/11\/LOGO_aposinha-600x600.png 600w, https:\/\/bracaravinum.pt\/wp-content\/uploads\/2023\/11\/LOGO_aposinha-100x100.png 100w, https:\/\/bracaravinum.pt\/wp-content\/uploads\/2023\/11\/LOGO_aposinha.png 1000w\" sizes=\"(max-width: 300px) 100vw, 300px\" \/><\/p>\n<p class=\"\">Em crian\u00e7a, Ros\u00e1rio Ata\u00edde, actual propriet\u00e1ria, era carinhosamente apelidada pelo seu pai de \u201cRaposinha\u201d, da\u00ed o nome da propriedade e de alguns dos vinhos, n\u00e3o s\u00f3 uma homenagem ao pr\u00f3prio pai mas tamb\u00e9m a toda a fam\u00edlia.<\/p>\n<p class=\"\">Com uma produ\u00e7\u00e3o de 120.000 garrafas por ano, o rumo da gest\u00e3o e enologia est\u00e3o entregues a Jo\u00e3o Nuno Ata\u00edde &#8211; um dos tr\u00eas filhos de Ros\u00e1rio Ata\u00edde e do seu marido Nuno Ata\u00edde \u2013 e \u00e0 en\u00f3loga e sua mulher Paula Bragan\u00e7a Ata\u00edde.<\/p>","protected":false},"excerpt":{"rendered":"<p class=\"\">Vindima manual &#8211; 100% Alicante Bouschet &#8211; 100% fermentado em lagares 100% estagiado em barricas novas de carvalho franc\u00eas Dispon\u00edvel em 0.75L e 1.5L<\/p>\n<p class=\"\">Lan\u00e7ado apenas em anos excepcionais, pretende expressar o melhor da casta Alicante Bouschet e o melhor do Monte da Raposinha. Um vinho poderoso e intenso que mostra um lado fresco e bals\u00e2mico bem casado com o est\u00e1gio em barricas novas de carvalho franc\u00eas.<\/p>","protected":false},"featured_media":18140,"template":"","meta":{"_exactmetrics_skip_tracking":false,"_exactmetrics_sitenote_active":false,"_exactmetrics_sitenote_note":"","_exactmetrics_sitenote_category":0,"_uf_show_specific_survey":0,"_uf_disable_surveys":false,"iawp_total_views":88},"product_brand":[],"product_cat":[157,201,184,207],"product_tag":[],"class_list":{"0":"post-18138","1":"product","2":"type-product","3":"status-publish","4":"has-post-thumbnail","6":"product_cat-vinhos","7":"product_cat-grandes-vinhos","8":"product_cat-tinto","9":"product_cat-alentejo","11":"first","12":"instock","13":"shipping-taxable","14":"purchasable","15":"product-type-simple"},"_links":{"self":[{"href":"https:\/\/bracaravinum.pt\/de\/wp-json\/wp\/v2\/product\/18138","targetHints":{"allow":["GET"]}}],"collection":[{"href":"https:\/\/bracaravinum.pt\/de\/wp-json\/wp\/v2\/product"}],"about":[{"href":"https:\/\/bracaravinum.pt\/de\/wp-json\/wp\/v2\/types\/product"}],"wp:featuredmedia":[{"embeddable":true,"href":"https:\/\/bracaravinum.pt\/de\/wp-json\/wp\/v2\/media\/18140"}],"wp:attachment":[{"href":"https:\/\/bracaravinum.pt\/de\/wp-json\/wp\/v2\/media?parent=18138"}],"wp:term":[{"taxonomy":"product_brand","embeddable":true,"href":"https:\/\/bracaravinum.pt\/de\/wp-json\/wp\/v2\/product_brand?post=18138"},{"taxonomy":"product_cat","embeddable":true,"href":"https:\/\/bracaravinum.pt\/de\/wp-json\/wp\/v2\/product_cat?post=18138"},{"taxonomy":"product_tag","embeddable":true,"href":"https:\/\/bracaravinum.pt\/de\/wp-json\/wp\/v2\/product_tag?post=18138"}],"curies":[{"name":"wp","href":"https:\/\/api.w.org\/{rel}","templated":true}]}}