{"id":18107,"date":"2023-11-08T08:22:00","date_gmt":"2023-11-08T08:22:00","guid":{"rendered":"https:\/\/bracaravinum.pt\/?post_type=product&#038;p=18107"},"modified":"2024-10-29T11:07:04","modified_gmt":"2024-10-29T11:07:04","slug":"pacheca-reserva-vinhas-velhas-tinto-2021-75cl","status":"publish","type":"product","link":"https:\/\/bracaravinum.pt\/de\/produkt\/pacheca-reserva-vinhas-velhas-tinto-2021-75cl\/","title":{"rendered":"Pacheca Reserva Vinhas Velhas Tinto 2021 75cl"},"content":{"rendered":"<p>\u03c4<img decoding=\"async\" class=\"size-full wp-image-15359 aligncenter\" src=\"http:\/\/bracaravinum.pt\/wp-content\/uploads\/2022\/02\/pacheca-logo.jpg\" alt=\"\" width=\"295\" height=\"134\" \/><\/p>\n<p>Quinta da Pacheca, einer der bekanntesten Bauernh\u00f6fe in der Douro-Region, war auch einer der ersten Betriebe, der Wein unter seiner eigenen Marke abf\u00fcllte. Zum ersten Mal wird es in einem Dokument vom April 1738 erw\u00e4hnt, in dem es als \u201ePacheca\u201c bezeichnet wird, da es Eigentum von D. Mariana Pacheco Pereira ist. Aber erst 1903, als D. Jos\u00e9 Freire de Serpa Pimentel beschloss, sein Interesse an der \u00d6nologie zu entwickeln, kaufte er die Farm und begann, sich ernsthaft dem riskanten Gesch\u00e4ft der Weinherstellung zu widmen. Heute, ein Jahrhundert und viele Erfolge sp\u00e4ter, eine neue Generation der Familie Serpa Pimentel.<\/p>","protected":false},"excerpt":{"rendered":"<p>Pacheca Vinhas Velhas revela boa intensidade arom\u00e1tica, muito complexa com notas elegantes de chocolate e frutas pretas, como mirtilo e amora. \u00c9 muito equilibrado na boca com pr\u00e9-ent taninos e madeira bem integrada,acabamento longo e persistente.<\/p>\n<p>18 meses em barris de carvalho franc\u00eas de novo e 2\u00ba ano<\/p>","protected":false},"featured_media":9027,"template":"","meta":{"_exactmetrics_skip_tracking":false,"_exactmetrics_sitenote_active":false,"_exactmetrics_sitenote_note":"","_exactmetrics_sitenote_category":0,"_uf_show_specific_survey":0,"_uf_disable_surveys":false,"iawp_total_views":20},"product_brand":[],"product_cat":[157,184,215],"product_tag":[],"class_list":{"0":"post-18107","1":"product","2":"type-product","3":"status-publish","4":"has-post-thumbnail","6":"product_cat-vinhos","7":"product_cat-tinto","8":"product_cat-douro","10":"first","11":"instock","12":"shipping-taxable","13":"purchasable","14":"product-type-simple"},"_links":{"self":[{"href":"https:\/\/bracaravinum.pt\/de\/wp-json\/wp\/v2\/product\/18107","targetHints":{"allow":["GET"]}}],"collection":[{"href":"https:\/\/bracaravinum.pt\/de\/wp-json\/wp\/v2\/product"}],"about":[{"href":"https:\/\/bracaravinum.pt\/de\/wp-json\/wp\/v2\/types\/product"}],"wp:featuredmedia":[{"embeddable":true,"href":"https:\/\/bracaravinum.pt\/de\/wp-json\/wp\/v2\/media\/9027"}],"wp:attachment":[{"href":"https:\/\/bracaravinum.pt\/de\/wp-json\/wp\/v2\/media?parent=18107"}],"wp:term":[{"taxonomy":"product_brand","embeddable":true,"href":"https:\/\/bracaravinum.pt\/de\/wp-json\/wp\/v2\/product_brand?post=18107"},{"taxonomy":"product_cat","embeddable":true,"href":"https:\/\/bracaravinum.pt\/de\/wp-json\/wp\/v2\/product_cat?post=18107"},{"taxonomy":"product_tag","embeddable":true,"href":"https:\/\/bracaravinum.pt\/de\/wp-json\/wp\/v2\/product_tag?post=18107"}],"curies":[{"name":"wp","href":"https:\/\/api.w.org\/{rel}","templated":true}]}}