{"id":17878,"date":"2023-09-21T17:26:22","date_gmt":"2023-09-21T17:26:22","guid":{"rendered":"https:\/\/bracaravinum.pt\/?post_type=product&#038;p=17878"},"modified":"2024-10-29T16:10:21","modified_gmt":"2024-10-29T16:10:21","slug":"poema-novellis-alvarinho-2020-75cl","status":"publish","type":"product","link":"https:\/\/bracaravinum.pt\/de\/produkt\/poema-novellis-alvarinho-2020-75cl\/","title":{"rendered":"Poema Novellis Alvarinho 2020 75cl"},"content":{"rendered":"<p><img fetchpriority=\"high\" decoding=\"async\" class=\"size-medium wp-image-17378 aligncenter\" src=\"http:\/\/bracaravinum.pt\/wp-content\/uploads\/2020\/03\/poema-image-300x198.png\" alt=\"\" width=\"300\" height=\"198\" srcset=\"https:\/\/bracaravinum.pt\/wp-content\/uploads\/2020\/03\/poema-image-300x198.png 300w, https:\/\/bracaravinum.pt\/wp-content\/uploads\/2020\/03\/poema-image-18x12.png 18w, https:\/\/bracaravinum.pt\/wp-content\/uploads\/2020\/03\/poema-image.png 350w\" sizes=\"(max-width: 300px) 100vw, 300px\" \/><\/p>\n<p>Als Ergebnis unseres enormen Respekts vor der Natur und all unserer Leidenschaft und Hingabe haben wir eine limitierte und nummerierte Ausgabe von Gedichten im Geburtsort von Alvarinho in Portugal produziert, einem Ort voller Magie am Ufer des Flusses Minho, der seither in Familienbesitz ist 17. Jahrhundert in einer friedlichen Gemeinschaft mit der Natur.<br \/>\nDie Kunst des Weinbaus wurde bis heute von Generation zu Generation weitergegeben. Es wurde im 19. Jahrhundert bei religi\u00f6sen Zeremonien verwendet und erfreut sich seit jeher gro\u00dfer Beliebtheit bei Familie und Freunden. Es wird jedem, der uns besucht, mit Freude angeboten.<br \/>\nInspiriert von der Geschichte und der unvergleichlichen Sch\u00f6nheit der Landschaft haben wir die Marke Poema geschaffen, um das Familienerbe in entferntere L\u00e4nder zu tragen, die Vergangenheit zu respektieren und stets in die Zukunft zu blicken.<\/p>","protected":false},"excerpt":{"rendered":"<p>Estagia durante 6 meses em contacto com as borras finas em pequenos dep\u00f3sitos de 1500 a 3000 litros com battonage peri\u00f3dica e temperatura controlada seguido de engarrafamento e est\u00e1gio de 6 meses em garrafa.<\/p>\n<p>Notas de prova:\u00a0Cor citrina e um aroma fresco com predomin\u00e2ncia de aromas\u00a0citrinos, sobretudo toranja. No sabor apresenta uma boa estrutura com uma acidez\u00a0algo discreta que lhe confere uma grande frescura.<\/p>\n<p>Sugest\u00f5es gastron\u00f3micas:\u00a0Marisco e peixe, comida asi\u00e1tica, queijos de pasta mole. Em qualquer momento faz boa companhia.<\/p>","protected":false},"featured_media":17879,"template":"","meta":{"_exactmetrics_skip_tracking":false,"_exactmetrics_sitenote_active":false,"_exactmetrics_sitenote_note":"","_exactmetrics_sitenote_category":0,"_uf_show_specific_survey":0,"_uf_disable_surveys":false,"iawp_total_views":14},"product_brand":[],"product_cat":[185,157,206],"product_tag":[],"class_list":{"0":"post-17878","1":"product","2":"type-product","3":"status-publish","4":"has-post-thumbnail","6":"product_cat-branco","7":"product_cat-vinhos","8":"product_cat-vinhos-verdes","10":"first","11":"instock","12":"shipping-taxable","13":"purchasable","14":"product-type-simple"},"_links":{"self":[{"href":"https:\/\/bracaravinum.pt\/de\/wp-json\/wp\/v2\/product\/17878","targetHints":{"allow":["GET"]}}],"collection":[{"href":"https:\/\/bracaravinum.pt\/de\/wp-json\/wp\/v2\/product"}],"about":[{"href":"https:\/\/bracaravinum.pt\/de\/wp-json\/wp\/v2\/types\/product"}],"wp:featuredmedia":[{"embeddable":true,"href":"https:\/\/bracaravinum.pt\/de\/wp-json\/wp\/v2\/media\/17879"}],"wp:attachment":[{"href":"https:\/\/bracaravinum.pt\/de\/wp-json\/wp\/v2\/media?parent=17878"}],"wp:term":[{"taxonomy":"product_brand","embeddable":true,"href":"https:\/\/bracaravinum.pt\/de\/wp-json\/wp\/v2\/product_brand?post=17878"},{"taxonomy":"product_cat","embeddable":true,"href":"https:\/\/bracaravinum.pt\/de\/wp-json\/wp\/v2\/product_cat?post=17878"},{"taxonomy":"product_tag","embeddable":true,"href":"https:\/\/bracaravinum.pt\/de\/wp-json\/wp\/v2\/product_tag?post=17878"}],"curies":[{"name":"wp","href":"https:\/\/api.w.org\/{rel}","templated":true}]}}