{"id":17532,"date":"2023-04-19T09:02:26","date_gmt":"2023-04-19T09:02:26","guid":{"rendered":"https:\/\/bracaravinum.pt\/?post_type=product&#038;p=17532"},"modified":"2025-08-09T11:35:09","modified_gmt":"2025-08-09T11:35:09","slug":"alter-portwein-miniatur-5cl","status":"publish","type":"product","link":"https:\/\/bracaravinum.pt\/de\/produkt\/alter-portwein-miniatur-5cl\/","title":{"rendered":"Porto Velhotes Miniatura 5cl"},"content":{"rendered":"<p><img decoding=\"async\" class=\"size-full wp-image-15180 aligncenter\" src=\"http:\/\/bracaravinum.pt\/wp-content\/uploads\/2022\/02\/calem-logo.png\" alt=\"\" width=\"300\" height=\"113\" \/><\/p>\n<p>Das Profil von C\u00e1lem positioniert es als echte Markenbotschafterin f\u00fcr Porto. Diese \u00e4u\u00dferst beliebte Marke mit ihrem entspannten, abenteuerlustigen und einvernehmlichen Geist hat die unangefochtene Marktf\u00fchrerschaft auf dem portugiesischen Markt inne. Aber die offene und leicht zu sch\u00e4tzende Art der Weine half C\u00e1lem, mehrere andere ausl\u00e4ndische M\u00e4rkte zu erobern. Mit einem Ruf, der sich \u00fcber Generationen erstreckt, sprechen viele \u00fcber C\u00e1lem, wenn sie \u00fcber Portwein sprechen.<\/p>\n<p>\u201eC\u00e1lem wurde 1859 von Ant\u00f3nio Alves C\u00e1lem gegr\u00fcndet, der sich das liberale Handelsregime in der Douro-Region zunutze machte.\u201c<\/p>","protected":false},"excerpt":{"rendered":"<p>O perfil da C\u00e1lem posiciona-a como uma verdadeira marca embaixadora do Porto. Extremamente popular, com um esp\u00edrito descontra\u00eddo, aventureiro e consensual, esta marca tem a lideran\u00e7a incontest\u00e1vel do mercado portugu\u00eas. Mas o car\u00e1cter aberto e de f\u00e1cil aprecia\u00e7\u00e3o dos vinhos ajudou a C\u00e1lem a conquistar v\u00e1rios outros mercados externos. Com uma reputa\u00e7\u00e3o que atravessa gera\u00e7\u00f5es, [&hellip;]<\/p>","protected":false},"featured_media":17533,"template":"","meta":{"_exactmetrics_skip_tracking":false,"_exactmetrics_sitenote_active":false,"_exactmetrics_sitenote_note":"","_exactmetrics_sitenote_category":0,"_uf_show_specific_survey":0,"_uf_disable_surveys":false,"iawp_total_views":76},"product_brand":[],"product_cat":[159,173],"product_tag":[],"class_list":{"0":"post-17532","1":"product","2":"type-product","3":"status-publish","4":"has-post-thumbnail","6":"product_cat-portos","7":"product_cat-tawny-ruby","9":"first","10":"instock","11":"shipping-taxable","12":"purchasable","13":"product-type-simple"},"_links":{"self":[{"href":"https:\/\/bracaravinum.pt\/de\/wp-json\/wp\/v2\/product\/17532","targetHints":{"allow":["GET"]}}],"collection":[{"href":"https:\/\/bracaravinum.pt\/de\/wp-json\/wp\/v2\/product"}],"about":[{"href":"https:\/\/bracaravinum.pt\/de\/wp-json\/wp\/v2\/types\/product"}],"wp:featuredmedia":[{"embeddable":true,"href":"https:\/\/bracaravinum.pt\/de\/wp-json\/wp\/v2\/media\/17533"}],"wp:attachment":[{"href":"https:\/\/bracaravinum.pt\/de\/wp-json\/wp\/v2\/media?parent=17532"}],"wp:term":[{"taxonomy":"product_brand","embeddable":true,"href":"https:\/\/bracaravinum.pt\/de\/wp-json\/wp\/v2\/product_brand?post=17532"},{"taxonomy":"product_cat","embeddable":true,"href":"https:\/\/bracaravinum.pt\/de\/wp-json\/wp\/v2\/product_cat?post=17532"},{"taxonomy":"product_tag","embeddable":true,"href":"https:\/\/bracaravinum.pt\/de\/wp-json\/wp\/v2\/product_tag?post=17532"}],"curies":[{"name":"wp","href":"https:\/\/api.w.org\/{rel}","templated":true}]}}