{"id":17420,"date":"2023-03-10T17:01:22","date_gmt":"2023-03-10T17:01:22","guid":{"rendered":"https:\/\/bracaravinum.pt\/?post_type=product&#038;p=17420"},"modified":"2024-02-27T17:12:43","modified_gmt":"2024-02-27T17:12:43","slug":"odisseia-reserva-branco-75cl","status":"publish","type":"product","link":"https:\/\/bracaravinum.pt\/de\/produto\/odisseia-reserva-branco-75cl\/","title":{"rendered":"Odisseia Reserva Branco 75cl"},"content":{"rendered":"<p><img decoding=\"async\" class=\"size-medium wp-image-17418 aligncenter\" src=\"http:\/\/bracaravinum.pt\/wp-content\/uploads\/2023\/03\/Simbolo_JHG-odisseia-logo-300x90.png\" alt=\"\" width=\"300\" height=\"90\" srcset=\"https:\/\/bracaravinum.pt\/wp-content\/uploads\/2023\/03\/Simbolo_JHG-odisseia-logo-300x90.png 300w, https:\/\/bracaravinum.pt\/wp-content\/uploads\/2023\/03\/Simbolo_JHG-odisseia-logo-18x5.png 18w, https:\/\/bracaravinum.pt\/wp-content\/uploads\/2023\/03\/Simbolo_JHG-odisseia-logo.png 500w\" sizes=\"(max-width: 300px) 100vw, 300px\" \/><\/p>\n<p>Im Jahr 2004 wurden die ersten ODISSEIA-Weine produziert. Doch Jean-Hugues Gros arbeitete bereits seit 1999 im Douro.<\/p>\n<p>Er entdeckte in dieser Region Weinpotenzial, das es ihm erm\u00f6glichte, eine Vielfalt an Terroirs sowie elegante und vielseitige Weine zu entwickeln.<\/p>\n<p>Nach Abschluss des \u00d6nologiestudiums und mehreren Praktika im Burgund im Jahr 1992 hatte Jean-Hugues Gros die einmalige Gelegenheit, 16 Monate bei Sandeman in Porto zu verbringen. Und so begann die Entdeckung der Portweine, der bezaubernden Douro-Region und ihrer Weine.<\/p>\n<p>Nach einigen weiteren Erfahrungen in Kalifornien und der Champagne erfolgte 1999 die endg\u00fcltige R\u00fcckkehr zur Arbeit bei Quinta do Convento de S\u00e3o Pedro das \u00c1guias, einem kleinen Portweinunternehmen am Fluss T\u00e1vora in der N\u00e4he von Tabua\u00e7o. Heute ist Jean-Hugues Produzent und Weinbauberater f\u00fcr mehrere Quintas do Douro.<\/p>\n<p>&nbsp;<\/p>","protected":false},"excerpt":{"rendered":"<p>As uvas s\u00e3o provenientes de 3 zonas do Douro, de altitude entre 450 e 650 m e de sol gran\u00edtico.<\/p>\n<p>As castas selecionadas s\u00e3o na mioria\u00a0<em>Rabigato<\/em>,\u00a0<em>Viosinho<\/em>\u00a0Es ist\u00a0<em>Codega de Larinho<\/em>, de vinhas com mais de 20 anos.<\/p>\n<p>As uvas s\u00e3o prensadas e o mosto \u00e9 decantado durante 2 dias a 10\u00baC. Depois de passar a limpo, a fermenta\u00e7\u00e3o ocorre parcialmente em cascos de carvalho franc\u00eas de 500 litros e o resto em cuba inox a temperatura de 14\u00baC durante 3 a 4 semanas. No fim da fermenta\u00e7\u00e3o, o vinho \u00e9 separado das borras mais grossas. O vinho vai envelhecer com\u00a0<em>batonnage<\/em>\u00a0semanal at\u00e9 final de Janeiro e o lote final ser\u00e1 feito em Fevereiro, para ser engarrafado entre Abril e Junho.<\/p>\n<p>O Reserva Branco, sendo parcialmente fermentado e envelhecido em cascos de carvalho franc\u00eas, \u00e9 um vinho complexo, aliando as notas c\u00edtricas a eleg\u00c2ncia da madeira nova. Na boca apresenta uma acidez fina, uma mineralidade bem casada e um final longo.<\/p>","protected":false},"featured_media":17421,"template":"","meta":{"_exactmetrics_skip_tracking":false,"_exactmetrics_sitenote_active":false,"_exactmetrics_sitenote_note":"","_exactmetrics_sitenote_category":0,"_uf_show_specific_survey":0,"_uf_disable_surveys":false,"iawp_total_views":17},"product_brand":[],"product_cat":[185,188,157],"product_tag":[],"class_list":{"0":"post-17420","1":"product","2":"type-product","3":"status-publish","4":"has-post-thumbnail","6":"product_cat-branco","7":"product_cat-douro-branco","8":"product_cat-vinhos","10":"first","11":"instock","12":"shipping-taxable","13":"purchasable","14":"product-type-simple"},"_links":{"self":[{"href":"https:\/\/bracaravinum.pt\/de\/wp-json\/wp\/v2\/product\/17420","targetHints":{"allow":["GET"]}}],"collection":[{"href":"https:\/\/bracaravinum.pt\/de\/wp-json\/wp\/v2\/product"}],"about":[{"href":"https:\/\/bracaravinum.pt\/de\/wp-json\/wp\/v2\/types\/product"}],"wp:featuredmedia":[{"embeddable":true,"href":"https:\/\/bracaravinum.pt\/de\/wp-json\/wp\/v2\/media\/17421"}],"wp:attachment":[{"href":"https:\/\/bracaravinum.pt\/de\/wp-json\/wp\/v2\/media?parent=17420"}],"wp:term":[{"taxonomy":"product_brand","embeddable":true,"href":"https:\/\/bracaravinum.pt\/de\/wp-json\/wp\/v2\/product_brand?post=17420"},{"taxonomy":"product_cat","embeddable":true,"href":"https:\/\/bracaravinum.pt\/de\/wp-json\/wp\/v2\/product_cat?post=17420"},{"taxonomy":"product_tag","embeddable":true,"href":"https:\/\/bracaravinum.pt\/de\/wp-json\/wp\/v2\/product_tag?post=17420"}],"curies":[{"name":"wp","href":"https:\/\/api.w.org\/{rel}","templated":true}]}}