{"id":17339,"date":"2023-02-17T11:39:46","date_gmt":"2023-02-17T11:39:46","guid":{"rendered":"https:\/\/bracaravinum.pt\/?post_type=product&#038;p=17339"},"modified":"2026-03-04T15:12:13","modified_gmt":"2026-03-04T15:12:13","slug":"quinta-do-crasto-reserva-vinhas-velhas-tinto-75cl","status":"publish","type":"product","link":"https:\/\/bracaravinum.pt\/de\/produto\/quinta-do-crasto-reserva-vinhas-velhas-tinto-75cl\/","title":{"rendered":"Quinta do Crasto Reserva Vinhas Velhas Tinto 2023 75cl"},"content":{"rendered":"<p><img fetchpriority=\"high\" decoding=\"async\" class=\"size-medium wp-image-15212 aligncenter\" src=\"http:\/\/bracaravinum.pt\/wp-content\/uploads\/2022\/02\/crasto-logo-300x300.png\" alt=\"\" width=\"300\" height=\"300\" srcset=\"https:\/\/bracaravinum.pt\/wp-content\/uploads\/2022\/02\/crasto-logo-300x300.png 300w, https:\/\/bracaravinum.pt\/wp-content\/uploads\/2022\/02\/crasto-logo-150x150.png 150w, https:\/\/bracaravinum.pt\/wp-content\/uploads\/2022\/02\/crasto-logo-100x100.png 100w, https:\/\/bracaravinum.pt\/wp-content\/uploads\/2022\/02\/crasto-logo.png 555w\" sizes=\"(max-width: 300px) 100vw, 300px\" \/><\/p>\n<p>Quinta do Crasto, SA ist ein portugiesisches Unternehmen, das Douro- und Porto-Weine produziert und seinen Sitz in Gouvinhas, Gemeinde Sabrosa, Nordportugal hat. Quinta do Crasto liegt im Herzen des Douro-Tals, dem \u00e4ltesten regulierten Weinanbaugebiet der Welt und wurde 2001 von der UNESCO ebenfalls zum Weltkulturerbe erkl\u00e4rt. Quinta do Crasto verf\u00fcgt \u00fcber au\u00dfergew\u00f6hnliche Bedingungen f\u00fcr die Herstellung von Weinen und Oliven\u00f6len h\u00f6chster Qualit\u00e4t .<\/p>","protected":false},"excerpt":{"rendered":"<p>Castas: Vinhas Velhas (mistura de 25 a 30 diferentes variedades)<\/p>\n<p>Envelhecimento: Quinta do Crasto Reserva Vinhas Velhas estagiou em barricas de carvalho franc\u00eas (85%) e carvalho americano (15%), onde permaneceu cerca de 18 meses.<\/p>\n<p>De cor ruby carregado, apresenta-se muito envolvente no nariz, onde se consegue perceber de imediato a identidade das nossas vinhas velhas. Aroma complexo com notas de esteva fresca, ligeiro cacau, tudo muito bem integrado com frutos silvestres do Douro. Inicia a prova de boca de forma elegante, evoluindo rapidamente para um vinho de grande solidez, onde encontramos um excelente volume e uma estrutura compacta , composta por taninos frescos de textura aveludada.<br \/>\nUm vinho de identidade singular que termina harmonioso e muito persistente.<\/p>","protected":false},"featured_media":21439,"template":"","meta":{"_exactmetrics_skip_tracking":false,"_exactmetrics_sitenote_active":false,"_exactmetrics_sitenote_note":"","_exactmetrics_sitenote_category":0,"_uf_show_specific_survey":0,"_uf_disable_surveys":false,"iawp_total_views":96},"product_brand":[],"product_cat":[215,201,184,157],"product_tag":[],"class_list":{"0":"post-17339","1":"product","2":"type-product","3":"status-publish","4":"has-post-thumbnail","6":"product_cat-douro","7":"product_cat-grandes-vinhos","8":"product_cat-tinto","9":"product_cat-vinhos","11":"first","12":"instock","13":"shipping-taxable","14":"purchasable","15":"product-type-simple"},"_links":{"self":[{"href":"https:\/\/bracaravinum.pt\/de\/wp-json\/wp\/v2\/product\/17339","targetHints":{"allow":["GET"]}}],"collection":[{"href":"https:\/\/bracaravinum.pt\/de\/wp-json\/wp\/v2\/product"}],"about":[{"href":"https:\/\/bracaravinum.pt\/de\/wp-json\/wp\/v2\/types\/product"}],"wp:featuredmedia":[{"embeddable":true,"href":"https:\/\/bracaravinum.pt\/de\/wp-json\/wp\/v2\/media\/21439"}],"wp:attachment":[{"href":"https:\/\/bracaravinum.pt\/de\/wp-json\/wp\/v2\/media?parent=17339"}],"wp:term":[{"taxonomy":"product_brand","embeddable":true,"href":"https:\/\/bracaravinum.pt\/de\/wp-json\/wp\/v2\/product_brand?post=17339"},{"taxonomy":"product_cat","embeddable":true,"href":"https:\/\/bracaravinum.pt\/de\/wp-json\/wp\/v2\/product_cat?post=17339"},{"taxonomy":"product_tag","embeddable":true,"href":"https:\/\/bracaravinum.pt\/de\/wp-json\/wp\/v2\/product_tag?post=17339"}],"curies":[{"name":"wp","href":"https:\/\/api.w.org\/{rel}","templated":true}]}}