{"id":17176,"date":"2023-01-21T11:35:55","date_gmt":"2023-01-21T11:35:55","guid":{"rendered":"https:\/\/bracaravinum.pt\/?post_type=product&#038;p=17176"},"modified":"2024-04-10T18:21:45","modified_gmt":"2024-04-10T18:21:45","slug":"rola-touriga-nacional-douro-tinto-75cl","status":"publish","type":"product","link":"https:\/\/bracaravinum.pt\/de\/produto\/rola-touriga-nacional-douro-tinto-75cl\/","title":{"rendered":"Rola Touriga Nacional Douro Tinto 75cl"},"content":{"rendered":"<p><img decoding=\"async\" class=\"size-medium wp-image-17173 aligncenter\" src=\"http:\/\/bracaravinum.pt\/wp-content\/uploads\/2020\/04\/Rola-Wines-logo-300x54.png\" alt=\"\" width=\"300\" height=\"54\" srcset=\"https:\/\/bracaravinum.pt\/wp-content\/uploads\/2020\/04\/Rola-Wines-logo-300x54.png 300w, https:\/\/bracaravinum.pt\/wp-content\/uploads\/2020\/04\/Rola-Wines-logo-18x3.png 18w, https:\/\/bracaravinum.pt\/wp-content\/uploads\/2020\/04\/Rola-Wines-logo.png 450w\" sizes=\"(max-width: 300px) 100vw, 300px\" \/><\/p>\n<div>O Douro \u00e9 conhecido por ser ber\u00e7o de mulheres extraordin\u00e1rias, ousadas e \u00e0 frente do seu tempo.<\/div>\n<p>Seguindo o exemplo das grandes senhoras do Douro, mulheres detentoras de iniciativas louv\u00e1veis e de um esp\u00edrito de risco surpreendente face aos poderes instalados, a en\u00f3loga Ana Rola e a arquitecta Helga Rodrigues, amigas de longa data, juntaram-se para dar forma a um projeto v\u00ednico \u00fanico no Douro, inspirado nos valores da fam\u00edlia, no amor \u00e0 tradi\u00e7\u00e3o e na for\u00e7a do seio materno.<br \/>\nEssa visceral for\u00e7a concretiza-se agora com o batismo de tr\u00eas dos seus vinhos com os nomes das filhas de ambas &#8211; Maria Teresa e Maria Lu\u00eds &#8211; num sinal claro de continuidade, uni\u00e3o e for\u00e7a no feminino.<\/p>","protected":false},"excerpt":{"rendered":"<p>Trauben: Touriga Nacional<\/p>\n<p>Est\u00e1gio de\u00a014 meses em barricas de carvalho franc\u00eas 500 litros<\/p>\n<p>Apresenta um aroma atraente e intenso a frutos vermelho, na boca \u00e9 equilibrado, macio, bastante envolvente; ideal para acompanhar pratos de carne.<\/p>","protected":false},"featured_media":9768,"template":"","meta":{"_exactmetrics_skip_tracking":false,"_exactmetrics_sitenote_active":false,"_exactmetrics_sitenote_note":"","_exactmetrics_sitenote_category":0,"_uf_show_specific_survey":0,"_uf_disable_surveys":false,"iawp_total_views":14},"product_brand":[],"product_cat":[215,184,157],"product_tag":[],"class_list":{"0":"post-17176","1":"product","2":"type-product","3":"status-publish","4":"has-post-thumbnail","6":"product_cat-douro","7":"product_cat-tinto","8":"product_cat-vinhos","10":"first","11":"instock","12":"shipping-taxable","13":"purchasable","14":"product-type-simple"},"_links":{"self":[{"href":"https:\/\/bracaravinum.pt\/de\/wp-json\/wp\/v2\/product\/17176","targetHints":{"allow":["GET"]}}],"collection":[{"href":"https:\/\/bracaravinum.pt\/de\/wp-json\/wp\/v2\/product"}],"about":[{"href":"https:\/\/bracaravinum.pt\/de\/wp-json\/wp\/v2\/types\/product"}],"wp:featuredmedia":[{"embeddable":true,"href":"https:\/\/bracaravinum.pt\/de\/wp-json\/wp\/v2\/media\/9768"}],"wp:attachment":[{"href":"https:\/\/bracaravinum.pt\/de\/wp-json\/wp\/v2\/media?parent=17176"}],"wp:term":[{"taxonomy":"product_brand","embeddable":true,"href":"https:\/\/bracaravinum.pt\/de\/wp-json\/wp\/v2\/product_brand?post=17176"},{"taxonomy":"product_cat","embeddable":true,"href":"https:\/\/bracaravinum.pt\/de\/wp-json\/wp\/v2\/product_cat?post=17176"},{"taxonomy":"product_tag","embeddable":true,"href":"https:\/\/bracaravinum.pt\/de\/wp-json\/wp\/v2\/product_tag?post=17176"}],"curies":[{"name":"wp","href":"https:\/\/api.w.org\/{rel}","templated":true}]}}