{"id":17171,"date":"2023-01-21T11:24:27","date_gmt":"2023-01-21T11:24:27","guid":{"rendered":"https:\/\/bracaravinum.pt\/?post_type=product&#038;p=17171"},"modified":"2026-03-31T16:52:32","modified_gmt":"2026-03-31T16:52:32","slug":"ferradosa-eisenweis-75cl","status":"publish","type":"product","link":"https:\/\/bracaravinum.pt\/de\/produkt\/ferradosa-eisenweis-75cl\/","title":{"rendered":"Iron da Ferradosa Wei\u00df 75cl"},"content":{"rendered":"<p><img decoding=\"async\" class=\"size-medium wp-image-17165 aligncenter\" src=\"http:\/\/bracaravinum.pt\/wp-content\/uploads\/2020\/04\/ferradosa-logo-300x40.png\" alt=\"\" width=\"300\" height=\"40\" srcset=\"https:\/\/bracaravinum.pt\/wp-content\/uploads\/2020\/04\/ferradosa-logo-300x40.png 300w, https:\/\/bracaravinum.pt\/wp-content\/uploads\/2020\/04\/ferradosa-logo-768x103.png 768w, https:\/\/bracaravinum.pt\/wp-content\/uploads\/2020\/04\/ferradosa-logo-18x2.png 18w, https:\/\/bracaravinum.pt\/wp-content\/uploads\/2020\/04\/ferradosa-logo-600x80.png 600w, https:\/\/bracaravinum.pt\/wp-content\/uploads\/2020\/04\/ferradosa-logo.png 776w\" sizes=\"(max-width: 300px) 100vw, 300px\" \/><\/p>\n<p>Die ersten Erw\u00e4hnungen der Quinta da Ferradosa stammen aus dem Ende des 19. Jahrhunderts, als sie der Familie Borges geh\u00f6rte.<\/p>\n<p>Zu Beginn des 20. Jahrhunderts wurde es von Real Companhia Velha, dem \u00e4ltesten Portweinunternehmen, gekauft.<\/p>\n<p>Der Bau des Valeira-Staudamms f\u00fchrte zu einem Anstieg des Wasserspiegels des Flusses Douro, wodurch ein gro\u00dfer Teil der Weinberge der Quinta da Ferradosa \u00fcberflutet wurde, was ihr Weinbaupotenzial beeintr\u00e4chtigte und den Zugang erschwerte.<\/p>\n<p>In den 90er Jahren wurde die Quinta von Joaquim Manuel Calem gekauft, dem Eigent\u00fcmer der Firma AA Calem &amp; Filho Lda, einem der wichtigsten portugiesischen Unternehmen f\u00fcr die Herstellung und den Export von Portwein, die 1859 von seinem Ururgro\u00dfvater gegr\u00fcndet wurde. Das Unternehmen blieb bestehen Die Familie blieb bis zum 21. Jahrhundert im Besitz der Familie und wurde dann zusammen mit der Marke verkauft. Das Erbe der H\u00f6fe blieb jedoch Eigentum der Familie Calem.<\/p>\n<p>Joaquim Manuel Calem, Vater des jetzigen Besitzers, hegte eine gro\u00dfe Leidenschaft f\u00fcr Ferradosa und bepflanzte hier 13 Hektar mit drei der wichtigsten Rebsorten der Region: Touriga Nacional, Touriga Franca und Tinta Roriz. Er war auch f\u00fcr die Installation der Elektrizit\u00e4t auf dem Grundst\u00fcck verantwortlich und hatte gro\u00dfe Pl\u00e4ne, die bestehenden Ruinen wieder aufzubauen, um der Quinta wieder zu ihrer Bl\u00fctezeit zu verhelfen.<\/p>\n<p>Joaquim Manuel starb 2006, als sein Sohn, ebenfalls Joaquim, Ferradosa erbte. Mit dem gleichen Wunsch, in dieses abgelegene, unwirtliche und inspirierende Anwesen zu investieren, liegt es heute in Ihren H\u00e4nden, dass es aufbl\u00fcht und zu einem der romantischsten Bauernh\u00f6fe im Douro wird.<\/p>","protected":false},"excerpt":{"rendered":"<p>Trauben: Arinto, C\u00f3dega de Larinho und Rabigato<\/p>\n<p>Ferro da Ferradosa Douro Branco ist ein frischer Wei\u00dfwein mit Aromen von Limette, Zitrone und einer ausgepr\u00e4gten Mineralit\u00e4t der Sorte Arinto. Dieser Wein vereint die nat\u00fcrliche S\u00e4ure von Rabigato mit den Aromen tropischer Fr\u00fcchte aus C\u00f3dega. Es gibt auch Viosinho auf dem Grundst\u00fcck. Zitrusfr\u00fcchte in der Nase, am Gaumen pr\u00e4sentiert Ferro da Ferradosa Douro Branco gro\u00dfe Frische und Ausgewogenheit.<\/p>","protected":false},"featured_media":17172,"template":"","meta":{"_exactmetrics_skip_tracking":false,"_exactmetrics_sitenote_active":false,"_exactmetrics_sitenote_note":"","_exactmetrics_sitenote_category":0,"_uf_show_specific_survey":0,"_uf_disable_surveys":false,"iawp_total_views":5},"product_brand":[],"product_cat":[157,185,188],"product_tag":[],"class_list":{"0":"post-17171","1":"product","2":"type-product","3":"status-publish","4":"has-post-thumbnail","6":"product_cat-vinhos","7":"product_cat-branco","8":"product_cat-douro-branco","10":"first","11":"instock","12":"shipping-taxable","13":"purchasable","14":"product-type-simple"},"_links":{"self":[{"href":"https:\/\/bracaravinum.pt\/de\/wp-json\/wp\/v2\/product\/17171","targetHints":{"allow":["GET"]}}],"collection":[{"href":"https:\/\/bracaravinum.pt\/de\/wp-json\/wp\/v2\/product"}],"about":[{"href":"https:\/\/bracaravinum.pt\/de\/wp-json\/wp\/v2\/types\/product"}],"wp:featuredmedia":[{"embeddable":true,"href":"https:\/\/bracaravinum.pt\/de\/wp-json\/wp\/v2\/media\/17172"}],"wp:attachment":[{"href":"https:\/\/bracaravinum.pt\/de\/wp-json\/wp\/v2\/media?parent=17171"}],"wp:term":[{"taxonomy":"product_brand","embeddable":true,"href":"https:\/\/bracaravinum.pt\/de\/wp-json\/wp\/v2\/product_brand?post=17171"},{"taxonomy":"product_cat","embeddable":true,"href":"https:\/\/bracaravinum.pt\/de\/wp-json\/wp\/v2\/product_cat?post=17171"},{"taxonomy":"product_tag","embeddable":true,"href":"https:\/\/bracaravinum.pt\/de\/wp-json\/wp\/v2\/product_tag?post=17171"}],"curies":[{"name":"wp","href":"https:\/\/api.w.org\/{rel}","templated":true}]}}