{"id":17032,"date":"2023-01-12T16:47:09","date_gmt":"2023-01-12T16:47:09","guid":{"rendered":"https:\/\/bracaravinum.pt\/?post_type=product&#038;p=17032"},"modified":"2025-10-07T11:27:12","modified_gmt":"2025-10-07T11:27:12","slug":"medusa-reserva-tinto-2017-cx-3","status":"publish","type":"product","link":"https:\/\/bracaravinum.pt\/de\/produkt\/medusa-reserva-tinto-2017-cx-3\/","title":{"rendered":"Medusa Reserva rot 2017, Box mit 3 Flaschen"},"content":{"rendered":"<p><img decoding=\"async\" class=\"size-medium wp-image-17034 aligncenter\" src=\"http:\/\/bracaravinum.pt\/wp-content\/uploads\/2023\/01\/logo_medusa_white-300x120.png\" alt=\"\" width=\"300\" height=\"120\" srcset=\"https:\/\/bracaravinum.pt\/wp-content\/uploads\/2023\/01\/logo_medusa_white-300x120.png 300w, https:\/\/bracaravinum.pt\/wp-content\/uploads\/2023\/01\/logo_medusa_white-18x7.png 18w, https:\/\/bracaravinum.pt\/wp-content\/uploads\/2023\/01\/logo_medusa_white.png 324w\" sizes=\"(max-width: 300px) 100vw, 300px\" \/><\/p>\n<p>Conta a mitologia que a Medusa era um ser absolutamente irresist\u00edvel, carregando em si a maldi\u00e7\u00e3o de transformar em pedra quem a fitasse nos olhos. A maldi\u00e7\u00e3o s\u00f3 cessou quando um pescador usou um espelho que, reflectindo a pr\u00f3pria imagem, a transformou igualmente em pedra, permitindo a sua destrui\u00e7\u00e3o. Reza ainda a lenda que, de uma das suas veias, brotou o elixir\u00a0da vida eterna. Sendo a mitologia uma recria\u00e7\u00e3o da pr\u00f3pria vida, a Cave Central da Bairrada criou a marca de vinhos Medusa Bairrada DOC. Esta marca nasce com o intuito de criar vinhos m\u00edticos da regi\u00e3o da Bairrada, que prevale\u00e7am no tempo e nas mem\u00f3rias.<\/p>\n<p>Em 2019 surge o lan\u00e7amento da marca atrav\u00e9s dos vinhos Medusa tinto, Medusa branco e Medusa Ros\u00e9. Meses depois tamb\u00e9m foram lan\u00e7ados os Medusa Reserva branco e tinto e o Medusa Grande Reserva tinto.<\/p>","protected":false},"excerpt":{"rendered":"<p>Aroma: Geleia de frutos vermelhos com ligeiras notas florais.<br \/>\nSabor: Estruturado, complexo com taninos persistentes que denotam firmeza e eleg\u00e2ncia. Final de boca prolongado.<\/p>","protected":false},"featured_media":17036,"template":"","meta":{"_exactmetrics_skip_tracking":false,"_exactmetrics_sitenote_active":false,"_exactmetrics_sitenote_note":"","_exactmetrics_sitenote_category":0,"_uf_show_specific_survey":0,"_uf_disable_surveys":false,"iawp_total_views":67},"product_brand":[],"product_cat":[258,216,157,184,208],"product_tag":[],"class_list":{"0":"post-17032","1":"product","2":"type-product","3":"status-publish","4":"has-post-thumbnail","6":"product_cat-conjuntos-de-oferta","7":"product_cat-conjuntos","8":"product_cat-vinhos","9":"product_cat-tinto","10":"product_cat-bairrada","12":"first","13":"instock","14":"shipping-taxable","15":"purchasable","16":"product-type-simple"},"_links":{"self":[{"href":"https:\/\/bracaravinum.pt\/de\/wp-json\/wp\/v2\/product\/17032","targetHints":{"allow":["GET"]}}],"collection":[{"href":"https:\/\/bracaravinum.pt\/de\/wp-json\/wp\/v2\/product"}],"about":[{"href":"https:\/\/bracaravinum.pt\/de\/wp-json\/wp\/v2\/types\/product"}],"wp:featuredmedia":[{"embeddable":true,"href":"https:\/\/bracaravinum.pt\/de\/wp-json\/wp\/v2\/media\/17036"}],"wp:attachment":[{"href":"https:\/\/bracaravinum.pt\/de\/wp-json\/wp\/v2\/media?parent=17032"}],"wp:term":[{"taxonomy":"product_brand","embeddable":true,"href":"https:\/\/bracaravinum.pt\/de\/wp-json\/wp\/v2\/product_brand?post=17032"},{"taxonomy":"product_cat","embeddable":true,"href":"https:\/\/bracaravinum.pt\/de\/wp-json\/wp\/v2\/product_cat?post=17032"},{"taxonomy":"product_tag","embeddable":true,"href":"https:\/\/bracaravinum.pt\/de\/wp-json\/wp\/v2\/product_tag?post=17032"}],"curies":[{"name":"wp","href":"https:\/\/api.w.org\/{rel}","templated":true}]}}