{"id":16712,"date":"2022-11-09T15:15:44","date_gmt":"2022-11-09T15:15:44","guid":{"rendered":"https:\/\/bracaravinum.pt\/?post_type=product&#038;p=16712"},"modified":"2026-02-07T12:59:05","modified_gmt":"2026-02-07T12:59:05","slug":"whisky-macallan-harmony-collection-intense-arabica-70cl","status":"publish","type":"product","link":"https:\/\/bracaravinum.pt\/de\/produto\/whisky-macallan-harmony-collection-intense-arabica-70cl\/","title":{"rendered":"Whisky Macallan Harmony Collection Intense Arabica 70cl"},"content":{"rendered":"<p><img fetchpriority=\"high\" decoding=\"async\" class=\"size-full wp-image-15335 aligncenter\" src=\"http:\/\/bracaravinum.pt\/wp-content\/uploads\/2022\/02\/macallan-logo.png\" alt=\"\" width=\"300\" height=\"205\" \/><\/p>\n<p>Seit der Gr\u00fcndung durch Alexander Reid auf einem Plateau oberhalb des Flusses Spey im Nordosten Schottlands ist die Leidenschaft f\u00fcr Qualit\u00e4t das Markenzeichen von Macallan. Die Brennerei ist von einem 485 Hektar gro\u00dfen Anwesen umgeben, in dessen Mittelpunkt das Easter Elchies House steht.<\/p>\n<p>The Macallan war einer der ersten Brennereien in Schottland, der eine gesetzliche Lizenz erhielt. Seitdem haben wir uns den Ruf als einer der weltweit f\u00fchrenden Single Malt Whiskys erarbeitet. Die Kreation von Macallan basiert auf den entscheidenden Einfl\u00fcssen Spaniens, Nordamerikas und Schottlands \u2013 und ihren jeweiligen nat\u00fcrlichen Rohstoffen, kombiniert mit traditionellen Methoden und Handwerkskunst.<\/p>\n<p>Die Macallan-Brennerei wurde von Alexander Reid, einem Gerstenbauer und Lehrer, gegr\u00fcndet. Der urspr\u00fcngliche Name des Gebiets war \u201eMaghellan\u201c, abgeleitet vom gallischen Wort \u201emagh\u201c, was fruchtbaren Boden bedeutet, und \u201eEllan\u201c, vom M\u00f6nch St. Fillan \u2013 der eine enge Verbindung mit der Kirche unterhielt, die auf dem Gel\u00e4nde stand Das Macallan Estate produzierte bis ins 14. Jahrhundert hinein auf seinen Speyside-Farmen in der Gegend Whisky und verwendete dabei in den ruhigeren Wintermonaten \u00fcbersch\u00fcssige Gerste.<\/p>\n<p>Der Ruf von Macallan basiert auf einem Produkt von ausgezeichneter Qualit\u00e4t und unverwechselbarem Charakter, basierend auf einer Reihe von Leitprinzipien. Vom Ort bis zum Prozess, von den Menschen bis zur Leidenschaft \u2013 die sechs S\u00e4ulen bilden die Kulisse f\u00fcr den einzigartigen Geist von The Macallan.<\/p>\n<p>Unser Ruf f\u00fcr Au\u00dfergew\u00f6hnliches wird durch die au\u00dfergew\u00f6hnlichen Eichenf\u00e4sser gepr\u00e4gt, f\u00fcr die Macallan bekannt ist. Die handverlesenen F\u00e4sser werden unter dem wachsamen Auge des Macallan Wood Master beschafft, verarbeitet, ger\u00f6stet und gew\u00fcrzt und nach den genauen Vorgaben des Macallan Whiskey Mastery Teams geliefert. Bei jedem Ausdruck von The Macallan h\u00e4ngt die Qualit\u00e4t des Whiskys weitgehend von der Qualit\u00e4t der Eichenf\u00e4sser ab, in denen er reift, sowie von der Qualit\u00e4t unseres aus Wasser, Hefe und Gerste destillierten Spiritus der \u201eneuen Marke\u201c. Da bis zu 801 TP3T des endg\u00fcltigen Charakters und Geschmacks von Macallan von der Fassqualit\u00e4t bestimmt werden, ist das Eichenfass der wichtigste Faktor bei der Gew\u00e4hrleistung und Bereitstellung der Qualit\u00e4t und des Stils unseres Single Malts.<\/p>\n<p>Alle unsere Whiskys erhalten 100% ihrer Farbe aus dem Holz, in dem sie gereift sind. Da Holz ein Naturprodukt ist, ist jeder Baum anders und verleiht dem Whisky w\u00e4hrend der Reifung unterschiedliche Aromen und Farben. Das K\u00f6nnen der Whiskyhersteller stellt sicher, dass die Farbe von Abf\u00fcllung zu Abf\u00fcllung so gleichm\u00e4\u00dfig wie m\u00f6glich ist, und zwar durch die Verwaltung und Auswahl von F\u00e4ssern, die das nat\u00fcrliche Farbspektrum bieten, das f\u00fcr Macallan Single Malt unerl\u00e4sslich ist.<\/p>\n<p>Macallan arbeitet eng mit vollst\u00e4ndig integrierten Unternehmen in Spanien zusammen, die \u201evom Baum bis zum fertigen, gelagerten Fass\u201c produzieren. Um die Eichen in den W\u00e4ldern Nordspaniens zu identifizieren, wurden die B\u00e4ume gef\u00e4llt, ges\u00e4gt und getrocknet, bevor sie zur weiteren Lufttrocknung nach S\u00fcden geschickt wurden, um die Feuchtigkeit weiter zu reduzieren. Anschlie\u00dfend werden die F\u00e4sser 18 Monate lang gelagert, bevor sie nach Schottland reisen, wo sie mit dem Geist der \u201eneuen Marke\u201c The Macallan gef\u00fcllt werden.<\/p>","protected":false},"excerpt":{"rendered":"<p>A segunda edi\u00e7\u00e3o de nossa s\u00e9rie limitada de lan\u00e7amentos anuais, este single malt especial exala sabores de carvalho doce, tiramisu e chocolate amargo, e oferece uma deliciosa experi\u00eancia de combina\u00e7\u00e3o de u\u00edsque e caf\u00e9.<\/p>\n<p>O segundo lan\u00e7amento da s\u00e9rie anual limitada continua a se inspirar em nossa conex\u00e3o profundamente enraizada com o mundo natural.\u00a0Cada lan\u00e7amento da cole\u00e7\u00e3o revela embalagens diferenciadas que incorporam subprodutos org\u00e2nicos e lhes d\u00e3o uma nova vida.<\/p>\n<p>Este single malt especial \u00e9 inspirado no feij\u00e3o ar\u00e1bica et\u00edope.\u00a0A Eti\u00f3pia \u00e9 considerada o ber\u00e7o do caf\u00e9, pois o gr\u00e3o ar\u00e1bica foi a primeira esp\u00e9cie de caf\u00e9 a ser cultivada.<\/p>\n<p>Com um sabor distinto de caf\u00e9, este whisky exala notas de caf\u00e9 expresso, chocolate preto e carvalho doce.\u00a0O single malt de sabor intenso convida voc\u00ea a mergulhar em uma jornada sensorial atrav\u00e9s do sabor e do aroma.<\/p>\n<p>The Harmony Collection \u00e9 uma s\u00e9rie limitada de lan\u00e7amentos anuais inspirada em nossa curiosidade inerente e nossa mentalidade inovadora e criativa.\u00a0O fabricante de u\u00edsque Macallan, Steven Bremner, organizou uma masterclass com mestres de caf\u00e9 de renome mundial para explorar o processo do campo \u00e0 x\u00edcara.<\/p>\n<p>Descubra The Harmony Collection Inspirada no ritual de whisky e caf\u00e9 Intense Ar\u00e1bica para a experi\u00eancia multissensorial ideal com esta express\u00e3o.<\/p>","protected":false},"featured_media":16713,"template":"","meta":{"_exactmetrics_skip_tracking":false,"_exactmetrics_sitenote_active":false,"_exactmetrics_sitenote_note":"","_exactmetrics_sitenote_category":0,"_uf_show_specific_survey":0,"_uf_disable_surveys":false,"iawp_total_views":31},"product_brand":[],"product_cat":[158,162,179],"product_tag":[],"class_list":{"0":"post-16712","1":"product","2":"type-product","3":"status-publish","4":"has-post-thumbnail","6":"product_cat-espirituosos","7":"product_cat-raridades","8":"product_cat-whisky","10":"first","11":"instock","12":"shipping-taxable","13":"purchasable","14":"product-type-simple"},"_links":{"self":[{"href":"https:\/\/bracaravinum.pt\/de\/wp-json\/wp\/v2\/product\/16712","targetHints":{"allow":["GET"]}}],"collection":[{"href":"https:\/\/bracaravinum.pt\/de\/wp-json\/wp\/v2\/product"}],"about":[{"href":"https:\/\/bracaravinum.pt\/de\/wp-json\/wp\/v2\/types\/product"}],"wp:featuredmedia":[{"embeddable":true,"href":"https:\/\/bracaravinum.pt\/de\/wp-json\/wp\/v2\/media\/16713"}],"wp:attachment":[{"href":"https:\/\/bracaravinum.pt\/de\/wp-json\/wp\/v2\/media?parent=16712"}],"wp:term":[{"taxonomy":"product_brand","embeddable":true,"href":"https:\/\/bracaravinum.pt\/de\/wp-json\/wp\/v2\/product_brand?post=16712"},{"taxonomy":"product_cat","embeddable":true,"href":"https:\/\/bracaravinum.pt\/de\/wp-json\/wp\/v2\/product_cat?post=16712"},{"taxonomy":"product_tag","embeddable":true,"href":"https:\/\/bracaravinum.pt\/de\/wp-json\/wp\/v2\/product_tag?post=16712"}],"curies":[{"name":"wp","href":"https:\/\/api.w.org\/{rel}","templated":true}]}}