{"id":16642,"date":"2022-10-31T17:24:36","date_gmt":"2022-10-31T17:24:36","guid":{"rendered":"https:\/\/bracaravinum.pt\/?post_type=product&#038;p=16642"},"modified":"2024-08-21T17:00:00","modified_gmt":"2024-08-21T17:00:00","slug":"casa-de-saima-baga-garrafeira-tinto-2015-75cl","status":"publish","type":"product","link":"https:\/\/bracaravinum.pt\/de\/produto\/casa-de-saima-baga-garrafeira-tinto-2015-75cl\/","title":{"rendered":"Casa de Saima Baga Garrafeira Tinto 2016 75cl"},"content":{"rendered":"<p><img decoding=\"async\" class=\"size-medium wp-image-16638 aligncenter\" src=\"http:\/\/bracaravinum.pt\/wp-content\/uploads\/2022\/10\/saima_600x600-300x146.webp\" alt=\"\" width=\"300\" height=\"146\" srcset=\"https:\/\/bracaravinum.pt\/wp-content\/uploads\/2022\/10\/saima_600x600-300x146.webp 300w, https:\/\/bracaravinum.pt\/wp-content\/uploads\/2022\/10\/saima_600x600-18x9.webp 18w, https:\/\/bracaravinum.pt\/wp-content\/uploads\/2022\/10\/saima_600x600.webp 550w\" sizes=\"(max-width: 300px) 100vw, 300px\" \/><\/p>\n<p>Casa de Saima liegt im Herzen der abgegrenzten Region Bairrada und ist einer der beliebtesten Produzenten von Bairrada, der sich seit mehr als einem halben Jahrhundert mit der Herstellung von Qualit\u00e4tsweinen besch\u00e4ftigt. Eine Familienleidenschaft, die von Generation zu Generation weitergegeben wird. Sie werden von der Suche nach authentischen Weinen angetrieben, die auf m\u00f6glichst nat\u00fcrliche Weise durch minimale und sorgf\u00e4ltige Eingriffe hergestellt werden, mit der Zeit und Geduld, die die Natur ben\u00f6tigt, um uns ihr Bestes zu bieten.<\/p>\n<p>Als Produzenten und Liebhaber portugiesischer Weine ist es unsere Mission, den Geschmack f\u00fcr Weine aus der Region Bairrada auf der ganzen Welt zu f\u00f6rdern und das Beste, was wir in Portugal haben, auf differenzierte und innovative Weise anzubieten und dabei unser Erbe und unsere Tradition zu respektieren.<\/p>","protected":false},"excerpt":{"rendered":"<p>O Casa de Saima Garrafeira \u00e9 produzido a partir da casta Baga, oriunda de vinhas muito velhas (com cerca de 80 anos) plantadas em solos areno-argilosos.<\/p>\n<p>As uvas s\u00e3o fermentadas em lagares abertos, de pequena dimens\u00e3o, com submers\u00e3o peri\u00f3dica das pel\u00edculas visando uma maior extrac\u00e7\u00e3o de cor e compostos \u00fateis. Este vinho estagia durante 24 meses em toneis de madeira e 1 ano em garrafa.<\/p>\n<p>Trata-se de um vinho elegante com notas de frutos vermelhos bem maduros de elevado requinte. Macio e aveludado com taninos muito civilizados, apresenta um final longo, completo e aut\u00eantico segundo a sua nobre tradi\u00e7\u00e3o.<\/p>","protected":false},"featured_media":16643,"template":"","meta":{"_exactmetrics_skip_tracking":false,"_exactmetrics_sitenote_active":false,"_exactmetrics_sitenote_note":"","_exactmetrics_sitenote_category":0,"_uf_show_specific_survey":0,"_uf_disable_surveys":false,"iawp_total_views":54},"product_brand":[],"product_cat":[208,201,184,157],"product_tag":[],"class_list":{"0":"post-16642","1":"product","2":"type-product","3":"status-publish","4":"has-post-thumbnail","6":"product_cat-bairrada","7":"product_cat-grandes-vinhos","8":"product_cat-tinto","9":"product_cat-vinhos","11":"first","12":"instock","13":"shipping-taxable","14":"purchasable","15":"product-type-simple"},"_links":{"self":[{"href":"https:\/\/bracaravinum.pt\/de\/wp-json\/wp\/v2\/product\/16642","targetHints":{"allow":["GET"]}}],"collection":[{"href":"https:\/\/bracaravinum.pt\/de\/wp-json\/wp\/v2\/product"}],"about":[{"href":"https:\/\/bracaravinum.pt\/de\/wp-json\/wp\/v2\/types\/product"}],"wp:featuredmedia":[{"embeddable":true,"href":"https:\/\/bracaravinum.pt\/de\/wp-json\/wp\/v2\/media\/16643"}],"wp:attachment":[{"href":"https:\/\/bracaravinum.pt\/de\/wp-json\/wp\/v2\/media?parent=16642"}],"wp:term":[{"taxonomy":"product_brand","embeddable":true,"href":"https:\/\/bracaravinum.pt\/de\/wp-json\/wp\/v2\/product_brand?post=16642"},{"taxonomy":"product_cat","embeddable":true,"href":"https:\/\/bracaravinum.pt\/de\/wp-json\/wp\/v2\/product_cat?post=16642"},{"taxonomy":"product_tag","embeddable":true,"href":"https:\/\/bracaravinum.pt\/de\/wp-json\/wp\/v2\/product_tag?post=16642"}],"curies":[{"name":"wp","href":"https:\/\/api.w.org\/{rel}","templated":true}]}}