{"id":16618,"date":"2022-10-27T18:00:27","date_gmt":"2022-10-27T18:00:27","guid":{"rendered":"https:\/\/bracaravinum.pt\/?post_type=product&#038;p=16618"},"modified":"2024-02-23T10:57:20","modified_gmt":"2024-02-23T10:57:20","slug":"graca-28-reserve-rot-2019-75cl","status":"publish","type":"product","link":"https:\/\/bracaravinum.pt\/de\/produkt\/graca-28-reserve-rot-2019-75cl\/","title":{"rendered":"Gra\u00e7a 28 Reserva Red 2021 75cl"},"content":{"rendered":"","protected":false},"excerpt":{"rendered":"<p>Ernstes und tiefes Profil in Aroma und Geschmack, mit trockenem Busch, reifen schwarzen Fr\u00fcchten und s\u00fc\u00dfen Gew\u00fcrzen. Mittelkr\u00e4ftig und mit weichen Tanninen, dicht, die Frucht bleibt im Mund und verleiht dem saftigen Abgang Mentholnoten.<\/p>","protected":false},"featured_media":16619,"template":"","meta":{"_exactmetrics_skip_tracking":false,"_exactmetrics_sitenote_active":false,"_exactmetrics_sitenote_note":"","_exactmetrics_sitenote_category":0,"_uf_show_specific_survey":0,"_uf_disable_surveys":false,"iawp_total_views":271},"product_brand":[],"product_cat":[157,184,215],"product_tag":[],"class_list":{"0":"post-16618","1":"product","2":"type-product","3":"status-publish","4":"has-post-thumbnail","6":"product_cat-vinhos","7":"product_cat-tinto","8":"product_cat-douro","10":"first","11":"instock","12":"shipping-taxable","13":"purchasable","14":"product-type-simple"},"_links":{"self":[{"href":"https:\/\/bracaravinum.pt\/de\/wp-json\/wp\/v2\/product\/16618","targetHints":{"allow":["GET"]}}],"collection":[{"href":"https:\/\/bracaravinum.pt\/de\/wp-json\/wp\/v2\/product"}],"about":[{"href":"https:\/\/bracaravinum.pt\/de\/wp-json\/wp\/v2\/types\/product"}],"wp:featuredmedia":[{"embeddable":true,"href":"https:\/\/bracaravinum.pt\/de\/wp-json\/wp\/v2\/media\/16619"}],"wp:attachment":[{"href":"https:\/\/bracaravinum.pt\/de\/wp-json\/wp\/v2\/media?parent=16618"}],"wp:term":[{"taxonomy":"product_brand","embeddable":true,"href":"https:\/\/bracaravinum.pt\/de\/wp-json\/wp\/v2\/product_brand?post=16618"},{"taxonomy":"product_cat","embeddable":true,"href":"https:\/\/bracaravinum.pt\/de\/wp-json\/wp\/v2\/product_cat?post=16618"},{"taxonomy":"product_tag","embeddable":true,"href":"https:\/\/bracaravinum.pt\/de\/wp-json\/wp\/v2\/product_tag?post=16618"}],"curies":[{"name":"wp","href":"https:\/\/api.w.org\/{rel}","templated":true}]}}