{"id":16595,"date":"2022-10-24T15:11:02","date_gmt":"2022-10-24T15:11:02","guid":{"rendered":"https:\/\/bracaravinum.pt\/?post_type=product&#038;p=16595"},"modified":"2025-10-08T11:19:05","modified_gmt":"2025-10-08T11:19:05","slug":"senhor-doutor-field-blend-2021-75cl","status":"publish","type":"product","link":"https:\/\/bracaravinum.pt\/de\/produto\/senhor-doutor-field-blend-2021-75cl\/","title":{"rendered":"Senhor Doutor Field Blend Branco 2023 75cl"},"content":{"rendered":"<p><img fetchpriority=\"high\" decoding=\"async\" class=\"size-medium wp-image-15273 aligncenter\" src=\"http:\/\/bracaravinum.pt\/wp-content\/uploads\/2022\/02\/Herdade-da-maroteira-logo-300x300.png\" alt=\"\" width=\"300\" height=\"300\" srcset=\"https:\/\/bracaravinum.pt\/wp-content\/uploads\/2022\/02\/Herdade-da-maroteira-logo-300x300.png 300w, https:\/\/bracaravinum.pt\/wp-content\/uploads\/2022\/02\/Herdade-da-maroteira-logo-150x150.png 150w, https:\/\/bracaravinum.pt\/wp-content\/uploads\/2022\/02\/Herdade-da-maroteira-logo-100x100.png 100w, https:\/\/bracaravinum.pt\/wp-content\/uploads\/2022\/02\/Herdade-da-maroteira-logo.png 600w\" sizes=\"(max-width: 300px) 100vw, 300px\" \/><\/p>\n<p>&nbsp;<\/p>\n<div class=\"wpb_text_column wpb_content_element\">\n<div class=\"wpb_wrapper\">\n<p>Herdade da Maroteira liegt am Fu\u00dfe der Serra D&#039;Ossa, nur 35 km n\u00f6rdlich von \u00c9vora, und ist ein 540 Hektar gro\u00dfes Anwesen, das seit f\u00fcnf Generationen, also seit Mitte des 19. Jahrhunderts, derselben anglo-portugiesischen Familie geh\u00f6rt. Damals investierte Robert Reynolds in den Alentejo-Korkeichenwald, um den Bedarf der Portweinindustrie im Norden Portugals zu decken.<\/p>\n<\/div>\n<\/div>\n<div class=\"wpb_text_column wpb_content_element\">\n<div class=\"wpb_wrapper\">\n<p>Rund 150 Jahre lang produzierte das Anwesen neben Kork haupts\u00e4chlich Vieh und einige Oliven. Im Jahr 2000 revolutionierte Philip Mollet, der derzeitige Eigent\u00fcmer und Manager, die Strategie der Farm und pflanzte Weinberge. Die gew\u00e4hlte Rebsorte Syrah erwies sich in Form des weltweit gefeierten Weins Cem Reis als gro\u00dfer Erfolg. Sp\u00e4ter entstand durch die Bepflanzung der Weinberge Alicante Bouschet, Aragon\u00eaz und Touriga Nacional in einem offenen Tal eine bezaubernde Auswahl an Rot-, Wei\u00df- und Ros\u00e9weinen.<\/p>\n<\/div>\n<\/div>\n<div class=\"wpb_text_column wpb_content_element\">\n<div class=\"wpb_wrapper\">\n<p>Im Jahr 2004 war der Agrotourismus (l\u00e4ndlicher Tourismus) die nat\u00fcrliche Weiterentwicklung des Bauernhofs, ideal zum Entspannen in einer historischen Gegend mit wundersch\u00f6nen Landschaften im Alentejo, Portugal. Dies ist die perfekte Umgebung f\u00fcr ein gem\u00fctliches Abenteuer durch den Korkwald, bei dem Sie sich auf die unglaubliche Welt des Korkeichs konzentrieren, bei einer Jeepfahrt oder beim Wandern \u2026 und auf die Beobachtung von V\u00f6geln (Birdwatching) oder Sternenbeobachtungen (Stargazing). Um ihn herum k\u00f6nnen typische saisonale landwirtschaftliche Aktivit\u00e4ten stattfinden: manuelle Korkgewinnung (Mai\/Juni), Ernte, L\u00e4mmerzucht und Schafschur, Olivenernte. Im Herbst und Winter kommen aus Spanien schwarze Schweine (aus denen Schinken hergestellt wird), die sich frei bewegen und sich von Eicheln ern\u00e4hren.<\/p>\n<\/div>\n<\/div>","protected":false},"excerpt":{"rendered":"<p>&nbsp; Situada no sop\u00e9 da Serra D\u2019Ossa, a apenas 35km a norte de \u00c9vora, a Herdade da Maroteira \u00e9 uma propriedade de 540ha que pertence \u00e0 mesma fam\u00edlia anglo-portuguesa h\u00e1 5 gera\u00e7\u00f5es, desde meados do s\u00e9culo XIX. Nessa altura, Robert Reynolds investiu no montado de sobro alentejano para satisfazer as necessidades da ind\u00fastria do Vinho [&hellip;]<\/p>\n","protected":false},"featured_media":16596,"template":"","meta":{"_exactmetrics_skip_tracking":false,"_exactmetrics_sitenote_active":false,"_exactmetrics_sitenote_note":"","_exactmetrics_sitenote_category":0,"_uf_show_specific_survey":0,"_uf_disable_surveys":false,"iawp_total_views":18},"product_brand":[],"product_cat":[189,185,157],"product_tag":[],"class_list":{"0":"post-16595","1":"product","2":"type-product","3":"status-publish","4":"has-post-thumbnail","6":"product_cat-alentejo-branco","7":"product_cat-branco","8":"product_cat-vinhos","10":"first","11":"instock","12":"shipping-taxable","13":"purchasable","14":"product-type-simple"},"_links":{"self":[{"href":"https:\/\/bracaravinum.pt\/de\/wp-json\/wp\/v2\/product\/16595","targetHints":{"allow":["GET"]}}],"collection":[{"href":"https:\/\/bracaravinum.pt\/de\/wp-json\/wp\/v2\/product"}],"about":[{"href":"https:\/\/bracaravinum.pt\/de\/wp-json\/wp\/v2\/types\/product"}],"wp:featuredmedia":[{"embeddable":true,"href":"https:\/\/bracaravinum.pt\/de\/wp-json\/wp\/v2\/media\/16596"}],"wp:attachment":[{"href":"https:\/\/bracaravinum.pt\/de\/wp-json\/wp\/v2\/media?parent=16595"}],"wp:term":[{"taxonomy":"product_brand","embeddable":true,"href":"https:\/\/bracaravinum.pt\/de\/wp-json\/wp\/v2\/product_brand?post=16595"},{"taxonomy":"product_cat","embeddable":true,"href":"https:\/\/bracaravinum.pt\/de\/wp-json\/wp\/v2\/product_cat?post=16595"},{"taxonomy":"product_tag","embeddable":true,"href":"https:\/\/bracaravinum.pt\/de\/wp-json\/wp\/v2\/product_tag?post=16595"}],"curies":[{"name":"wp","href":"https:\/\/api.w.org\/{rel}","templated":true}]}}