{"id":16300,"date":"2022-07-20T17:14:00","date_gmt":"2022-07-20T17:14:00","guid":{"rendered":"https:\/\/bracaravinum.pt\/?post_type=product&#038;p=16300"},"modified":"2025-11-11T18:45:31","modified_gmt":"2025-11-11T18:45:31","slug":"ginja-de-obidos-oppidum-20cl","status":"publish","type":"product","link":"https:\/\/bracaravinum.pt\/de\/produkt\/ginja-de-obidos-oppidum-20cl\/","title":{"rendered":"Sauerkirsche aus \u00d3bidos Oppidum 20cl"},"content":{"rendered":"<div class=\"dt-sc-title script-with-sub-title aligncenter animated fadeInDown\">\n<p><img decoding=\"async\" class=\"size-full wp-image-16302 aligncenter\" src=\"http:\/\/bracaravinum.pt\/wp-content\/uploads\/2022\/07\/oppidum-logo.png\" alt=\"\" width=\"226\" height=\"85\" srcset=\"https:\/\/bracaravinum.pt\/wp-content\/uploads\/2022\/07\/oppidum-logo.png 226w, https:\/\/bracaravinum.pt\/wp-content\/uploads\/2022\/07\/oppidum-logo-18x7.png 18w\" sizes=\"(max-width: 226px) 100vw, 226px\" \/><\/p>\n<p>OPPIDUM<\/p>\n<p>Rot seit 1987<\/p>\n<p>Es ist kein Gold. Es ist purpurrot.<\/p>\n<\/div>\n<div class=\"wpb_text_column wpb_content_element aligncenter animated fadeInDown\">\n<div class=\"wpb_wrapper\">\n<p>Als Herr D\u00e1rio beschloss, die Kunst seines Vaters weiterzuf\u00fchren, wollte er nicht nur, dass sie Fr\u00fcchte trug. Fr\u00fchere Generationen k\u00fcmmerten sich darum und verkauften die lokale Produktion von Sauerkirschen, die f\u00fcr ihre einzigartige Qualit\u00e4t ber\u00fchmt sind, um die renommiertesten Lik\u00f6rproduzenten zu beliefern, die (noch heute) in Lissabon und Alcoba\u00e7a ans\u00e4ssig sind. Ich wollte sie in ein edles Produkt verwandeln, weit \u00fcber dem Durchschnitt, ohne unn\u00f6tige Zus\u00e4tze und Frivolit\u00e4ten, die f\u00fcr die Zeit typisch waren, als k\u00fcnstliche Farbstoffe einen Mehrwert darstellten, der stolz in einem goldenen Siegel auf allem auf dem Etikett zur Schau gestellt wurde.<\/p>\n<p>Es handelte sich um Wissen, das durch m\u00fcndliche \u00dcberlieferung weitergegeben wurde. Es war eine brennende Leidenschaft f\u00fcr das Land und alles, was es umgibt. Es war der Wunsch, eine ganz eigene Kultur in den Rubint\u00f6nen des besten Sauerkirschlik\u00f6rs widerspiegeln zu sehen. Auf diesem Bergr\u00fccken mit Blick auf die Lagune von \u00d3bidos findet ein ganzer Westen Platz. Und es schmeckt wie das Portugal anderer Zeiten.<\/p>\n<p>Oppidum wurde 1987 mit der gebotenen Bescheidenheit geboren. Es wuchs nicht mit dem Wunsch nach Gr\u00f6\u00dfe, sondern vielmehr mit der Verfeinerung des Gaumens eines Publikums, dessen Anspr\u00fcche im Einklang mit einem immer umfangreicheren Angebot wachsen. Aber wo die Einzigartigkeit schwindet. Dies wird immer das Oppidum-Emblem bleiben. Das Beste vom Besten. Es ist kein Gold. Es ist purpurrot.<\/p>\n<\/div>\n<\/div>","protected":false},"excerpt":{"rendered":"<p>Oppidus oder Oppidum ist der lateinische Begriff, der eine befestigte Stadt oder Zitadelle bezeichnet. Paradoxerweise sind die Mauern, die \u00d3bidos umgeben, dieselben, die so viele Liebhaber anziehen. Und wenn der gesamte Westen dort Platz finden k\u00f6nnte, ist dies andererseits sein gr\u00f6\u00dftes Symbol. Obids Erbe endet nicht mit seiner Burg. Es gibt einen einzigartigen Glanz, der in einer Kultur erstrahlt, die sehr einzigartig ist. Der traditionell l\u00e4ndlich gepr\u00e4gte Westen ist das ultimative Portugal anderer Zeiten, mit den tiefsten Wurzeln, die sich auf Geschichte und Tradition st\u00fctzen und dem Gestalt geben, was wir uns als Portugal einst vorstellen. Es gibt eine Art Leidenschaft, die mit der Zeit verloren gegangen ist und in diesen Gegenden wiederentdeckt wird. Es gibt eine gr\u00f6\u00dfere Liebe, die neu gelernt werden muss. \u00d3bidos ist nur eine Ausrede. Aber es funkelt wie kein anderer Ort.<\/p>","protected":false},"featured_media":19093,"template":"","meta":{"_exactmetrics_skip_tracking":false,"_exactmetrics_sitenote_active":false,"_exactmetrics_sitenote_note":"","_exactmetrics_sitenote_category":0,"_uf_show_specific_survey":0,"_uf_disable_surveys":false,"iawp_total_views":5},"product_brand":[],"product_cat":[161],"product_tag":[],"class_list":{"0":"post-16300","1":"product","2":"type-product","3":"status-publish","4":"has-post-thumbnail","6":"product_cat-licores","8":"first","9":"instock","10":"shipping-taxable","11":"purchasable","12":"product-type-simple"},"_links":{"self":[{"href":"https:\/\/bracaravinum.pt\/de\/wp-json\/wp\/v2\/product\/16300","targetHints":{"allow":["GET"]}}],"collection":[{"href":"https:\/\/bracaravinum.pt\/de\/wp-json\/wp\/v2\/product"}],"about":[{"href":"https:\/\/bracaravinum.pt\/de\/wp-json\/wp\/v2\/types\/product"}],"wp:featuredmedia":[{"embeddable":true,"href":"https:\/\/bracaravinum.pt\/de\/wp-json\/wp\/v2\/media\/19093"}],"wp:attachment":[{"href":"https:\/\/bracaravinum.pt\/de\/wp-json\/wp\/v2\/media?parent=16300"}],"wp:term":[{"taxonomy":"product_brand","embeddable":true,"href":"https:\/\/bracaravinum.pt\/de\/wp-json\/wp\/v2\/product_brand?post=16300"},{"taxonomy":"product_cat","embeddable":true,"href":"https:\/\/bracaravinum.pt\/de\/wp-json\/wp\/v2\/product_cat?post=16300"},{"taxonomy":"product_tag","embeddable":true,"href":"https:\/\/bracaravinum.pt\/de\/wp-json\/wp\/v2\/product_tag?post=16300"}],"curies":[{"name":"wp","href":"https:\/\/api.w.org\/{rel}","templated":true}]}}