{"id":15785,"date":"2022-03-21T19:58:46","date_gmt":"2022-03-21T19:58:46","guid":{"rendered":"https:\/\/bracaravinum.pt\/?post_type=product&#038;p=15785"},"modified":"2025-08-08T16:15:50","modified_gmt":"2025-08-08T16:15:50","slug":"rum-plantation-jamaica-2001-70cl","status":"publish","type":"product","link":"https:\/\/bracaravinum.pt\/de\/produkt\/rum-plantation-jamaica-2001-70cl\/","title":{"rendered":"Rum Plantation Xaymaca Special Dry 70cl"},"content":{"rendered":"<p><img decoding=\"async\" class=\"size-medium wp-image-15362 aligncenter\" src=\"http:\/\/bracaravinum.pt\/wp-content\/uploads\/2022\/02\/Plantation-logo-300x158.jpg\" alt=\"\" width=\"300\" height=\"158\" srcset=\"https:\/\/bracaravinum.pt\/wp-content\/uploads\/2022\/02\/Plantation-logo-300x158.jpg 300w, https:\/\/bracaravinum.pt\/wp-content\/uploads\/2022\/02\/Plantation-logo-1024x538.jpg 1024w, https:\/\/bracaravinum.pt\/wp-content\/uploads\/2022\/02\/Plantation-logo-768x403.jpg 768w, https:\/\/bracaravinum.pt\/wp-content\/uploads\/2022\/02\/Plantation-logo-1536x807.jpg 1536w, https:\/\/bracaravinum.pt\/wp-content\/uploads\/2022\/02\/Plantation-logo-600x315.jpg 600w, https:\/\/bracaravinum.pt\/wp-content\/uploads\/2022\/02\/Plantation-logo.jpg 1632w\" sizes=\"(max-width: 300px) 100vw, 300px\" \/><\/p>\n<p class=\"\">Alexandre Gabriel ist ein leidenschaftlicher, neugieriger und raffinierter Geschmack f\u00fcr Sch\u00f6nheit und ein unerm\u00fcdlicher Gesch\u00e4ftsmann auf der Suche nach Perfektion. Als handwerklicher Unternehmer liefert er das beste Produkt, indem er die fortschrittlichsten und pr\u00e4zisesten Produktionsmethoden anwendet. Er wei\u00df, dass ein gro\u00dfartiger Cognac, ein erstklassiger Rum vor allem ein starkes Gef\u00fchl ist, das man teilen kann. Alexandre Gabriel wendet die Disziplin und Leidenschaft antiker Kunsthandwerker, Kunsthandwerker und Goldschmiede auf seinen Rum und Cognac an.<\/p>\n<p class=\"\">1989 entdeckte Alexander Gabriel Maison Ferrand, eine der \u00e4ltesten spirituellen Marken in der Cognac-Region. Der Ruf des Hauses ist unbestreitbar, doch der Verkauf verz\u00f6gert sich. Eine sofortige Sensation macht sich breit und Alexandre Gabriel taucht mit \u00dcberschwang in die Details und die Kunst der Cognac-Herstellung ein.<\/p>\n<p id=\"yui_3_17_2_1_1594916318928_189\" class=\"\"><span id=\"yui_3_17_2_1_1594916318928_191\"><span id=\"yui_3_17_2_1_1594916318928_193\">Reisen folgt der Leidenschaft und schon bald baut Alexandre Gabriel ein engagiertes Vertriebsnetz aus ebenso leidenschaftlichen Partnern auf. <\/span><span id=\"yui_3_17_2_1_1594916318928_196\">Es st\u00e4rkt Ihre Werte und Ihre Vision f\u00fcr das Haus. <\/span><span id=\"yui_3_17_2_1_1594916318928_199\">Zwanzig Jahre sp\u00e4ter sind die meisten Mitglieder des Gr\u00fcnderteams immer noch zusammen.\u00a0<\/span><\/span><\/p>\n<p id=\"yui_3_17_2_1_1594916318928_202\" class=\"\"><span id=\"yui_3_17_2_1_1594916318928_204\"><span id=\"yui_3_17_2_1_1594916318928_206\">In den 90er Jahren durchstreifte Alexandre Gabriel die Karibik auf der Suche nach den besten Rumsorten der Region. <\/span><span id=\"yui_3_17_2_1_1594916318928_209\">Die Plantage ist geboren: eine handwerklich hergestellte Rumsorte aus den gro\u00dfen Terroirs der Tropen. <\/span><span id=\"yui_3_17_2_1_1594916318928_212\">F\u00fcnfzehn Jahre sp\u00e4ter, 2012, widmete er sich der Rumherstellung und erhielt bei den Golden Rum Barrel Awards die Auszeichnung \u201eMaster Rum Blender of the Year\u201c und wurde vom American Distilling Institute zum Distiller des Jahres gek\u00fcrt.<\/span><\/span><\/p>\n<p id=\"yui_3_17_2_1_1594916318928_215\" class=\"\"><span id=\"yui_3_17_2_1_1594916318928_217\"><span id=\"yui_3_17_2_1_1594916318928_219\">Heute hat Alexandre Gabriel, Pr\u00e4sident und Eigent\u00fcmer von Maison Ferrand, in der gesamten Kategorie und Branche Auszeichnungen erhalten. <\/span><span id=\"yui_3_17_2_1_1594916318928_222\">Konzentrieren Sie sich auf drei Hauptspirituosen, die die Leidenschaft und Vision von Maison Ferrand repr\u00e4sentieren: Ferrand Cognac, Citadelle Gin und Plantation Rum: authentische Spirituosen, die die individuellen Terroirs zum Ausdruck bringen, die sie geschaffen haben.<\/span><\/span><\/p>","protected":false},"excerpt":{"rendered":"<div class=\"woocommerce-product-details__short-description\">\n<p>Com o Xaymaca Special Dry, a Plantation revive o estilo jamaicano dos runs 100% alambique de cobre do s\u00e9culo XIX com uma express\u00e3o de sabores intensos que revelam o tradicional, lend\u00e1rio \u201cRum Funk\u201d: aromas e sabores de banana preta e anan\u00e1s flambado, localmente chamado \u201cHogo\u201d, uma angliciza\u00e7\u00e3o do termo franc\u00eas \u201cHaut Go\u00fbt\u201d (alto sabor).<\/p>\n<p>Aroma: Muito complexo, ligeiramente fumado com acumula\u00e7\u00e3o de notas frutadas, herbais e azedas. A seguir vem a baunilha, com banana cozida, casca de laranja amarga e anan\u00e1s maduro.<br \/>\nPalato: Seco, com um perfil mais floral e frutado de \u00e1gua de rosas, p\u00eara, uva branca, damasco e anan\u00e1s. Em seguida, emerge leite de coco, b\u00e1lsamo, especiarias, p\u00e3o e nozes.<\/p>\n<\/div>\n<div class=\"capacity-volume-indicator-container\">43.0%<\/div>","protected":false},"featured_media":19935,"template":"","meta":{"_exactmetrics_skip_tracking":false,"_exactmetrics_sitenote_active":false,"_exactmetrics_sitenote_note":"","_exactmetrics_sitenote_category":0,"_uf_show_specific_survey":0,"_uf_disable_surveys":false,"iawp_total_views":10},"product_brand":[],"product_cat":[158,198],"product_tag":[],"class_list":{"0":"post-15785","1":"product","2":"type-product","3":"status-publish","4":"has-post-thumbnail","6":"product_cat-espirituosos","7":"product_cat-rum","9":"first","10":"instock","11":"shipping-taxable","12":"purchasable","13":"product-type-simple"},"_links":{"self":[{"href":"https:\/\/bracaravinum.pt\/de\/wp-json\/wp\/v2\/product\/15785","targetHints":{"allow":["GET"]}}],"collection":[{"href":"https:\/\/bracaravinum.pt\/de\/wp-json\/wp\/v2\/product"}],"about":[{"href":"https:\/\/bracaravinum.pt\/de\/wp-json\/wp\/v2\/types\/product"}],"wp:featuredmedia":[{"embeddable":true,"href":"https:\/\/bracaravinum.pt\/de\/wp-json\/wp\/v2\/media\/19935"}],"wp:attachment":[{"href":"https:\/\/bracaravinum.pt\/de\/wp-json\/wp\/v2\/media?parent=15785"}],"wp:term":[{"taxonomy":"product_brand","embeddable":true,"href":"https:\/\/bracaravinum.pt\/de\/wp-json\/wp\/v2\/product_brand?post=15785"},{"taxonomy":"product_cat","embeddable":true,"href":"https:\/\/bracaravinum.pt\/de\/wp-json\/wp\/v2\/product_cat?post=15785"},{"taxonomy":"product_tag","embeddable":true,"href":"https:\/\/bracaravinum.pt\/de\/wp-json\/wp\/v2\/product_tag?post=15785"}],"curies":[{"name":"wp","href":"https:\/\/api.w.org\/{rel}","templated":true}]}}