{"id":14784,"date":"2022-01-15T10:06:49","date_gmt":"2022-01-15T10:06:49","guid":{"rendered":"http:\/\/bracaravinum.pt\/?post_type=product&#038;p=14784"},"modified":"2023-10-19T08:50:05","modified_gmt":"2023-10-19T08:50:05","slug":"porto-barros-colheita-1994-75cl","status":"publish","type":"product","link":"https:\/\/bracaravinum.pt\/de\/produkt\/porto-barros-colheita-1994-75cl\/","title":{"rendered":"Porto Barros Colheita 1991 75cl"},"content":{"rendered":"<p><img decoding=\"async\" class=\"size-full wp-image-15174 aligncenter\" src=\"http:\/\/bracaravinum.pt\/wp-content\/uploads\/2022\/02\/barros-logo-2.png\" alt=\"\" width=\"212\" height=\"150\" \/><\/p>\n<p>Barros-Weine sind eine Hommage an portugiesisches Talent. Sie sind Ausdruck unseres Talents, das durch Erfahrung und Wissen verfeinert wird. Sie wurden zu Beginn des unruhigen 20. Jahrhunderts, im Jahr 1913, geboren und konnten sich behaupten, bis sie von den Verbrauchern als Referenz anerkannt wurden. In tiefem Respekt vor dem Portugiesischen umfassen die Barros-Weine die Portweinfamilien Tawny und Ruby.<\/p>\n<p>\u201eBarros \u00fcbersetzt den portugiesischen Charakter in Wein und verbindet dabei Tradition, Authentizit\u00e4t und moderne Werte.\u201c<\/p>","protected":false},"excerpt":{"rendered":"<p>Os vinhos Barros s\u00e3o a celebra\u00e7\u00e3o do talento portugu\u00eas. S\u00e3o a express\u00e3o de um talento que \u00e9 nosso, apurado pela experi\u00eancia e pelo saber. Nasceram no princ\u00edpio conturbado do s\u00e9culo XX, em 1913, e conseguiram afirmar-se at\u00e9 serem reconhecidos como uma refer\u00eancia pelos consumidores. Em profundo respeito pela portugalidade, os vinhos Barros abra\u00e7am as fam\u00edlias [&hellip;]<\/p>","protected":false},"featured_media":17464,"template":"","meta":{"_exactmetrics_skip_tracking":false,"_exactmetrics_sitenote_active":false,"_exactmetrics_sitenote_note":"","_exactmetrics_sitenote_category":0,"_uf_show_specific_survey":0,"_uf_disable_surveys":false,"iawp_total_views":25},"product_brand":[],"product_cat":[167,159,162],"product_tag":[],"class_list":{"0":"post-14784","1":"product","2":"type-product","3":"status-publish","4":"has-post-thumbnail","6":"product_cat-colheita","7":"product_cat-portos","8":"product_cat-raridades","10":"first","11":"instock","12":"shipping-taxable","13":"purchasable","14":"product-type-simple"},"_links":{"self":[{"href":"https:\/\/bracaravinum.pt\/de\/wp-json\/wp\/v2\/product\/14784","targetHints":{"allow":["GET"]}}],"collection":[{"href":"https:\/\/bracaravinum.pt\/de\/wp-json\/wp\/v2\/product"}],"about":[{"href":"https:\/\/bracaravinum.pt\/de\/wp-json\/wp\/v2\/types\/product"}],"wp:featuredmedia":[{"embeddable":true,"href":"https:\/\/bracaravinum.pt\/de\/wp-json\/wp\/v2\/media\/17464"}],"wp:attachment":[{"href":"https:\/\/bracaravinum.pt\/de\/wp-json\/wp\/v2\/media?parent=14784"}],"wp:term":[{"taxonomy":"product_brand","embeddable":true,"href":"https:\/\/bracaravinum.pt\/de\/wp-json\/wp\/v2\/product_brand?post=14784"},{"taxonomy":"product_cat","embeddable":true,"href":"https:\/\/bracaravinum.pt\/de\/wp-json\/wp\/v2\/product_cat?post=14784"},{"taxonomy":"product_tag","embeddable":true,"href":"https:\/\/bracaravinum.pt\/de\/wp-json\/wp\/v2\/product_tag?post=14784"}],"curies":[{"name":"wp","href":"https:\/\/api.w.org\/{rel}","templated":true}]}}