{"id":14686,"date":"2021-11-11T09:57:08","date_gmt":"2021-11-11T09:57:08","guid":{"rendered":"http:\/\/bracaravinum.pt\/?post_type=product&#038;p=14686"},"modified":"2025-10-07T11:28:02","modified_gmt":"2025-10-07T11:28:02","slug":"quinta-do-estanho-grande-reserva-vinhas-velhas-tinto-pack-3-garrafas","status":"publish","type":"product","link":"https:\/\/bracaravinum.pt\/de\/produto\/quinta-do-estanho-grande-reserva-vinhas-velhas-tinto-pack-3-garrafas\/","title":{"rendered":"Quinta do Estanho Grande Reserva Vinhas Velhas Red Pack 3 Flaschen"},"content":{"rendered":"<p><img fetchpriority=\"high\" decoding=\"async\" class=\"size-full wp-image-15248 aligncenter\" src=\"http:\/\/bracaravinum.pt\/wp-content\/uploads\/2022\/02\/estanho-logo.png\" alt=\"\" width=\"237\" height=\"222\" \/><\/p>\n<p>Von der ersten Traube\u2026<\/p>\n<p>An den schroffen und steilen H\u00e4ngen des Douro produziert der Weinstock durch den Segen der Sonne und die Kunst des Menschen Nektar, der der Tafel der G\u00f6tter w\u00fcrdig ist.<\/p>\n<p>Der arch\u00e4ologische Ruhm des Douro geht auf die Weinindustrie zur\u00fcck. Tats\u00e4chlich reisten Menschen durch diese Region, die den Reichtum des Untergrunds entdeckten. Sie nutzten Gold und Zinn, die nicht nur reichlich vorhanden waren, sondern auch mit rudiment\u00e4ren Mitteln aus pr\u00e4historischen Zeiten abgebaut werden konnten.<\/p>\n<p>Von der Dose zum Wein war ein Schritt. Und am linken Ufer des Flusses Pinh\u00e3o, der als uralt gilt, liegt \u201eQuinta do Estanho\u201c, bekannt nach dem Namen des dort vorkommenden Minerals. Nach der Erkundung des Untergrundes erfolgt die Bewirtschaftung der Weinberge.<\/p>\n<p>Uma edi\u00e7\u00e3o especial de vinhos da Quinta do Estanho tem um car\u00e1cter muito particular. Filhos e netos de Jaime Ac\u00e1cio Queiroz Cardoso pretendem, desta maneira, prestar homenagem a quem, de certo modo, fundou a Quinta do Estanho, na sua nova vida. J\u00e1 era conhecida no s\u00e9culo XVIII, em tempos das demarca\u00e7\u00f5es pombalinas, como produzindo vinho de Feitoria.<\/p>\n<div class=\"read-more-content\">\n<p>J\u00e1 esteve tamb\u00e9m, no s\u00e9culo XIX, em m\u00e3os da fam\u00edlia. Quando Jaime Cardoso regressou do Brasil, nos anos 1980, depois de uma longa estadia naquele pa\u00eds, j\u00e1 tinha tomado a decis\u00e3o de adquirir novamente a quinta e de dirigir um projecto de renova\u00e7\u00e3o e desenvolvimento dos vinhos do Douro e do Porto. Assim fez. Gradualmente, com firmeza, foi construindo e consolidando. A quinta come\u00e7ou a produzir vinhos para os grandes comerciantes estabelecidos e conceituados. Cresceu depois como \u201cProdutor engarrafador\u201d, logo que as leis autorizaram esse estatuto. Transformou-se finalmente em \u201cComerciante\u201d. \u00c9 esse percurso de tenacidade e de permanente liga\u00e7\u00e3o essencial ao Douro que os seus descendentes pretendem homenagear com esta edi\u00e7\u00e3o de vinhos especiais e com a vontade de assim contribuir para obras ou institui\u00e7\u00f5es de solidariedade e de humanidade. Optimista, determinado, fez todos os seus esfor\u00e7os na Quinta, ele que tinha a certeza de que n\u00e3o h\u00e1 grande quinta sem uma fam\u00edlia unida. Como Pai, marido e av\u00f4, dedicou-se aos seus filhos e netos, ele que sabia que era esse o porto mais seguro. E nunca deixou de pensar no Douro, donde partiu e aonde voltou, com a sua convic\u00e7\u00e3o de que pertencer a uma terra, ter um s\u00edtio e voltar sempre a um local, mesmo com aventuras e viagens de permeio, s\u00e3o tra\u00e7os de identidade e de car\u00e1cter. Sua mulher, Leonor; seus filhos Carlos, Sandra, Ana L\u00facia, Fernando e Sara; e seus netos Afonso e Maria In\u00eas, querem assim recordar a mem\u00f3ria daquele que esteve no princ\u00edpio de tudo, desta fam\u00edlia e desta quinta.<\/p>\n<\/div>","protected":false},"excerpt":{"rendered":"<p>Cor encarnada escura, densa e concentrada. Grande complexidade arom\u00e1tica, com notas de trufas, cedro, iodo, fruta preta, cacau e caf\u00e9, envolvidos num prolongamento mineral. Na boca apresenta-se denso, com taninos firmes e uma mineralidade bals\u00e2mica que lhe confere frescura e longevidade.<\/p>","protected":false},"featured_media":9288,"template":"","meta":{"_exactmetrics_skip_tracking":false,"_exactmetrics_sitenote_active":false,"_exactmetrics_sitenote_note":"","_exactmetrics_sitenote_category":0,"_uf_show_specific_survey":0,"_uf_disable_surveys":false,"iawp_total_views":35},"product_brand":[],"product_cat":[216,258,184,157],"product_tag":[],"class_list":{"0":"post-14686","1":"product","2":"type-product","3":"status-publish","4":"has-post-thumbnail","6":"product_cat-conjuntos","7":"product_cat-conjuntos-de-oferta","8":"product_cat-tinto","9":"product_cat-vinhos","11":"first","12":"instock","13":"shipping-taxable","14":"purchasable","15":"product-type-simple"},"_links":{"self":[{"href":"https:\/\/bracaravinum.pt\/de\/wp-json\/wp\/v2\/product\/14686","targetHints":{"allow":["GET"]}}],"collection":[{"href":"https:\/\/bracaravinum.pt\/de\/wp-json\/wp\/v2\/product"}],"about":[{"href":"https:\/\/bracaravinum.pt\/de\/wp-json\/wp\/v2\/types\/product"}],"wp:featuredmedia":[{"embeddable":true,"href":"https:\/\/bracaravinum.pt\/de\/wp-json\/wp\/v2\/media\/9288"}],"wp:attachment":[{"href":"https:\/\/bracaravinum.pt\/de\/wp-json\/wp\/v2\/media?parent=14686"}],"wp:term":[{"taxonomy":"product_brand","embeddable":true,"href":"https:\/\/bracaravinum.pt\/de\/wp-json\/wp\/v2\/product_brand?post=14686"},{"taxonomy":"product_cat","embeddable":true,"href":"https:\/\/bracaravinum.pt\/de\/wp-json\/wp\/v2\/product_cat?post=14686"},{"taxonomy":"product_tag","embeddable":true,"href":"https:\/\/bracaravinum.pt\/de\/wp-json\/wp\/v2\/product_tag?post=14686"}],"curies":[{"name":"wp","href":"https:\/\/api.w.org\/{rel}","templated":true}]}}