{"id":14661,"date":"2021-11-03T23:14:11","date_gmt":"2021-11-03T23:14:11","guid":{"rendered":"http:\/\/bracaravinum.pt\/?post_type=product&#038;p=14661"},"modified":"2023-11-10T19:26:29","modified_gmt":"2023-11-10T19:26:29","slug":"pacheca-superior-tinto-75cl","status":"publish","type":"product","link":"https:\/\/bracaravinum.pt\/de\/produkt\/pacheca-superior-tinto-75cl\/","title":{"rendered":"Pacheca Superior Tinto 2021 75cl"},"content":{"rendered":"<p><img decoding=\"async\" class=\"size-full wp-image-15359 aligncenter\" src=\"http:\/\/bracaravinum.pt\/wp-content\/uploads\/2022\/02\/pacheca-logo.jpg\" alt=\"\" width=\"295\" height=\"134\" \/><\/p>\n<p>Quinta da Pacheca, einer der bekanntesten Bauernh\u00f6fe in der Douro-Region, war auch einer der ersten Betriebe, der Wein unter seiner eigenen Marke abf\u00fcllte. Zum ersten Mal wird es in einem Dokument vom April 1738 erw\u00e4hnt, in dem es als \u201ePacheca\u201c bezeichnet wird, da es Eigentum von D. Mariana Pacheco Pereira ist. Aber erst 1903, als D. Jos\u00e9 Freire de Serpa Pimentel beschloss, sein Interesse an der \u00d6nologie zu entwickeln, kaufte er die Farm und begann, sich ernsthaft dem riskanten Gesch\u00e4ft der Weinherstellung zu widmen. Heute, ein Jahrhundert und viele Erfolge sp\u00e4ter, eine neue Generation der Familie Serpa Pimentel.<\/p>\n<p>&nbsp;<\/p>\n<p>&nbsp;<\/p>","protected":false},"excerpt":{"rendered":"<p>Castas: Touriga Franca, Tinta Roriz e Touriga Nacional provenientes de vinhas plantadas na Quinta da Pacheca com cerca de 40 anos.<\/p>\n<p>Est\u00e1gio: 12 meses em barricas novas e de carvalho franc\u00eas de 2\u00ba ano<\/p>\n<p>Pacheca Superior Tinto apresenta uma cor rubi jovem e intensa.\u00a0Revela frutado no aroma com notas fortes de amoras e ameixas, equilibradas com notas de chocolate que v\u00eam das barricas.\u00a0Na boca mostra equil\u00edbrio com taninos presentes redondos e um\u00a0final\u00a0longo e\u00a0\u00a0persistente.<\/p>","protected":false},"featured_media":9214,"template":"","meta":{"_exactmetrics_skip_tracking":false,"_exactmetrics_sitenote_active":false,"_exactmetrics_sitenote_note":"","_exactmetrics_sitenote_category":0,"_uf_show_specific_survey":0,"_uf_disable_surveys":false,"iawp_total_views":23},"product_brand":[],"product_cat":[215,184,157],"product_tag":[],"class_list":{"0":"post-14661","1":"product","2":"type-product","3":"status-publish","4":"has-post-thumbnail","6":"product_cat-douro","7":"product_cat-tinto","8":"product_cat-vinhos","10":"first","11":"instock","12":"shipping-taxable","13":"purchasable","14":"product-type-simple"},"_links":{"self":[{"href":"https:\/\/bracaravinum.pt\/de\/wp-json\/wp\/v2\/product\/14661","targetHints":{"allow":["GET"]}}],"collection":[{"href":"https:\/\/bracaravinum.pt\/de\/wp-json\/wp\/v2\/product"}],"about":[{"href":"https:\/\/bracaravinum.pt\/de\/wp-json\/wp\/v2\/types\/product"}],"wp:featuredmedia":[{"embeddable":true,"href":"https:\/\/bracaravinum.pt\/de\/wp-json\/wp\/v2\/media\/9214"}],"wp:attachment":[{"href":"https:\/\/bracaravinum.pt\/de\/wp-json\/wp\/v2\/media?parent=14661"}],"wp:term":[{"taxonomy":"product_brand","embeddable":true,"href":"https:\/\/bracaravinum.pt\/de\/wp-json\/wp\/v2\/product_brand?post=14661"},{"taxonomy":"product_cat","embeddable":true,"href":"https:\/\/bracaravinum.pt\/de\/wp-json\/wp\/v2\/product_cat?post=14661"},{"taxonomy":"product_tag","embeddable":true,"href":"https:\/\/bracaravinum.pt\/de\/wp-json\/wp\/v2\/product_tag?post=14661"}],"curies":[{"name":"wp","href":"https:\/\/api.w.org\/{rel}","templated":true}]}}