{"id":14624,"date":"2021-09-18T12:50:12","date_gmt":"2021-09-18T12:50:12","guid":{"rendered":"http:\/\/bracaravinum.pt\/?post_type=product&#038;p=14624"},"modified":"2025-10-07T11:28:05","modified_gmt":"2025-10-07T11:28:05","slug":"quinta-do-tamariz-brandy-40-jahre-alt-70-cl","status":"publish","type":"product","link":"https:\/\/bracaravinum.pt\/de\/produkt\/quinta-do-tamariz-brandy-40-jahre-alt-70-cl\/","title":{"rendered":"Quinta do Tamariz Brandy 40 Jahre alt 70 Cl"},"content":{"rendered":"<p><img fetchpriority=\"high\" decoding=\"async\" class=\"size-full wp-image-20088 aligncenter\" src=\"http:\/\/bracaravinum.pt\/wp-content\/uploads\/2020\/03\/tamariz-logo.jpg\" sizes=\"(max-width: 223px) 100vw, 223px\" srcset=\"https:\/\/bracaravinum.pt\/wp-content\/uploads\/2020\/03\/tamariz-logo.jpg 223w, https:\/\/bracaravinum.pt\/wp-content\/uploads\/2020\/03\/tamariz-logo-12x12.jpg 12w, https:\/\/bracaravinum.pt\/wp-content\/uploads\/2020\/03\/tamariz-logo-100x100.jpg 100w\" alt=\"\" width=\"223\" height=\"226\" \/><\/p>\n<p>A Quinta do Tamariz \u00e9 um territ\u00f3rio de Hist\u00f3ria e hist\u00f3rias. O legado do que \u00e9 hoje a Quinta do Tamariz come\u00e7ou a ser desenvolvido por Ant\u00f3nio Borges, ainda em finais do s\u00e9culo XIX, um banqueiro completamente rendido aos deleites da vinha. Hoje continua a ser uma quinta de vinhos da mesma familia e produz vinhos, espumantes e aguardentes vinicas envelhecidas. De portas abertas para quem nos quiser visitar e conhecer os nossos vinhos, recebemos enoturistas de todo o mundo.<\/p>","protected":false},"excerpt":{"rendered":"<p>Esta aguardente de 40 anos resulta da destila\u00e7\u00e3o de vinhos vinificados especialmente para a obten\u00e7\u00e3o de uma aguardente v\u00ednica. com uma dupla e cuidada destila\u00e7\u00e3o em alambique Charentais, obteve-se o chamado \u201cbonne chauffe\u201d, ou \u201ccora\u00e7\u00e3o da aguardente\u201d, o qual foi armazenado em barricas de carvalho franc\u00eas Limousin, onde envelheceu lentamente durante d\u00e9cadas. De cor \u00e2mbar, apresenta um aroma muito complexo, de onde se destacam as notas de frutos secos com toque de ameixa negra. Na boca apresenta um sabor macio, tostado, com especiarias orientais e um final longo e prolongado.<\/p>","protected":false},"featured_media":9061,"template":"","meta":{"_exactmetrics_skip_tracking":false,"_exactmetrics_sitenote_active":false,"_exactmetrics_sitenote_note":"","_exactmetrics_sitenote_category":0,"_uf_show_specific_survey":0,"_uf_disable_surveys":false,"iawp_total_views":73},"product_brand":[],"product_cat":[180,216,258,158,162],"product_tag":[],"class_list":{"0":"post-14624","1":"product","2":"type-product","3":"status-publish","4":"has-post-thumbnail","6":"product_cat-aguardente","7":"product_cat-conjuntos","8":"product_cat-conjuntos-de-oferta","9":"product_cat-espirituosos","10":"product_cat-raridades","12":"first","13":"instock","14":"shipping-taxable","15":"purchasable","16":"product-type-simple"},"_links":{"self":[{"href":"https:\/\/bracaravinum.pt\/de\/wp-json\/wp\/v2\/product\/14624","targetHints":{"allow":["GET"]}}],"collection":[{"href":"https:\/\/bracaravinum.pt\/de\/wp-json\/wp\/v2\/product"}],"about":[{"href":"https:\/\/bracaravinum.pt\/de\/wp-json\/wp\/v2\/types\/product"}],"wp:featuredmedia":[{"embeddable":true,"href":"https:\/\/bracaravinum.pt\/de\/wp-json\/wp\/v2\/media\/9061"}],"wp:attachment":[{"href":"https:\/\/bracaravinum.pt\/de\/wp-json\/wp\/v2\/media?parent=14624"}],"wp:term":[{"taxonomy":"product_brand","embeddable":true,"href":"https:\/\/bracaravinum.pt\/de\/wp-json\/wp\/v2\/product_brand?post=14624"},{"taxonomy":"product_cat","embeddable":true,"href":"https:\/\/bracaravinum.pt\/de\/wp-json\/wp\/v2\/product_cat?post=14624"},{"taxonomy":"product_tag","embeddable":true,"href":"https:\/\/bracaravinum.pt\/de\/wp-json\/wp\/v2\/product_tag?post=14624"}],"curies":[{"name":"wp","href":"https:\/\/api.w.org\/{rel}","templated":true}]}}