{"id":14527,"date":"2021-04-01T19:30:05","date_gmt":"2021-04-01T19:30:05","guid":{"rendered":"http:\/\/bracaravinum.pt\/?post_type=product&#038;p=14527"},"modified":"2024-03-25T12:33:58","modified_gmt":"2024-03-25T12:33:58","slug":"royal-palmeira-weis-2009","status":"publish","type":"product","link":"https:\/\/bracaravinum.pt\/de\/produto\/royal-palmeira-branco-2009\/","title":{"rendered":"Royal Palmeira Loureiro Wei\u00df 2019 75cl"},"content":{"rendered":"<div><img decoding=\"async\" class=\"size-full wp-image-15404 aligncenter\" src=\"http:\/\/bracaravinum.pt\/wp-content\/uploads\/2022\/02\/proudly-produced-in-portugal-logo.png\" alt=\"\" width=\"199\" height=\"78\" \/><\/div>\n<div><\/div>\n<div class=\"headline\">PA\u00c7O DE PALMEIRA liegt am Zusammenfluss der Fl\u00fcsse C\u00e1vado und Homem in der N\u00e4he von Braga und ist eines der sch\u00f6nsten Baudenkm\u00e4ler in Minho.<\/div>\n<div class=\"information\">\n<div class=\"main\">\n<p>Der Palast wurde als Freizeitresidenz f\u00fcr Prinzen, Erzbisch\u00f6fe und die ber\u00fchmteste Minho-Aristokratie konzipiert und kombiniert die einfachen Linien seiner Architektur mit der Raffinesse seiner Innenr\u00e4ume. Er atmet die Sch\u00f6nheit der umliegenden Landschaft und die Spiritualit\u00e4t der Ecken ein, die mit ihr verschmelzen die Spuren der Zeit.<\/p>\n<\/div>\n<\/div>","protected":false},"excerpt":{"rendered":"<p>Hergestellt aus 100% Loureiro, ohne Verwendung von Holz. Helles Stroh. Zartes und raffiniertes Aroma. Blumige, Zitrus-, Jasmin-, Zitronen- und mineralische Noten. Leichter, weicher Gaumen, ausgewogene und gut integrierte S\u00e4ure, mit 12% Alkohol. Nichts ist fehl am Platz. Erreicht durch Eleganz und Ausgewogenheit.<\/p>","protected":false},"featured_media":16494,"template":"","meta":{"_exactmetrics_skip_tracking":false,"_exactmetrics_sitenote_active":false,"_exactmetrics_sitenote_note":"","_exactmetrics_sitenote_category":0,"_uf_show_specific_survey":0,"_uf_disable_surveys":false,"iawp_total_views":40},"product_brand":[],"product_cat":[185,157,206],"product_tag":[],"class_list":{"0":"post-14527","1":"product","2":"type-product","3":"status-publish","4":"has-post-thumbnail","6":"product_cat-branco","7":"product_cat-vinhos","8":"product_cat-vinhos-verdes","10":"first","11":"instock","12":"sold-individually","13":"shipping-taxable","14":"purchasable","15":"product-type-simple"},"_links":{"self":[{"href":"https:\/\/bracaravinum.pt\/de\/wp-json\/wp\/v2\/product\/14527","targetHints":{"allow":["GET"]}}],"collection":[{"href":"https:\/\/bracaravinum.pt\/de\/wp-json\/wp\/v2\/product"}],"about":[{"href":"https:\/\/bracaravinum.pt\/de\/wp-json\/wp\/v2\/types\/product"}],"wp:featuredmedia":[{"embeddable":true,"href":"https:\/\/bracaravinum.pt\/de\/wp-json\/wp\/v2\/media\/16494"}],"wp:attachment":[{"href":"https:\/\/bracaravinum.pt\/de\/wp-json\/wp\/v2\/media?parent=14527"}],"wp:term":[{"taxonomy":"product_brand","embeddable":true,"href":"https:\/\/bracaravinum.pt\/de\/wp-json\/wp\/v2\/product_brand?post=14527"},{"taxonomy":"product_cat","embeddable":true,"href":"https:\/\/bracaravinum.pt\/de\/wp-json\/wp\/v2\/product_cat?post=14527"},{"taxonomy":"product_tag","embeddable":true,"href":"https:\/\/bracaravinum.pt\/de\/wp-json\/wp\/v2\/product_tag?post=14527"}],"curies":[{"name":"wp","href":"https:\/\/api.w.org\/{rel}","templated":true}]}}