{"id":14392,"date":"2020-12-19T18:50:43","date_gmt":"2020-12-19T18:50:43","guid":{"rendered":"http:\/\/bracaravinum.pt\/?post_type=product&#038;p=14392"},"modified":"2026-01-24T11:51:18","modified_gmt":"2026-01-24T11:51:18","slug":"monte-cascas-tinto-so2-free-75cl","status":"publish","type":"product","link":"https:\/\/bracaravinum.pt\/de\/produkt\/monte-cascas-tinto-so2-free-75cl\/","title":{"rendered":"Monte Cascas Red SO2 Free 2018 75cl"},"content":{"rendered":"<p><a href=\"https:\/\/bracaravinum.pt\/wp-content\/uploads\/2020\/12\/logo-casca-wines.svg\"><img decoding=\"async\" class=\"wp-image-7828 aligncenter\" src=\"https:\/\/bracaravinum.pt\/wp-content\/uploads\/2020\/12\/logo-casca-wines.svg\" alt=\"\" width=\"267\" height=\"80\" \/><\/a><\/p>\n<p>Sem terra nem adegas, por montanhas e vales em busca das melhores uvas em cada uma das regi\u00f5es vin\u00edcolas de Portugal.<\/p>\n<p>Procuramos o mais dedicado dos produtores e o maior amor para as uvas. Aprendemos com eles e, juntos, combinamos o nosso modern know-how, tecnologia e design. S\u00e3o estas caracter\u00edsticas dos portugueses que representam o car\u00e1cter dos nossos vinhos.<\/p>\n<p>Casca Wines \u00e9 um projeto de en\u00f3logos e especialistas em vinho que decidiram criar uma marca de vinho portugu\u00eas de alta qualidade. Um projeto que s\u00f3 trabalha com as melhores uvas e tenta renovar a cultura \u00fanica de Portugal na cria\u00e7\u00e3o de vinhos.<\/p>\n<p>Tudo come\u00e7ou na micro-regi\u00e3o de Colares. Na serra de Sintra, o ponto mais occidental da Europa continental, onde grandes produtores de vinho foram desafiados pelos ventos atl\u00e2nticos por mais de 900 anos. H\u00e9lder Cunha decidiu produzir vinhos verdadeiramente \u00fanicos, unindo hist\u00f3ria com qualidade.<\/p>","protected":false},"excerpt":{"rendered":"<p><img decoding=\"async\" class=\"alignnone size-full wp-image-3433\" src=\"https:\/\/bracaravinum.pt\/wp-content\/uploads\/2020\/04\/bio-1-e1587637292663.jpg\" alt=\"\" width=\"70\" height=\"46\" \/> Biol\u00f3gico<\/p>\n<p><img decoding=\"async\" class=\"alignnone size-full wp-image-3444\" src=\"https:\/\/bracaravinum.pt\/wp-content\/uploads\/2020\/04\/vegan-e1587637308366.jpg\" alt=\"\" width=\"70\" height=\"70\" \/> Vegan<\/p>\n<p>CASTAS: \u00a0TOURIGA FRANCA,\u00a0ARAGONEZ\/TINTA RORIZ,\u00a0TOURIGA NACIONAL<\/p>\n<p>Cor &#8211; Vermelho profundo.<br \/>\nNariz &#8211; Fresco, fruta preta e ameixa.<br \/>\nBoca &#8211; Fruta preta, encorpado e com final persistente.<\/p>\n<p>Sugest\u00e3o de Acompanhamento:\u00a0Queijo, ostras, peixe grelhado e risotto<\/p>\n<p>&nbsp;<\/p>","protected":false},"featured_media":7828,"template":"","meta":{"_exactmetrics_skip_tracking":false,"_exactmetrics_sitenote_active":false,"_exactmetrics_sitenote_note":"","_exactmetrics_sitenote_category":0,"_uf_show_specific_survey":0,"_uf_disable_surveys":false,"iawp_total_views":4},"product_brand":[],"product_cat":[157,184,211],"product_tag":[],"class_list":{"0":"post-14392","1":"product","2":"type-product","3":"status-publish","4":"has-post-thumbnail","6":"product_cat-vinhos","7":"product_cat-tinto","8":"product_cat-beiras","10":"first","11":"instock","12":"shipping-taxable","13":"purchasable","14":"product-type-simple"},"_links":{"self":[{"href":"https:\/\/bracaravinum.pt\/de\/wp-json\/wp\/v2\/product\/14392","targetHints":{"allow":["GET"]}}],"collection":[{"href":"https:\/\/bracaravinum.pt\/de\/wp-json\/wp\/v2\/product"}],"about":[{"href":"https:\/\/bracaravinum.pt\/de\/wp-json\/wp\/v2\/types\/product"}],"wp:featuredmedia":[{"embeddable":true,"href":"https:\/\/bracaravinum.pt\/de\/wp-json\/wp\/v2\/media\/7828"}],"wp:attachment":[{"href":"https:\/\/bracaravinum.pt\/de\/wp-json\/wp\/v2\/media?parent=14392"}],"wp:term":[{"taxonomy":"product_brand","embeddable":true,"href":"https:\/\/bracaravinum.pt\/de\/wp-json\/wp\/v2\/product_brand?post=14392"},{"taxonomy":"product_cat","embeddable":true,"href":"https:\/\/bracaravinum.pt\/de\/wp-json\/wp\/v2\/product_cat?post=14392"},{"taxonomy":"product_tag","embeddable":true,"href":"https:\/\/bracaravinum.pt\/de\/wp-json\/wp\/v2\/product_tag?post=14392"}],"curies":[{"name":"wp","href":"https:\/\/api.w.org\/{rel}","templated":true}]}}