{"id":14378,"date":"2020-11-17T18:15:39","date_gmt":"2020-11-17T18:15:39","guid":{"rendered":"http:\/\/bracaravinum.pt\/?post_type=product&#038;p=14378"},"modified":"2023-03-28T16:53:08","modified_gmt":"2023-03-28T16:53:08","slug":"7678","status":"publish","type":"product","link":"https:\/\/bracaravinum.pt\/de\/produkt\/7678\/","title":{"rendered":"Montalegre Grande Reserva Tinto 2015 75cl"},"content":{"rendered":"<p><img decoding=\"async\" class=\"size-full wp-image-7679 aligncenter\" src=\"https:\/\/bracaravinum.pt\/wp-content\/uploads\/2020\/11\/logo_fgwines01.png\" alt=\"\" width=\"159\" height=\"150\" \/><\/p>\n<p>Mentor do projeto FGwines, Francisco Gon\u00e7alves \u00e9 tamb\u00e9m o en\u00f3logo respons\u00e1vel pelos vinhos da marca Mont\u2019alegre. Com uma vasta experi\u00eancia no meio vitivin\u00edcola, decidiu avan\u00e7ar para este projeto inovador e pioneiro em Portugal.<\/p>\n<p>Paulo Gon\u00e7alves \u00e9 um empreendedor, gestor de v\u00e1rias empresas de express\u00e3o regional e com abrang\u00eancia nacional. Com um perfil orientado para o neg\u00f3cio e marketing, \u00e9 o gestor da empresa FGwines em parceria com Francisco Gon\u00e7alves.<\/p>","protected":false},"excerpt":{"rendered":"<p>Trauben: Vinhas Velhas<\/p>\n<p>Est\u00e1gio de 18 meses em barricas novas de carvalho franc\u00eas e 14 meses em garrafa.<\/p>\n<p>Nariz intenso e frutado, com notas de especiarias, mato, algumas notas de ch\u00e1 e bals\u00e2mico com final mineral. Boca fresca, com taninos finos e elegantes, com excelente estrutura e grande car\u00e1cter e personalidade. Final longo.<\/p>","protected":false},"featured_media":7679,"template":"","meta":{"_exactmetrics_skip_tracking":false,"_exactmetrics_sitenote_active":false,"_exactmetrics_sitenote_note":"","_exactmetrics_sitenote_category":0,"_uf_show_specific_survey":0,"_uf_disable_surveys":false,"iawp_total_views":64},"product_brand":[],"product_cat":[157,184,212],"product_tag":[],"class_list":{"0":"post-14378","1":"product","2":"type-product","3":"status-publish","4":"has-post-thumbnail","6":"product_cat-vinhos","7":"product_cat-tinto","8":"product_cat-tras-os-montes","10":"first","11":"instock","12":"shipping-taxable","13":"purchasable","14":"product-type-simple"},"_links":{"self":[{"href":"https:\/\/bracaravinum.pt\/de\/wp-json\/wp\/v2\/product\/14378","targetHints":{"allow":["GET"]}}],"collection":[{"href":"https:\/\/bracaravinum.pt\/de\/wp-json\/wp\/v2\/product"}],"about":[{"href":"https:\/\/bracaravinum.pt\/de\/wp-json\/wp\/v2\/types\/product"}],"wp:featuredmedia":[{"embeddable":true,"href":"https:\/\/bracaravinum.pt\/de\/wp-json\/wp\/v2\/media\/7679"}],"wp:attachment":[{"href":"https:\/\/bracaravinum.pt\/de\/wp-json\/wp\/v2\/media?parent=14378"}],"wp:term":[{"taxonomy":"product_brand","embeddable":true,"href":"https:\/\/bracaravinum.pt\/de\/wp-json\/wp\/v2\/product_brand?post=14378"},{"taxonomy":"product_cat","embeddable":true,"href":"https:\/\/bracaravinum.pt\/de\/wp-json\/wp\/v2\/product_cat?post=14378"},{"taxonomy":"product_tag","embeddable":true,"href":"https:\/\/bracaravinum.pt\/de\/wp-json\/wp\/v2\/product_tag?post=14378"}],"curies":[{"name":"wp","href":"https:\/\/api.w.org\/{rel}","templated":true}]}}