{"id":14374,"date":"2020-11-16T18:15:41","date_gmt":"2020-11-16T18:15:41","guid":{"rendered":"http:\/\/bracaravinum.pt\/?post_type=product&#038;p=14374"},"modified":"2024-10-29T12:13:18","modified_gmt":"2024-10-29T12:13:18","slug":"pe-de-ganso-branco-75cl","status":"publish","type":"product","link":"https:\/\/bracaravinum.pt\/de\/produkt\/pe-de-ganso-branco-75cl\/","title":{"rendered":"P\u00e9 de Ganso Reserva Branco 2018 75cl"},"content":{"rendered":"<p>&nbsp;<\/p>\n<p><img decoding=\"async\" class=\"size-medium wp-image-15409 aligncenter\" src=\"http:\/\/bracaravinum.pt\/wp-content\/uploads\/2021\/05\/quatro-cravos-logo-300x63.png\" alt=\"\" width=\"300\" height=\"63\" srcset=\"https:\/\/bracaravinum.pt\/wp-content\/uploads\/2021\/05\/quatro-cravos-logo-300x63.png 300w, https:\/\/bracaravinum.pt\/wp-content\/uploads\/2021\/05\/quatro-cravos-logo-1024x213.png 1024w, https:\/\/bracaravinum.pt\/wp-content\/uploads\/2021\/05\/quatro-cravos-logo-768x160.png 768w, https:\/\/bracaravinum.pt\/wp-content\/uploads\/2021\/05\/quatro-cravos-logo-600x125.png 600w, https:\/\/bracaravinum.pt\/wp-content\/uploads\/2021\/05\/quatro-cravos-logo.png 1190w\" sizes=\"(max-width: 300px) 100vw, 300px\" \/><\/p>\n<p>A Quatro Cravos faz a gest\u00e3o vitivin\u00edcola de duas adegas da regi\u00e3o da Bairrada: A \u201cAdega Original\u201d e a \u201cAdega Cravo\u201d.<\/p>\n<p>As vinhas est\u00e3o plantadas em diferentes tipos de solos, compreendendo os argilosos, as margas de argila e calc\u00e1rio e os arenosos de gr\u00e3o variado com maior ou menor presen\u00e7a de barro.<\/p>\n<p>As caracter\u00edsticas dos solos nas regi\u00f5es onde est\u00e3o localizadas as Adegas originam vinhos diferenciados, com equil\u00edbrio e sofistica\u00e7\u00e3o arom\u00e1tica no interior e com leveza e vigor nas zonas do litoral.<\/p>\n<p>As marcas s\u00e3o apresentadas no mercado com a chancela \u201cBy Quatro Cravos\u201d como compromisso de garantia de qualidade e para assumir a responsabilidade institucional da empresa com os seus produtos.<\/p>","protected":false},"excerpt":{"rendered":"<p>\u00abChenopodium Murale\u00bb \u00e9 a designa\u00e7\u00e3o bot\u00e2nica da erva conhecida por P\u00e9 de Ganso, existente nas vinhas que deram origem a este vinho.<\/p>\n<p>Produzido com uvas das castas Arinto e Bical, em propor\u00e7\u00f5es equivalentes, colhidas nas vinhas da Adega Quatro Cravos, apresenta-se com uma cor citrina brilhante, com notas de alperce arredondadas pela baunilha proveniente da madeira. Na boca revela-se cheio, fresco e equilibrado.<\/p>\n<p>Servir de 10 a 12\u00baC. Acompanha com excel\u00eancia pratos de peixe no forno, caldeiradas e cataplanas.<\/p>","protected":false},"featured_media":7665,"template":"","meta":{"_exactmetrics_skip_tracking":false,"_exactmetrics_sitenote_active":false,"_exactmetrics_sitenote_note":"","_exactmetrics_sitenote_category":0,"_uf_show_specific_survey":0,"_uf_disable_surveys":false,"iawp_total_views":24},"product_brand":[],"product_cat":[190,185,157],"product_tag":[],"class_list":{"0":"post-14374","1":"product","2":"type-product","3":"status-publish","4":"has-post-thumbnail","6":"product_cat-bairrada-branco","7":"product_cat-branco","8":"product_cat-vinhos","10":"first","11":"instock","12":"shipping-taxable","13":"purchasable","14":"product-type-simple"},"_links":{"self":[{"href":"https:\/\/bracaravinum.pt\/de\/wp-json\/wp\/v2\/product\/14374","targetHints":{"allow":["GET"]}}],"collection":[{"href":"https:\/\/bracaravinum.pt\/de\/wp-json\/wp\/v2\/product"}],"about":[{"href":"https:\/\/bracaravinum.pt\/de\/wp-json\/wp\/v2\/types\/product"}],"wp:featuredmedia":[{"embeddable":true,"href":"https:\/\/bracaravinum.pt\/de\/wp-json\/wp\/v2\/media\/7665"}],"wp:attachment":[{"href":"https:\/\/bracaravinum.pt\/de\/wp-json\/wp\/v2\/media?parent=14374"}],"wp:term":[{"taxonomy":"product_brand","embeddable":true,"href":"https:\/\/bracaravinum.pt\/de\/wp-json\/wp\/v2\/product_brand?post=14374"},{"taxonomy":"product_cat","embeddable":true,"href":"https:\/\/bracaravinum.pt\/de\/wp-json\/wp\/v2\/product_cat?post=14374"},{"taxonomy":"product_tag","embeddable":true,"href":"https:\/\/bracaravinum.pt\/de\/wp-json\/wp\/v2\/product_tag?post=14374"}],"curies":[{"name":"wp","href":"https:\/\/api.w.org\/{rel}","templated":true}]}}