{"id":14314,"date":"2020-10-08T15:39:02","date_gmt":"2020-10-08T15:39:02","guid":{"rendered":"http:\/\/bracaravinum.pt\/?post_type=product&#038;p=14314"},"modified":"2025-11-05T18:13:26","modified_gmt":"2025-11-05T18:13:26","slug":"vermuiz-gin-50cl","status":"publish","type":"product","link":"https:\/\/bracaravinum.pt\/de\/produto\/gin-vermuiz-50cl\/","title":{"rendered":"Gin Vermuiz Dry 50cl"},"content":{"rendered":"<p>&nbsp;<\/p>\n<p>Der Ursprung der Stadt Famalic\u00e3o gab den Ton f\u00fcr die Kreation unseres Gins vor, inspiriert von der sogenannten Burg von Vermoim, die im 11. Jahrhundert von Graf Vermuiz Forjaz erbaut wurde. Tats\u00e4chlich war es der Graf, der den Bau der Festung anordnete, die die Stadt sch\u00fctzte, nach der der Gin benannt ist. Der Name und die Hauptmerkmale: kr\u00e4ftig, k\u00e4mpferisch und f\u00fcr jeden Gaumen formbar. F\u00fcr jeden Gaumen ein neues Erlebnis!<\/p>\n<p>Vermuiz Gin ist eine perfekte Kombination aus Zitrusaromen mit Gew\u00fcrzen und Kr\u00e4utern. Vermuiz wurde aus einer gemeinsamen Destillation pflanzlicher Stoffe in einem traditionellen Destillierapparat hergestellt und \u00fcber zwei Monate von einem Destillateur mit umfassender Erfahrung in der Region entwickelt. Nach einem sechst\u00e4gigen Mazerationsprozess und einer doppelten Destillation erreicht der Gin sein botanisches Gleichgewicht.<\/p>\n<p>Wacholder und Koriander sind die Hauptbestandteile von Vermuiz. Zusammen erreichen sie die richtige Balance, so dass die Frische in den Mund eindringt und alle Sinne weckt. Und w\u00e4hrend der Gaumen lang ist, ist der Nachgeschmack w\u00fcrzig, ohne dabei den Geschmack von Zitrone und Grapefruit zu vergessen.<\/p>\n<p>Vermuiz wurde aus einer gemeinsamen Destillation pflanzlicher Stoffe in einem traditionellen Destillierapparat hergestellt und \u00fcber einen Zeitraum von zwei Monaten von einem Destillateur mit umfassender Erfahrung in der Region entwickelt. Nach einem sechst\u00e4gigen Mazerationsprozess und durch doppelte Destillation erreicht Vermuiz ein botanisches Gleichgewicht, das ein einzigartiges Erlebnis bietet.<\/p>\n<p>Mit einem Alkoholgehalt von 42% hat unser Gin Wacholder und Koriander als wesentliche S\u00e4ulen, die zusammen die perfekte Balance erreichen, sodass Frische in den Mund eindringt und alle Sinne weckt.<\/p>\n<p>Vermuiz sorgt sofort f\u00fcr einen langen Gaumen und einen langanhaltenden Nachgeschmack, der Mandeln, Nelken und Goji enth\u00e4lt. Es ist ein Nachgeschmack mit einem w\u00fcrzigen Geschmack und einem Zitrusgeschmack, der durch die Anwesenheit von Grapefruit und Zitrone hervorgehoben wird. Vermuiz zu trinken bedeutet, eine Reihe von Geschmacksrichtungen in einem Erlebnis zu erleben.<\/p>","protected":false},"excerpt":{"rendered":"<p><img decoding=\"async\" class=\"alignnone size-full wp-image-3689\" src=\"https:\/\/bracaravinum.pt\/wp-content\/uploads\/2020\/04\/portugal.png\" alt=\"\" width=\"70\" height=\"40\" \/>Herkunft Portugal<\/p>\n<p>Vermuiz ist ein Premium-Gin, der traditionelle Pflanzenstoffe verwendet und diese mit Gew\u00fcrzen kombiniert, die ihm ein Aroma und einen Geschmack verleihen, die alles andere als konventionell sind. Inspiriert von Erinnerungen an Minho ist Vermuiz sowohl traditionell als auch \u00fcberraschend. W\u00e4hrend Sie erwarten, die Zitrusfr\u00fcchte zu probieren, die f\u00fcr die Minho-Region, in der sie hergestellt wurde, so charakteristisch sind, \u00fcberrascht sie mit der Kombination aus Gew\u00fcrzen und Kr\u00e4utern.<\/p>","protected":false},"featured_media":7328,"template":"","meta":{"_exactmetrics_skip_tracking":false,"_exactmetrics_sitenote_active":false,"_exactmetrics_sitenote_note":"","_exactmetrics_sitenote_category":0,"_uf_show_specific_survey":0,"_uf_disable_surveys":false,"iawp_total_views":207},"product_brand":[],"product_cat":[158,183,162],"product_tag":[],"class_list":{"0":"post-14314","1":"product","2":"type-product","3":"status-publish","4":"has-post-thumbnail","6":"product_cat-espirituosos","7":"product_cat-gin","8":"product_cat-raridades","10":"first","11":"instock","12":"shipping-taxable","13":"purchasable","14":"product-type-simple"},"_links":{"self":[{"href":"https:\/\/bracaravinum.pt\/de\/wp-json\/wp\/v2\/product\/14314","targetHints":{"allow":["GET"]}}],"collection":[{"href":"https:\/\/bracaravinum.pt\/de\/wp-json\/wp\/v2\/product"}],"about":[{"href":"https:\/\/bracaravinum.pt\/de\/wp-json\/wp\/v2\/types\/product"}],"wp:featuredmedia":[{"embeddable":true,"href":"https:\/\/bracaravinum.pt\/de\/wp-json\/wp\/v2\/media\/7328"}],"wp:attachment":[{"href":"https:\/\/bracaravinum.pt\/de\/wp-json\/wp\/v2\/media?parent=14314"}],"wp:term":[{"taxonomy":"product_brand","embeddable":true,"href":"https:\/\/bracaravinum.pt\/de\/wp-json\/wp\/v2\/product_brand?post=14314"},{"taxonomy":"product_cat","embeddable":true,"href":"https:\/\/bracaravinum.pt\/de\/wp-json\/wp\/v2\/product_cat?post=14314"},{"taxonomy":"product_tag","embeddable":true,"href":"https:\/\/bracaravinum.pt\/de\/wp-json\/wp\/v2\/product_tag?post=14314"}],"curies":[{"name":"wp","href":"https:\/\/api.w.org\/{rel}","templated":true}]}}