{"id":14231,"date":"2020-08-22T13:00:48","date_gmt":"2020-08-22T13:00:48","guid":{"rendered":"http:\/\/bracaravinum.pt\/?post_type=product&#038;p=14231"},"modified":"2024-10-09T11:23:25","modified_gmt":"2024-10-09T11:23:25","slug":"6808","status":"publish","type":"product","link":"https:\/\/bracaravinum.pt\/de\/produkt\/6808\/","title":{"rendered":"Quinta do Soque Tinto 2020 75cl"},"content":{"rendered":"<p><img fetchpriority=\"high\" decoding=\"async\" class=\"size-full wp-image-15462 aligncenter\" src=\"http:\/\/bracaravinum.pt\/wp-content\/uploads\/2022\/02\/soque-logo.jpg\" alt=\"\" width=\"275\" height=\"183\" \/><\/p>\n<p>Quinta do Soque liegt am linken Ufer des Flusses Torto in der Gemeinde S\u00e3o Jo\u00e3o da Pesqueira und ist ein Anwesen mit etwa 20 Hektar, davon 17 Hektar <span class=\"text_exposed_show\">von Weinbergen besetzt.<br \/>\nQuinta do Soque genie\u00dft eine privilegierte Lage in der abgegrenzten Region Douro und geh\u00f6rt seit \u00fcber 20 Jahren der Familie Vicente. Der Name Soque kommt vom transitiven Verb \u201ekneten\/spalmar\/quetschen\/treten\u201c und der Ursprung der Quinta reicht, wie der vieler gro\u00dfer Quintas im Douro, bis in ferne Zeiten zur\u00fcck.<\/span><\/p>\n<p><span class=\"text_exposed_show\">In den letzten 20 Jahren hat Quinta do Soque jedoch eine Revolution erlebt: Investitionen in die Modernisierung der Weinberge sowie in den Bau eines Weinkellers, der mit modernsten Ger\u00e4ten ausgestattet ist, gew\u00e4hrleisten die Produktion hochwertiger Tafelweine Weine.<\/span><\/p>\n<p><span class=\"text_exposed_show\">Quinta do Soque produziert ausschlie\u00dflich Rotweine in drei Kategorien: Ernte, Reserve und alte Reben. Zwischen 1990 und 1996 wurden die Weinberge von Quinta do Soque mit Ausnahme von 1,5 Hektar alten Reben, die jetzt ein Durchschnittsalter von etwa 70 Jahren aufweisen, renoviert<br \/>\ndie edelsten und symboltr\u00e4chtigsten Rebsorten der Region und des Landes: Touriga Nacional, Touriga Franca, Tinta Roriz und Tinta Barroca.<br \/>\nDer Abschluss aller Investitionen, verbunden mit der Leidenschaft, die in die Herstellung der Weine gesteckt wird, f\u00fchrte zur Anerkennung von Quinta do Soque auf den Weinm\u00e4rkten in Portugal und im Ausland.<\/span><\/p>\n<p>Im Februar 2011 entschied sich die britische Journalistin Jancis Robinson, eine weltweit einflussreiche Weinkritikerin, f\u00fcr den Wein Quinta do Soque Vinha<span class=\"text_exposed_show\">s Velhas 2007 als einer der sechs portugiesischen Rotweine, die \u201eeinen Versuch wert\u201c sind.<\/span><\/p>","protected":false},"excerpt":{"rendered":"<p>L\u00edmpido de cor granada. Aroma complexo de fruta madura bem integrada com madeira nova e notas de especiarias.\u00a0Vinho intenso e profundo, encorpado e bem equilibrado.\u00a0Acompanha bem pratos de carne assados no forno e queijos bem curados.<\/p>","protected":false},"featured_media":6809,"template":"","meta":{"_exactmetrics_skip_tracking":false,"_exactmetrics_sitenote_active":false,"_exactmetrics_sitenote_note":"","_exactmetrics_sitenote_category":0,"_uf_show_specific_survey":0,"_uf_disable_surveys":false,"iawp_total_views":29},"product_brand":[],"product_cat":[215,184,157],"product_tag":[],"class_list":{"0":"post-14231","1":"product","2":"type-product","3":"status-publish","4":"has-post-thumbnail","6":"product_cat-douro","7":"product_cat-tinto","8":"product_cat-vinhos","10":"first","11":"instock","12":"shipping-taxable","13":"purchasable","14":"product-type-simple"},"_links":{"self":[{"href":"https:\/\/bracaravinum.pt\/de\/wp-json\/wp\/v2\/product\/14231","targetHints":{"allow":["GET"]}}],"collection":[{"href":"https:\/\/bracaravinum.pt\/de\/wp-json\/wp\/v2\/product"}],"about":[{"href":"https:\/\/bracaravinum.pt\/de\/wp-json\/wp\/v2\/types\/product"}],"wp:featuredmedia":[{"embeddable":true,"href":"https:\/\/bracaravinum.pt\/de\/wp-json\/wp\/v2\/media\/6809"}],"wp:attachment":[{"href":"https:\/\/bracaravinum.pt\/de\/wp-json\/wp\/v2\/media?parent=14231"}],"wp:term":[{"taxonomy":"product_brand","embeddable":true,"href":"https:\/\/bracaravinum.pt\/de\/wp-json\/wp\/v2\/product_brand?post=14231"},{"taxonomy":"product_cat","embeddable":true,"href":"https:\/\/bracaravinum.pt\/de\/wp-json\/wp\/v2\/product_cat?post=14231"},{"taxonomy":"product_tag","embeddable":true,"href":"https:\/\/bracaravinum.pt\/de\/wp-json\/wp\/v2\/product_tag?post=14231"}],"curies":[{"name":"wp","href":"https:\/\/api.w.org\/{rel}","templated":true}]}}