{"id":14110,"date":"2020-06-27T11:49:17","date_gmt":"2020-06-27T11:49:17","guid":{"rendered":"http:\/\/bracaravinum.pt\/?post_type=product&#038;p=14110"},"modified":"2025-12-07T10:56:53","modified_gmt":"2025-12-07T10:56:53","slug":"rum-gegen-bund-5-jahre70cl","status":"publish","type":"product","link":"https:\/\/bracaravinum.pt\/de\/produkt\/rum-gegen-bund-5-jahre70cl\/","title":{"rendered":"Rum Contra-Bando 5 Jahre 70cl"},"content":{"rendered":"<p>1868<\/p>\n<p>Juanillo Oliver lie\u00df sich Mitte des 19. Jahrhunderts in der Karibik nieder, nachdem er urspr\u00fcnglich aus Mallorca gekommen war, um im ersten Unabh\u00e4ngigkeitskrieg Kubas den Frieden zu sichern.<\/p>\n<p>Nach dem Krieg beschloss Juanillo, auf der Insel zu bleiben und widmete sich dem Tabak- und Zuckerrohrgesch\u00e4ft, bevor er sich schlie\u00dflich der Rum-Handwerkskunst zuwandte.<\/p>\n<p>1959<\/p>\n<p>Nach dem Ausbruch der kubanischen Revolution beschloss die Familie Oliver, in die Dominikanische Republik zu ziehen, ein Land mit perfekten Bedingungen f\u00fcr die Herstellung von Zuckerrohrrum.<\/p>\n<p>Dort gr\u00fcndeten seine Nachfolger aus sechs Generationen alt\u00fcberlieferter Rezepte und Methoden zur Rumherstellung das Haus Oliver &amp; Oliver, das seine T\u00fcren in Santo Domingo \u00f6ffnete.<\/p>\n<p>1998<\/p>\n<p>Als der Notar Fernando Mora von einer Urlaubsreise in die Dominikanische Republik zur\u00fcckkehrte, versteckte er in seinem Koffer einige Geschenke, Rumflaschen ohne Etikett.<\/p>\n<p>&nbsp;<\/p>\n<p>Da er die Flaschen nach Spanien gebracht hatte, ohne sie beim Zoll anzumelden, beschloss sein Importeur, Luis Caballero SA, ihnen den Handelsnamen Contrabando zu geben.<\/p>","protected":false},"excerpt":{"rendered":"<p>Herkunft Dominikanische Republik<\/p>\n<p>Die Qualit\u00e4t von geschmuggeltem gealtertem Rum ist seiner nat\u00fcrlichen Konkurrenz weit \u00fcberlegen, da er f\u00fcnf Jahre lang in amerikanischen und franz\u00f6sischen Eichenf\u00e4ssern reift, die zuvor Cognac, Bourbon und Sherry enthielten.<\/p>\n<p>Mir kommt ein sanfter Vanilleduft in den Sinn. Noten von frischer Kokosnuss und tropischen Fr\u00fcchten harmonieren perfekt mit den ger\u00f6steten und balsamischen Noten des verl\u00e4ngerten Solera-Reifungsprozesses in amerikanischen und franz\u00f6sischen Eichenf\u00e4ssern.<\/p>\n<p>&nbsp;<\/p>\n<p>Gewinner des Hauptpreises in der Klasse der 5-j\u00e4hrigen Rums, einer doppelten Goldmedaille, beim Zweiten Internationalen Rum-Kongress in Madrid 2014.<\/p>\n<p>Gewinner des ersten Preises im internationalen Verpackungswettbewerb der Top Fedrigoni Awards 2013.<\/p>\n<p>&nbsp;<\/p>","protected":false},"featured_media":6073,"template":"","meta":{"_exactmetrics_skip_tracking":false,"_exactmetrics_sitenote_active":false,"_exactmetrics_sitenote_note":"","_exactmetrics_sitenote_category":0,"_uf_show_specific_survey":0,"_uf_disable_surveys":false,"iawp_total_views":47},"product_brand":[],"product_cat":[158,198],"product_tag":[],"class_list":{"0":"post-14110","1":"product","2":"type-product","3":"status-publish","4":"has-post-thumbnail","6":"product_cat-espirituosos","7":"product_cat-rum","9":"first","10":"instock","11":"shipping-taxable","12":"purchasable","13":"product-type-simple"},"_links":{"self":[{"href":"https:\/\/bracaravinum.pt\/de\/wp-json\/wp\/v2\/product\/14110","targetHints":{"allow":["GET"]}}],"collection":[{"href":"https:\/\/bracaravinum.pt\/de\/wp-json\/wp\/v2\/product"}],"about":[{"href":"https:\/\/bracaravinum.pt\/de\/wp-json\/wp\/v2\/types\/product"}],"wp:featuredmedia":[{"embeddable":true,"href":"https:\/\/bracaravinum.pt\/de\/wp-json\/wp\/v2\/media\/6073"}],"wp:attachment":[{"href":"https:\/\/bracaravinum.pt\/de\/wp-json\/wp\/v2\/media?parent=14110"}],"wp:term":[{"taxonomy":"product_brand","embeddable":true,"href":"https:\/\/bracaravinum.pt\/de\/wp-json\/wp\/v2\/product_brand?post=14110"},{"taxonomy":"product_cat","embeddable":true,"href":"https:\/\/bracaravinum.pt\/de\/wp-json\/wp\/v2\/product_cat?post=14110"},{"taxonomy":"product_tag","embeddable":true,"href":"https:\/\/bracaravinum.pt\/de\/wp-json\/wp\/v2\/product_tag?post=14110"}],"curies":[{"name":"wp","href":"https:\/\/api.w.org\/{rel}","templated":true}]}}