{"id":14101,"date":"2020-06-25T18:56:36","date_gmt":"2020-06-25T18:56:36","guid":{"rendered":"http:\/\/bracaravinum.pt\/?post_type=product&#038;p=14101"},"modified":"2025-04-09T11:13:30","modified_gmt":"2025-04-09T11:13:30","slug":"sauerkirsche-msr-50cl","status":"publish","type":"product","link":"https:\/\/bracaravinum.pt\/de\/produkt\/sauerkirsche-msr-50cl\/","title":{"rendered":"Kirsche MSR 50cl"},"content":{"rendered":"<div><img decoding=\"async\" class=\"size-full wp-image-15244 aligncenter\" src=\"http:\/\/bracaravinum.pt\/wp-content\/uploads\/2022\/02\/Ginja-MSR-logo.png\" alt=\"\" width=\"122\" height=\"206\" \/><br \/>\nDer Ginja-Lik\u00f6r von MSR ist als Exlibris der Region bekannt und wird von in- und ausl\u00e4ndischen Besuchern des Klosters Santa Maria de Alcoba\u00e7a, das zum Weltkulturerbe geh\u00f6rt, sehr gesch\u00e4tzt.<\/div>\n<div>\n<div>Der MSR Ginja-Lik\u00f6r entstand in den 20er Jahren des 20. Jahrhunderts in Alcoba\u00e7a durch die Hand von Manuel de Sousa Ribeiro (1894-1976), mit seinem vollst\u00e4ndigen Namen: Manuel de Assis da Silva Daun und Lorena Guimar\u00e3es Oliveira de Souza Ribeiro, geboren in Cedofeita, Porto, stammte aus einer wohlhabenden und prunkvollen Familie und verf\u00fcgte \u00fcber eine h\u00f6here kulturelle und akademische Ausbildung, die er in England erlangte. Er kam nach Alcoba\u00e7a und es ist bekannt, dass er in den 1920er Jahren in den beiden wichtigsten landwirtschaftlichen Betrieben von Alcoba\u00e7a in der Wein- und Spirituosenproduktion arbeitete und sich zu einem renommierten Spezialisten f\u00fcr Weine, Essige und Spirituosen entwickelte.<\/div>\n<div>Mit seinem Wissen und in klarer Missachtung der traditionellen hausgemachten Sauerkirschen, die in ganz Alcoba\u00e7a verbreitet waren und aus dem Alcoba\u00e7a-Kloster stammten, machte er sich daran, die besten Sauerkirschen herzustellen und entwickelte eine einzigartige Herstellungsformel, die bis heute unver\u00e4ndert geblieben ist. Gr\u00fcndung von Ginja MSR, dessen Markenregistrierung bis ins Jahr 1930 zur\u00fcckreicht.<\/div>\n<div>In der Casa Agr\u00edcola Raposo de Magalh\u00e3es lernte Manuel de Sousa Ribeiro David Pinto (1907-1985) kennen, einen Angestellten, der mit einer klaren Vorstellung vom Potenzial und den Qualit\u00e4ten des Ginja-Lik\u00f6rs in den 1930er Jahren die exklusive Herstellungsformel erwarb. Gr\u00fcndung der Firma David Pinto &amp; Companhia, Lda im Jahr 1940, die seitdem MSR Cherry Liqueur herstellt.<\/div>\n<\/div>","protected":false},"excerpt":{"rendered":"<p>Sauerkirsche, auch Sauerkirsche genannt, ist eine Art der Gattung Prunus, eine kleine runde rote Frucht mit s\u00fc\u00df-saurem Geschmack, die vom Ginjeira-Baum gewonnen wird und normalerweise f\u00fcr industrielle Zwecke bei der Herstellung von Getr\u00e4nken und beim Kochen verwendet wird. In Portugal wird es haupts\u00e4chlich in der westlichen Region produziert.<\/p>\n<div>MSR Ginja-Lik\u00f6r wird in Alcoba\u00e7a in einem handwerklichen Verfahren ausschlie\u00dflich aus frischen Kirschen bester Qualit\u00e4t der Sorte Folha-no-p\u00e9 hergestellt, die in der westlichen Region Portugals, n\u00e4mlich in dem geografischen Gebiet, das dem alten Zisterzienserkloster entspricht, manuell geerntet werden Gebiete, in denen einzigartige Boden- und Klimabedingungen herrschen, die aufgrund des engen Einflusses des Meeres durch ein gem\u00e4\u00dfigtes und feuchtes Klima gekennzeichnet sind.<\/div>\n<div>Es ist von einzigartiger Qualit\u00e4t und vereint Wissen, die uralte Tradition der Zisterzienserm\u00f6nche und die au\u00dfergew\u00f6hnliche Qualit\u00e4t der Fr\u00fcchte aus Alcoba\u00e7a und den angrenzenden Regionen. Es ist absolut nat\u00fcrlich, ohne k\u00fcnstliche Farb- und Konservierungsstoffe.<br \/>\nMit seinem intensiven Kirscharoma und -geschmack, der rubinroten Farbe und der samtigen Note kann der Ginja-Lik\u00f6r von MSR jederzeit genossen werden. Der Abschluss einer guten Mahlzeit steigert Ihre Verdauungsqualit\u00e4t. Es kann auf Gastronomie und Cocktails angewendet werden.<\/div>","protected":false},"featured_media":6026,"template":"","meta":{"_exactmetrics_skip_tracking":false,"_exactmetrics_sitenote_active":false,"_exactmetrics_sitenote_note":"","_exactmetrics_sitenote_category":0,"_uf_show_specific_survey":0,"_uf_disable_surveys":false,"iawp_total_views":133},"product_brand":[],"product_cat":[161],"product_tag":[],"class_list":{"0":"post-14101","1":"product","2":"type-product","3":"status-publish","4":"has-post-thumbnail","6":"product_cat-licores","8":"first","9":"outofstock","10":"shipping-taxable","11":"purchasable","12":"product-type-simple"},"_links":{"self":[{"href":"https:\/\/bracaravinum.pt\/de\/wp-json\/wp\/v2\/product\/14101","targetHints":{"allow":["GET"]}}],"collection":[{"href":"https:\/\/bracaravinum.pt\/de\/wp-json\/wp\/v2\/product"}],"about":[{"href":"https:\/\/bracaravinum.pt\/de\/wp-json\/wp\/v2\/types\/product"}],"wp:featuredmedia":[{"embeddable":true,"href":"https:\/\/bracaravinum.pt\/de\/wp-json\/wp\/v2\/media\/6026"}],"wp:attachment":[{"href":"https:\/\/bracaravinum.pt\/de\/wp-json\/wp\/v2\/media?parent=14101"}],"wp:term":[{"taxonomy":"product_brand","embeddable":true,"href":"https:\/\/bracaravinum.pt\/de\/wp-json\/wp\/v2\/product_brand?post=14101"},{"taxonomy":"product_cat","embeddable":true,"href":"https:\/\/bracaravinum.pt\/de\/wp-json\/wp\/v2\/product_cat?post=14101"},{"taxonomy":"product_tag","embeddable":true,"href":"https:\/\/bracaravinum.pt\/de\/wp-json\/wp\/v2\/product_tag?post=14101"}],"curies":[{"name":"wp","href":"https:\/\/api.w.org\/{rel}","templated":true}]}}