{"id":13957,"date":"2020-05-25T18:14:35","date_gmt":"2020-05-25T18:14:35","guid":{"rendered":"http:\/\/bracaravinum.pt\/?post_type=product&#038;p=13957"},"modified":"2022-03-18T17:32:00","modified_gmt":"2022-03-18T17:32:00","slug":"quinta-do-piloto-colecao-de-familia-tinto-2015-75cl","status":"publish","type":"product","link":"https:\/\/bracaravinum.pt\/de\/produto\/quinta-do-piloto-colecao-de-familia-tinto-2015-75cl\/","title":{"rendered":"Quinta do Piloto Cole\u00e7\u00e3o de Familia Tinto 75cl"},"content":{"rendered":"<p><img fetchpriority=\"high\" decoding=\"async\" class=\"size-medium wp-image-15719 aligncenter\" src=\"http:\/\/bracaravinum.pt\/wp-content\/uploads\/2020\/05\/logoQuintadoPiloto-300x171.png\" alt=\"\" width=\"300\" height=\"171\" srcset=\"https:\/\/bracaravinum.pt\/wp-content\/uploads\/2020\/05\/logoQuintadoPiloto-300x171.png 300w, https:\/\/bracaravinum.pt\/wp-content\/uploads\/2020\/05\/logoQuintadoPiloto-18x10.png 18w, https:\/\/bracaravinum.pt\/wp-content\/uploads\/2020\/05\/logoQuintadoPiloto.png 360w\" sizes=\"(max-width: 300px) 100vw, 300px\" \/><\/p>\n<p class=\"font_8\">A Quinta do Piloto \u00e9 herdeira da tradi\u00e7\u00e3o vin\u00edcola de quatro gera\u00e7\u00f5es da fam\u00edlia Cardoso em Palmela. Os seus vinhos s\u00e3o fruto de lotes escolhidos entre 200 hectares de vinhas nos melhores\u00a0terroirs da regi\u00e3o.<\/p>\n<p>Dar a saborear a ess\u00eancia dos vinhos de Palmela no seu melhor \u00e9 a promessa da Quinta do Piloto. Uma promessa assente na excel\u00eancia dos terroirs onde brilham as vinhas velhas de castas tradicionais, como Castel\u00e3o e Moscatel. Vinificados pelos m\u00e9todos ancestrais da regi\u00e3o, gra\u00e7as ao saber de quatro gera\u00e7\u00f5es da fam\u00edlia Cardoso, os vinhos da Quinta do Piloto s\u00e3o elegantes, expoentes das castas aut\u00f3ctones e pequenas quantidades de castas escolhidas pela excel\u00eancia.<\/p>","protected":false},"excerpt":{"rendered":"<p>Castas: Castel\u00e3o Vinhas Velhas<\/p>\n<p class=\"font_8\">Feito de uvas de Castel\u00e3o de uma vinha velha situada na Herdade da Agualva, \u00e9\u00a0um vinho de enorme extrac\u00e7\u00e3o, vinificado para durar d\u00e9cadas. Depois dos primeiros 12 meses de est\u00e1gio em barrica, a fam\u00edlia re\u00fane-se em prova e seleciona as tr\u00eas melhores barricas para prolongar o est\u00e1gio por mais 12 meses.<\/p>\n<p class=\"font_8\">Vinho de car\u00e1cter forte e personalidade vincada, reclama para si a responsabilidade de ser um verdadeiro Castel\u00e3o de Palmela.<\/p>","protected":false},"featured_media":9923,"template":"","meta":{"_exactmetrics_skip_tracking":false,"_exactmetrics_sitenote_active":false,"_exactmetrics_sitenote_note":"","_exactmetrics_sitenote_category":0,"_uf_show_specific_survey":0,"_uf_disable_surveys":false,"iawp_total_views":11},"product_brand":[],"product_cat":[214,184,157],"product_tag":[],"class_list":{"0":"post-13957","1":"product","2":"type-product","3":"status-publish","4":"has-post-thumbnail","6":"product_cat-setubal","7":"product_cat-tinto","8":"product_cat-vinhos","10":"first","11":"instock","12":"shipping-taxable","13":"purchasable","14":"product-type-simple"},"_links":{"self":[{"href":"https:\/\/bracaravinum.pt\/de\/wp-json\/wp\/v2\/product\/13957","targetHints":{"allow":["GET"]}}],"collection":[{"href":"https:\/\/bracaravinum.pt\/de\/wp-json\/wp\/v2\/product"}],"about":[{"href":"https:\/\/bracaravinum.pt\/de\/wp-json\/wp\/v2\/types\/product"}],"wp:featuredmedia":[{"embeddable":true,"href":"https:\/\/bracaravinum.pt\/de\/wp-json\/wp\/v2\/media\/9923"}],"wp:attachment":[{"href":"https:\/\/bracaravinum.pt\/de\/wp-json\/wp\/v2\/media?parent=13957"}],"wp:term":[{"taxonomy":"product_brand","embeddable":true,"href":"https:\/\/bracaravinum.pt\/de\/wp-json\/wp\/v2\/product_brand?post=13957"},{"taxonomy":"product_cat","embeddable":true,"href":"https:\/\/bracaravinum.pt\/de\/wp-json\/wp\/v2\/product_cat?post=13957"},{"taxonomy":"product_tag","embeddable":true,"href":"https:\/\/bracaravinum.pt\/de\/wp-json\/wp\/v2\/product_tag?post=13957"}],"curies":[{"name":"wp","href":"https:\/\/api.w.org\/{rel}","templated":true}]}}