{"id":13885,"date":"2020-05-15T10:45:00","date_gmt":"2020-05-15T10:45:00","guid":{"rendered":"http:\/\/bracaravinum.pt\/?post_type=product&#038;p=13885"},"modified":"2025-01-21T10:46:05","modified_gmt":"2025-01-21T10:46:05","slug":"foral-de-meda-tinto-75cl","status":"publish","type":"product","link":"https:\/\/bracaravinum.pt\/de\/produto\/foral-de-meda-tinto-75cl\/","title":{"rendered":"Foral de Meda Tinto 75cl"},"content":{"rendered":"<p><img fetchpriority=\"high\" decoding=\"async\" class=\"size-medium wp-image-15399 aligncenter\" src=\"http:\/\/bracaravinum.pt\/wp-content\/uploads\/2022\/02\/qta-vale-daldeia-logo-261x300.png\" alt=\"\" width=\"261\" height=\"300\" srcset=\"https:\/\/bracaravinum.pt\/wp-content\/uploads\/2022\/02\/qta-vale-daldeia-logo-261x300.png 261w, https:\/\/bracaravinum.pt\/wp-content\/uploads\/2022\/02\/qta-vale-daldeia-logo-600x689.png 600w, https:\/\/bracaravinum.pt\/wp-content\/uploads\/2022\/02\/qta-vale-daldeia-logo.png 679w\" sizes=\"(max-width: 261px) 100vw, 261px\" \/><\/p>\n<p>Quinta Vale d\u2019Aldeia\u00a0\u2013 situada na regi\u00e3o da Meda, em pleno Douro Superior \u2013 \u00e9 um projeto que nasce do esfor\u00e7o e dedica\u00e7\u00e3o de uma fam\u00edlia, cujo principal objetivo visa a produ\u00e7\u00e3o de vinhos de excel\u00eancia.<\/p>\n<p>A sua localiza\u00e7\u00e3o, caracterizada por ricos e complexos microclimas, permite obter do generoso solo e de castas selecionadas uma rentabilidade e qualidade verdadeiramente \u00edmpares. A este fator alia-se a utiliza\u00e7\u00e3o de tecnologia de ponta na produ\u00e7\u00e3o e fabrico do vinho, que faz da\u00a0Quinta Vale d\u2019Aldeia\u00a0uma das principais refer\u00eancias vin\u00edcolas da\u00a0regi\u00e3o Demarcada do Douro.<\/p>\n<p>Totalmente inserida na\u00a0regi\u00e3o demarcada do Douro, neste momento, a quinta possui cerca de 150 hectares de terreno cultivado, dos quais 110 s\u00e3o de vinha e os restantes de olival. As vinhas t\u00eam vindo a ser plantadas desde 2004 at\u00e9 aos dias de hoje e encontram-se distribu\u00eddas em parcelas por castas criteriosamente selecionadas, tendo em conta as caracter\u00edsticas dos solos, exposi\u00e7\u00f5es solares, altitude e as matura\u00e7\u00f5es que se pretendem obter. Os vinhos oriundos desta zona s\u00e3o vinhos jovens e frescos, cuja caracter\u00edstica mais evidente \u00e9 a acidez que eles adquirem durante a matura\u00e7\u00e3o, sendo esta uma das qualidades mais importantes no que diz respeito \u00e0 evolu\u00e7\u00e3o dos vinhos no est\u00e1gio em garrafa.<\/p>","protected":false},"excerpt":{"rendered":"<p>Castas: Touriga Nacional, Touriga Franca e Tinta Amarela<\/p>\n<p>Este vinho foi produzido com parcelas de uvas da casta Touriga Nacional, Touriga Franca e Tinta Amarela situadas a uma altitude que varia entre os 350 e os 500 metros. Cor viva, aroma jovem e fresco lembrando frutos vermelhos. \u00c9 um vinho bastante equilibrado, vivo, medianamente encorpado, apresentando um bom car\u00e1ter e intensidade de fruta. Final de boca equilibrado.<\/p>","protected":false},"featured_media":9882,"template":"","meta":{"_exactmetrics_skip_tracking":false,"_exactmetrics_sitenote_active":false,"_exactmetrics_sitenote_note":"","_exactmetrics_sitenote_category":0,"_uf_show_specific_survey":0,"_uf_disable_surveys":false,"iawp_total_views":41},"product_brand":[],"product_cat":[215,184,157],"product_tag":[],"class_list":{"0":"post-13885","1":"product","2":"type-product","3":"status-publish","4":"has-post-thumbnail","6":"product_cat-douro","7":"product_cat-tinto","8":"product_cat-vinhos","10":"first","11":"instock","12":"shipping-taxable","13":"purchasable","14":"product-type-simple"},"_links":{"self":[{"href":"https:\/\/bracaravinum.pt\/de\/wp-json\/wp\/v2\/product\/13885","targetHints":{"allow":["GET"]}}],"collection":[{"href":"https:\/\/bracaravinum.pt\/de\/wp-json\/wp\/v2\/product"}],"about":[{"href":"https:\/\/bracaravinum.pt\/de\/wp-json\/wp\/v2\/types\/product"}],"wp:featuredmedia":[{"embeddable":true,"href":"https:\/\/bracaravinum.pt\/de\/wp-json\/wp\/v2\/media\/9882"}],"wp:attachment":[{"href":"https:\/\/bracaravinum.pt\/de\/wp-json\/wp\/v2\/media?parent=13885"}],"wp:term":[{"taxonomy":"product_brand","embeddable":true,"href":"https:\/\/bracaravinum.pt\/de\/wp-json\/wp\/v2\/product_brand?post=13885"},{"taxonomy":"product_cat","embeddable":true,"href":"https:\/\/bracaravinum.pt\/de\/wp-json\/wp\/v2\/product_cat?post=13885"},{"taxonomy":"product_tag","embeddable":true,"href":"https:\/\/bracaravinum.pt\/de\/wp-json\/wp\/v2\/product_tag?post=13885"}],"curies":[{"name":"wp","href":"https:\/\/api.w.org\/{rel}","templated":true}]}}