{"id":13460,"date":"2020-04-16T22:26:57","date_gmt":"2020-04-16T22:26:57","guid":{"rendered":"http:\/\/bracaravinum.pt\/?post_type=product&#038;p=13460"},"modified":"2025-10-31T12:48:38","modified_gmt":"2025-10-31T12:48:38","slug":"cerveja-kasteel-blonde-75cl","status":"publish","type":"product","link":"https:\/\/bracaravinum.pt\/de\/produkt\/cerveja-kasteel-blonde-75cl\/","title":{"rendered":"Kasteel Donker Bier 75cl"},"content":{"rendered":"<p>A Kasteel \u00e9 o cora\u00e7\u00e3o da cervejaria h\u00e1 muitos anos e reflete amplamente a rica tradi\u00e7\u00e3o da cerveja belga com Kasteel Blond, Kasteel Donker e Kasteel Tripel.\u00a0Kasteel Hoppy \u00e9 a resposta para o sucesso da IPA ou India Pale Ale.\u00a0Kasteel Rouge \u00e9 um dissidente da linha, uma mistura de Kasteel Donker e cerejas.<\/p>","protected":false},"excerpt":{"rendered":"<p><img decoding=\"async\" class=\"alignnone size-full wp-image-3551\" src=\"https:\/\/bracaravinum.pt\/wp-content\/uploads\/2020\/04\/belgica.png\" alt=\"\" width=\"70\" height=\"40\" \/> Herkunft Belgien<\/p>\n<p>Kasteel Donker pertence \u00e0 fam\u00edlia de fortes cervejas marrons escuras nas quais predominam os maltes torrados.\u00a0A primeira cerveja Kasteel \u00e9, portanto, uma cerveja encorpada, com notas claras de caramelo, caf\u00e9 e chocolate.\u00a0O ataque doce torna esta cerveja surpreendentemente complexa e muito acess\u00edvel.<\/p>","protected":false},"featured_media":3646,"template":"","meta":{"_exactmetrics_skip_tracking":false,"_exactmetrics_sitenote_active":false,"_exactmetrics_sitenote_note":"","_exactmetrics_sitenote_category":0,"_uf_show_specific_survey":0,"_uf_disable_surveys":false,"iawp_total_views":12},"product_brand":[],"product_cat":[259,171],"product_tag":[],"class_list":{"0":"post-13460","1":"product","2":"type-product","3":"status-publish","4":"has-post-thumbnail","6":"product_cat-cervejas","7":"product_cat-gourmet","9":"first","10":"outofstock","11":"shipping-taxable","12":"purchasable","13":"product-type-simple"},"_links":{"self":[{"href":"https:\/\/bracaravinum.pt\/de\/wp-json\/wp\/v2\/product\/13460","targetHints":{"allow":["GET"]}}],"collection":[{"href":"https:\/\/bracaravinum.pt\/de\/wp-json\/wp\/v2\/product"}],"about":[{"href":"https:\/\/bracaravinum.pt\/de\/wp-json\/wp\/v2\/types\/product"}],"wp:featuredmedia":[{"embeddable":true,"href":"https:\/\/bracaravinum.pt\/de\/wp-json\/wp\/v2\/media\/3646"}],"wp:attachment":[{"href":"https:\/\/bracaravinum.pt\/de\/wp-json\/wp\/v2\/media?parent=13460"}],"wp:term":[{"taxonomy":"product_brand","embeddable":true,"href":"https:\/\/bracaravinum.pt\/de\/wp-json\/wp\/v2\/product_brand?post=13460"},{"taxonomy":"product_cat","embeddable":true,"href":"https:\/\/bracaravinum.pt\/de\/wp-json\/wp\/v2\/product_cat?post=13460"},{"taxonomy":"product_tag","embeddable":true,"href":"https:\/\/bracaravinum.pt\/de\/wp-json\/wp\/v2\/product_tag?post=13460"}],"curies":[{"name":"wp","href":"https:\/\/api.w.org\/{rel}","templated":true}]}}