{"id":13436,"date":"2020-04-16T09:29:23","date_gmt":"2020-04-16T09:29:23","guid":{"rendered":"http:\/\/bracaravinum.pt\/?post_type=product&#038;p=13436"},"modified":"2025-10-31T12:49:03","modified_gmt":"2025-10-31T12:49:03","slug":"bier-3-grose-reserveflaschen-75cl","status":"publish","type":"product","link":"https:\/\/bracaravinum.pt\/de\/produkt\/bier-3-grose-reserveflaschen-75cl\/","title":{"rendered":"Bier 3 Monts Grande Reserva 75cl"},"content":{"rendered":"<p><img decoding=\"async\" class=\"size-medium wp-image-15050 aligncenter\" src=\"http:\/\/bracaravinum.pt\/wp-content\/uploads\/2022\/02\/logo-3monts-fr-300x120.png\" alt=\"\" width=\"300\" height=\"120\" srcset=\"https:\/\/bracaravinum.pt\/wp-content\/uploads\/2022\/02\/logo-3monts-fr-300x120.png 300w, https:\/\/bracaravinum.pt\/wp-content\/uploads\/2022\/02\/logo-3monts-fr.png 500w\" sizes=\"(max-width: 300px) 100vw, 300px\" \/><\/p>\n<p>Die 3 MONTS Brewery befindet sich im franz\u00f6sischen Flandern in Saint-Sylvestre-Cappel und ist seit 1920 eine unabh\u00e4ngige Familienbrauerei. Der Name 3 MONTS kommt von den H\u00fcgeln Cassel, Cats und R\u00e9collets, einem markanten Merkmal der lokalen Landschaft. Die seit 1920 vom Vater an den Sohn weitergegebene Brauerei produziert heute Biere, die den Reichtum des Landes und die legend\u00e4re fl\u00e4mische Geselligkeit widerspiegeln. Die Brauerei ist stolz auf ihre Herkunft und ihr Erbe und setzt sich daf\u00fcr ein, die fl\u00e4mische Kultur \u00fcber ihre Grenzen hinaus zu f\u00f6rdern und Werte zu vermitteln: \u2022 Charakterst\u00e4rke \u2022 Zusammenleben \u2022 Gro\u00dfz\u00fcgigkeit.<\/p>","protected":false},"excerpt":{"rendered":"<p><img decoding=\"async\" class=\"alignnone size-full wp-image-15141\" src=\"http:\/\/bracaravinum.pt\/wp-content\/uploads\/2021\/01\/franca.jpg\" alt=\"\" width=\"70\" height=\"40\" \/>Herkunft Frankreich<\/p>\n<p>Ein unverwechselbares Tripel-Ale, holzig und fruchtig, mit starkem Charakter: Sein klarer und ganz besonderer Geschmack entsteht durch die Arbeit mit Hefe.<\/p>\n<p>W\u00fcrzige und fruchtige Aromen. Geschmack: S\u00fc\u00df, reichhaltig und ausgewogen, lange im Mund, leichte Bitterkeit<\/p>","protected":false},"featured_media":20147,"template":"","meta":{"_exactmetrics_skip_tracking":false,"_exactmetrics_sitenote_active":false,"_exactmetrics_sitenote_note":"","_exactmetrics_sitenote_category":0,"_uf_show_specific_survey":0,"_uf_disable_surveys":false,"iawp_total_views":104},"product_brand":[],"product_cat":[259,171],"product_tag":[],"class_list":{"0":"post-13436","1":"product","2":"type-product","3":"status-publish","4":"has-post-thumbnail","6":"product_cat-cervejas","7":"product_cat-gourmet","9":"first","10":"instock","11":"shipping-taxable","12":"purchasable","13":"product-type-simple"},"_links":{"self":[{"href":"https:\/\/bracaravinum.pt\/de\/wp-json\/wp\/v2\/product\/13436","targetHints":{"allow":["GET"]}}],"collection":[{"href":"https:\/\/bracaravinum.pt\/de\/wp-json\/wp\/v2\/product"}],"about":[{"href":"https:\/\/bracaravinum.pt\/de\/wp-json\/wp\/v2\/types\/product"}],"wp:featuredmedia":[{"embeddable":true,"href":"https:\/\/bracaravinum.pt\/de\/wp-json\/wp\/v2\/media\/20147"}],"wp:attachment":[{"href":"https:\/\/bracaravinum.pt\/de\/wp-json\/wp\/v2\/media?parent=13436"}],"wp:term":[{"taxonomy":"product_brand","embeddable":true,"href":"https:\/\/bracaravinum.pt\/de\/wp-json\/wp\/v2\/product_brand?post=13436"},{"taxonomy":"product_cat","embeddable":true,"href":"https:\/\/bracaravinum.pt\/de\/wp-json\/wp\/v2\/product_cat?post=13436"},{"taxonomy":"product_tag","embeddable":true,"href":"https:\/\/bracaravinum.pt\/de\/wp-json\/wp\/v2\/product_tag?post=13436"}],"curies":[{"name":"wp","href":"https:\/\/api.w.org\/{rel}","templated":true}]}}