{"id":13407,"date":"2020-04-14T17:10:42","date_gmt":"2020-04-14T17:10:42","guid":{"rendered":"http:\/\/bracaravinum.pt\/?post_type=product&#038;p=13407"},"modified":"2023-09-23T09:39:48","modified_gmt":"2023-09-23T09:39:48","slug":"3439","status":"publish","type":"product","link":"https:\/\/bracaravinum.pt\/de\/produkt\/3439\/","title":{"rendered":"Mon\u00f3logo Chardonnay Branco P706 75cl"},"content":{"rendered":"<div class=\"views-field views-field-name\">\n<p class=\"field-content\">CHARDONNAY 100%<\/p>\n<\/div>\n<div class=\"views-field views-field-description-i18n\">\n<div class=\"field-content\">\n<p>Uma das castas mais reconhecida no mundo de onde prov\u00eam vinhos arom\u00e1ticos e complexos. Uma uva de cor verde com grande acidez que pode resultar em vinhos com toques agrad\u00e1veis de fruta. sabor amanteigado e notas de mineralidade. A uva chardonnay \u00e9 pequena, com cachos m\u00e9dios.<\/p>\n<div class=\"views-row views-row-2 views-row-even\">\n<div class=\"views-field views-field-name-i18n\"><span class=\"field-content\">Vegan<\/span><\/div>\n<div class=\"views-field views-field-description-i18n\">\n<div class=\"field-content\">\n<p>Durante a filtragem n\u00e3o recorremos a nenhum agente de origem animal. Dedicamos-nos a produzir vinhos adequados para consumidores vegan.<\/p>\n<\/div>\n<\/div>\n<\/div>\n<div class=\"views-row views-row-3 views-row-odd\">\n<div class=\"views-field views-field-field-icon\">\n<div class=\"field-content\">Agricultura Sustent\u00e1vel<\/div>\n<\/div>\n<div class=\"views-field views-field-description-i18n\">\n<div class=\"field-content\">\n<p>A sustentabilidade garante a qualidade e durabilidade do solo e ambiente resultando num produto que \u00e9 natural e amigo do ambiente<\/p>\n<div class=\"views-field views-field-name-i18n\"><span class=\"field-content\">Peixes gordos e aves<\/span><\/div>\n<div class=\"views-field views-field-description-i18n\">\n<div class=\"field-content\">\n<p>Apesar de n\u00e3o acreditarmos no car\u00e1cter definitivo das harmoniza\u00e7\u00f5es e encorajarmos experimenta\u00e7\u00e3o este vinho acompanha especialmente bem pratos de peixe gordo e aves.<\/p>\n<\/div>\n<\/div>\n<\/div>\n<\/div>\n<\/div>\n<\/div>\n<\/div>","protected":false},"excerpt":{"rendered":"<p><img decoding=\"async\" class=\"alignnone size-full wp-image-15124\" src=\"https:\/\/bracaravinum.pt\/wp-content\/uploads\/2020\/04\/bio.jpg\" alt=\"\" width=\"80\" height=\"53\" \/><\/p>\n<p>O Mon\u00f3logo Chardonnay P706, \u00e9 um vinho monocasta cujas uvas t\u00eam proveni\u00eancia na quinta dos Espinhosos. Utilizando recurso a pr\u00e1ticas de agricultura sustent\u00e1vel esta propriedade encontra-se em convers\u00e3o para produ\u00e7\u00e3o biol\u00f3gica. \u00c9 um vinho com uma grande express\u00e3o arom\u00e1tica e eleg\u00e2ncia.<\/p>","protected":false},"featured_media":3440,"template":"","meta":{"_exactmetrics_skip_tracking":false,"_exactmetrics_sitenote_active":false,"_exactmetrics_sitenote_note":"","_exactmetrics_sitenote_category":0,"_uf_show_specific_survey":0,"_uf_disable_surveys":false,"iawp_total_views":17},"product_brand":[],"product_cat":[157,185,206],"product_tag":[],"class_list":{"0":"post-13407","1":"product","2":"type-product","3":"status-publish","4":"has-post-thumbnail","6":"product_cat-vinhos","7":"product_cat-branco","8":"product_cat-vinhos-verdes","10":"first","11":"instock","12":"shipping-taxable","13":"purchasable","14":"product-type-simple"},"_links":{"self":[{"href":"https:\/\/bracaravinum.pt\/de\/wp-json\/wp\/v2\/product\/13407","targetHints":{"allow":["GET"]}}],"collection":[{"href":"https:\/\/bracaravinum.pt\/de\/wp-json\/wp\/v2\/product"}],"about":[{"href":"https:\/\/bracaravinum.pt\/de\/wp-json\/wp\/v2\/types\/product"}],"wp:featuredmedia":[{"embeddable":true,"href":"https:\/\/bracaravinum.pt\/de\/wp-json\/wp\/v2\/media\/3440"}],"wp:attachment":[{"href":"https:\/\/bracaravinum.pt\/de\/wp-json\/wp\/v2\/media?parent=13407"}],"wp:term":[{"taxonomy":"product_brand","embeddable":true,"href":"https:\/\/bracaravinum.pt\/de\/wp-json\/wp\/v2\/product_brand?post=13407"},{"taxonomy":"product_cat","embeddable":true,"href":"https:\/\/bracaravinum.pt\/de\/wp-json\/wp\/v2\/product_cat?post=13407"},{"taxonomy":"product_tag","embeddable":true,"href":"https:\/\/bracaravinum.pt\/de\/wp-json\/wp\/v2\/product_tag?post=13407"}],"curies":[{"name":"wp","href":"https:\/\/api.w.org\/{rel}","templated":true}]}}