{"id":13260,"date":"2020-04-09T19:36:56","date_gmt":"2020-04-09T19:36:56","guid":{"rendered":"http:\/\/bracaravinum.pt\/?post_type=product&#038;p=13260"},"modified":"2024-04-23T12:04:43","modified_gmt":"2024-04-23T12:04:43","slug":"fafide-reserva-branco-2018-75cl","status":"publish","type":"product","link":"https:\/\/bracaravinum.pt\/de\/produkt\/fafide-reserva-branco-2018-75cl\/","title":{"rendered":"Fafide Reserva Branco 2022 75cl"},"content":{"rendered":"<p style=\"text-align: center;\">In einer der abgelegensten Gegenden der iberischen Halbinsel, im Grenzgebiet zwischen Douro Superior und Beira Alta, wurde in meiner Familie meine Leidenschaft f\u00fcr die D\u00fcfte und Ger\u00fcche dieses Landes geboren, die unseren Charakter pr\u00e4gen.<\/p>\n<div class=\"et_pb_column et_pb_column_1_2 et_pb_column_0 et_pb_css_mix_blend_mode_passthrough\">\n<div class=\"et_pb_module et_pb_text et_pb_text_0 et_pb_bg_layout_light et_pb_text_align_justified\">\n<div class=\"et_pb_text_inner\">Nachdem ich in verschiedenen Teilen der Welt mit vielen Kulturen des Lebens und der Weinherstellung in Kontakt gekommen war, kehrte ich in das gro\u00dfe Douro-Tal zur\u00fcck, \u00fcberzeugt davon, dass wir das Potenzial haben, die besten Weine der Welt herzustellen.<\/div>\n<\/div>\n<\/div>\n<div class=\"et_pb_column et_pb_column_1_2 et_pb_column_1 et_pb_css_mix_blend_mode_passthrough et-last-child\">\n<div class=\"et_pb_module et_pb_divider_3 et_pb_space et_pb_divider_hidden\">\n<div class=\"et_pb_divider_internal\">Aus Respekt vor der Natur, vor der Art und Weise, wie wir unsere Weinberge bewirtschaften, spiegeln meine Weine meine Erfahrungen wider, die nach meinem Land, Schiefer, nassem Granit, Zistrose, Blumen und Fr\u00fcchten des Feldes riechen und schmecken.<\/div>\n<\/div>\n<div class=\"et_pb_module et_pb_text et_pb_text_1 et_pb_bg_layout_light et_pb_text_align_justified\">\n<div class=\"et_pb_text_inner\">In meinem Keller mache ich Weine mit dem Charakter unseres \u201eTerroirs\u201c, ausgedr\u00fcckt durch einheimische Rebsorten, denen ich meinen eigenen Stil und ein internationales Profil verleihe.<\/div>\n<\/div>\n<\/div>","protected":false},"excerpt":{"rendered":"<p>&nbsp;<\/p>\n<p>6 meses em barricas de carvalho franc\u00eas e americano, fermenta\u00e7\u00e3o e est\u00e1gio com agita\u00e7\u00e3o de borras finas \/ Uvas de vinhas velhas das castas: C\u00f3dega do Larinho, Rabigato, Viosinho \/ Solos xistosos do Douro Superior<\/p>\n<p>Aroma mineral, frutos c\u00edtricos e ex\u00f3ticos, fresco com bom volume de boca, textura amanteigada e complexidade dada pela fermenta\u00e7\u00e3o e est\u00e1gio em barricas. Aconselho-o vivamente com peixes grelhados gordos, pratos de marisco, sushi e cozinha Italiana.<\/p>","protected":false},"featured_media":9727,"template":"","meta":{"_exactmetrics_skip_tracking":false,"_exactmetrics_sitenote_active":false,"_exactmetrics_sitenote_note":"","_exactmetrics_sitenote_category":0,"_uf_show_specific_survey":0,"_uf_disable_surveys":false,"iawp_total_views":2},"product_brand":[],"product_cat":[185,188,157],"product_tag":[],"class_list":{"0":"post-13260","1":"product","2":"type-product","3":"status-publish","4":"has-post-thumbnail","6":"product_cat-branco","7":"product_cat-douro-branco","8":"product_cat-vinhos","10":"first","11":"instock","12":"shipping-taxable","13":"purchasable","14":"product-type-simple"},"_links":{"self":[{"href":"https:\/\/bracaravinum.pt\/de\/wp-json\/wp\/v2\/product\/13260","targetHints":{"allow":["GET"]}}],"collection":[{"href":"https:\/\/bracaravinum.pt\/de\/wp-json\/wp\/v2\/product"}],"about":[{"href":"https:\/\/bracaravinum.pt\/de\/wp-json\/wp\/v2\/types\/product"}],"wp:featuredmedia":[{"embeddable":true,"href":"https:\/\/bracaravinum.pt\/de\/wp-json\/wp\/v2\/media\/9727"}],"wp:attachment":[{"href":"https:\/\/bracaravinum.pt\/de\/wp-json\/wp\/v2\/media?parent=13260"}],"wp:term":[{"taxonomy":"product_brand","embeddable":true,"href":"https:\/\/bracaravinum.pt\/de\/wp-json\/wp\/v2\/product_brand?post=13260"},{"taxonomy":"product_cat","embeddable":true,"href":"https:\/\/bracaravinum.pt\/de\/wp-json\/wp\/v2\/product_cat?post=13260"},{"taxonomy":"product_tag","embeddable":true,"href":"https:\/\/bracaravinum.pt\/de\/wp-json\/wp\/v2\/product_tag?post=13260"}],"curies":[{"name":"wp","href":"https:\/\/api.w.org\/{rel}","templated":true}]}}