{"id":13053,"date":"2020-04-02T20:04:42","date_gmt":"2020-04-02T20:04:42","guid":{"rendered":"http:\/\/bracaravinum.pt\/?post_type=product&#038;p=13053"},"modified":"2024-10-21T09:08:28","modified_gmt":"2024-10-21T09:08:28","slug":"callabriga-tinto-75cl","status":"publish","type":"product","link":"https:\/\/bracaravinum.pt\/de\/produkt\/callabriga-tinto-75cl\/","title":{"rendered":"Callabriga Tinto 2021 75cl"},"content":{"rendered":"<p><img decoding=\"async\" class=\"size-medium wp-image-15204 aligncenter\" src=\"http:\/\/bracaravinum.pt\/wp-content\/uploads\/2022\/02\/casa-ferreirinha-logo-300x139.png\" alt=\"\" width=\"300\" height=\"139\" srcset=\"https:\/\/bracaravinum.pt\/wp-content\/uploads\/2022\/02\/casa-ferreirinha-logo-300x139.png 300w, https:\/\/bracaravinum.pt\/wp-content\/uploads\/2022\/02\/casa-ferreirinha-logo.png 330w\" sizes=\"(max-width: 300px) 100vw, 300px\" \/><\/p>\n<p>Die Geschichte von Casa Ferreirinha ist untrennbar mit einer au\u00dfergew\u00f6hnlichen Frau verbunden: Dona Ant\u00f3nia Adelaide Ferreira. Geboren 1811 in R\u00e9gua, dem Tor zu den Weinbergen des Douro-Tals. Obwohl Dona Ant\u00f3nia kleinw\u00fcchsig und von Natur aus zur\u00fcckhaltend war, war sie charismatisch, vision\u00e4r und unternehmungslustig. Er schuf neue Weinbergsfl\u00e4chen, vergr\u00f6\u00dferte und verbesserte die Best\u00e4nde des Unternehmens an alten Weinen und trug durch die Gr\u00fcndung von Schulen, Kindertagesst\u00e4tten und Krankenh\u00e4usern dazu bei, das beschwerliche Leben der \u00f6rtlichen Bauernfamilien zu verbessern. Die Zuneigung der Bev\u00f6lkerung war so gro\u00df, dass sie ihn liebevoll \u201eFerreirinha\u201c nannten. Mit seinem Tod im Jahr 1896 hinterlie\u00df er ein bemerkenswertes Douro-Erbe und ein \u00e4u\u00dferst erfolgreiches Unternehmen.<\/p>\n<p>Etwa ein halbes Jahrhundert sp\u00e4ter kam Casa Ferreirinhas gro\u00dfer Einsatz auf nicht angereicherte Weine zustande. Die Herstellung eleganter, hochwertiger Douro-Weine mit Raffinesse und dem hohen Alterungspotenzial von Vintage-Portweinen wurde zum Traum von Fernando Nicolau de Almeida, der schon in jungen Jahren im Unternehmen zu arbeiten begann und zum technischen Direktor aufstieg. Er w\u00e4hlte die besten Trauben des Douro Superior aus, die reich an Reichtum und Struktur sind, und kombinierte sie mit anderen Trauben aus gro\u00dfen H\u00f6hen wegen ihrer S\u00e4ure und ihres Aromas.<\/p>\n<p>So wurde 1952 Barca-Velha geboren, ein ikonischer Wein, der seitdem nur in den besten Jahren hergestellt wird und als einer der Rotweine Portugals mit der gr\u00f6\u00dften Langlebigkeit, Eleganz und Komplexit\u00e4t gilt. Die Entstehung von Casa Ferreirinha ist daher eine wahre Lektion in der \u00d6nologie, die die Entwicklung der Weine dieses Hauses bestimmte, angereichert mit der Wurzelplantage Quinta da Leda, die 1979 begann und auf der die Trauben geboren wurden, die eine Steigerung und Verbesserung der Produktion erm\u00f6glichten. . Heute reicht das Sortiment von Casa Ferreirinha, das unter der Leitung des Winzers Lu\u00eds Sottomayor hergestellt wird, von jungen Weinen wie Esteva oder Planalto \u00fcber gehaltvollere Weine wie Papa Figos, Vinha Grande und Callabriga bis hin zu den au\u00dfergew\u00f6hnlichen Weinen Quinta da Leda, Ant\u00f3nia Adelaide Ferreira und Reserva Especial, wobei Barca-Velha die Spitze der Hierarchie einnimmt.<\/p>","protected":false},"excerpt":{"rendered":"<p>Cor rubi profunda. Apresenta aroma intenso e complexo com notas florais, de fruta tropical, frutos pretos e vermelhos e especiarias. A madeira de grande qualidade encontra-se bem integrada, contribuindo para a complexidade arom\u00e1tica. Na boca, apresenta bom volume, com excelentes taninos redondos e \u00f3ptima acidez. Destaque para os aromas a frutas vermelhas e tropicais, bem como notas florais e a cacau, fruto de uma excelente matura\u00e7\u00e3o. Final longo e elegante.<\/p>","protected":false},"featured_media":9634,"template":"","meta":{"_exactmetrics_skip_tracking":false,"_exactmetrics_sitenote_active":false,"_exactmetrics_sitenote_note":"","_exactmetrics_sitenote_category":0,"_uf_show_specific_survey":0,"_uf_disable_surveys":false,"iawp_total_views":23},"product_brand":[],"product_cat":[157,184,215],"product_tag":[],"class_list":{"0":"post-13053","1":"product","2":"type-product","3":"status-publish","4":"has-post-thumbnail","6":"product_cat-vinhos","7":"product_cat-tinto","8":"product_cat-douro","10":"first","11":"instock","12":"shipping-taxable","13":"purchasable","14":"product-type-simple"},"_links":{"self":[{"href":"https:\/\/bracaravinum.pt\/de\/wp-json\/wp\/v2\/product\/13053","targetHints":{"allow":["GET"]}}],"collection":[{"href":"https:\/\/bracaravinum.pt\/de\/wp-json\/wp\/v2\/product"}],"about":[{"href":"https:\/\/bracaravinum.pt\/de\/wp-json\/wp\/v2\/types\/product"}],"wp:featuredmedia":[{"embeddable":true,"href":"https:\/\/bracaravinum.pt\/de\/wp-json\/wp\/v2\/media\/9634"}],"wp:attachment":[{"href":"https:\/\/bracaravinum.pt\/de\/wp-json\/wp\/v2\/media?parent=13053"}],"wp:term":[{"taxonomy":"product_brand","embeddable":true,"href":"https:\/\/bracaravinum.pt\/de\/wp-json\/wp\/v2\/product_brand?post=13053"},{"taxonomy":"product_cat","embeddable":true,"href":"https:\/\/bracaravinum.pt\/de\/wp-json\/wp\/v2\/product_cat?post=13053"},{"taxonomy":"product_tag","embeddable":true,"href":"https:\/\/bracaravinum.pt\/de\/wp-json\/wp\/v2\/product_tag?post=13053"}],"curies":[{"name":"wp","href":"https:\/\/api.w.org\/{rel}","templated":true}]}}