{"id":13018,"date":"2020-04-01T12:56:08","date_gmt":"2020-04-01T12:56:08","guid":{"rendered":"http:\/\/bracaravinum.pt\/?post_type=product&#038;p=13018"},"modified":"2023-04-26T09:40:46","modified_gmt":"2023-04-26T09:40:46","slug":"popa-black-edition-tinto-75cl","status":"publish","type":"product","link":"https:\/\/bracaravinum.pt\/de\/produkt\/popa-black-edition-tinto-75cl\/","title":{"rendered":"P\u00f4pa Black Edition Tinto 2017 75cl"},"content":{"rendered":"","protected":false},"excerpt":{"rendered":"<p>S\u00c9RIOS &amp; EXPRESSIVOS, com est\u00e1gio parcial em barrica.<\/p>\n<p>\u201c(&#8230;) T\u00e3o cosmopolitas, que chegam a ser categorizados como o pr\u00eat-\u00e0-porter dos vinhos P\u00f4pa &#8211; pela representatividade dos modelos de experimenta\u00e7\u00e3o vitivin\u00edcola, rigorosos e dispendiosos, aplicados nos topos de gama, aqui oferecidos a um patamar de pre\u00e7o m\u00e9dio. Nestes blends s\u00e3o utilizadas parcelas de vinhas mais velhas, assim como t\u00e9cnicas devinifica\u00e7\u00e3o tradicionais\/ancestrais (como a pisa-a-p\u00e9) praticadas com uma enologia actual, confi\u00e1vel (&#8230;)\u201d<\/p>\n<p>CASTAS:\u00a0Touriga Nacional, Touriga Franca; Mistura de vinha velha.<\/p>\n<p>CONSCIOUS &amp; VEGAN-FRIENDLY WINES<\/p>\n<p>Certificados pela BevVeg! International, LLC.<\/p>\n<p>EST\u00c1GIO:Barricas de carvalho franc\u00eas, durante 12 a 15 meses.<\/p>","protected":false},"featured_media":2351,"template":"","meta":{"_exactmetrics_skip_tracking":false,"_exactmetrics_sitenote_active":false,"_exactmetrics_sitenote_note":"","_exactmetrics_sitenote_category":0,"_uf_show_specific_survey":0,"_uf_disable_surveys":false,"iawp_total_views":14},"product_brand":[],"product_cat":[215,184,157],"product_tag":[],"class_list":{"0":"post-13018","1":"product","2":"type-product","3":"status-publish","4":"has-post-thumbnail","6":"product_cat-douro","7":"product_cat-tinto","8":"product_cat-vinhos","10":"first","11":"instock","12":"shipping-taxable","13":"purchasable","14":"product-type-simple"},"_links":{"self":[{"href":"https:\/\/bracaravinum.pt\/de\/wp-json\/wp\/v2\/product\/13018","targetHints":{"allow":["GET"]}}],"collection":[{"href":"https:\/\/bracaravinum.pt\/de\/wp-json\/wp\/v2\/product"}],"about":[{"href":"https:\/\/bracaravinum.pt\/de\/wp-json\/wp\/v2\/types\/product"}],"wp:featuredmedia":[{"embeddable":true,"href":"https:\/\/bracaravinum.pt\/de\/wp-json\/wp\/v2\/media\/2351"}],"wp:attachment":[{"href":"https:\/\/bracaravinum.pt\/de\/wp-json\/wp\/v2\/media?parent=13018"}],"wp:term":[{"taxonomy":"product_brand","embeddable":true,"href":"https:\/\/bracaravinum.pt\/de\/wp-json\/wp\/v2\/product_brand?post=13018"},{"taxonomy":"product_cat","embeddable":true,"href":"https:\/\/bracaravinum.pt\/de\/wp-json\/wp\/v2\/product_cat?post=13018"},{"taxonomy":"product_tag","embeddable":true,"href":"https:\/\/bracaravinum.pt\/de\/wp-json\/wp\/v2\/product_tag?post=13018"}],"curies":[{"name":"wp","href":"https:\/\/api.w.org\/{rel}","templated":true}]}}