{"id":12719,"date":"2020-03-28T11:42:17","date_gmt":"2020-03-28T11:42:17","guid":{"rendered":"http:\/\/bracaravinum.pt\/?post_type=product&#038;p=12719"},"modified":"2024-07-09T11:22:49","modified_gmt":"2024-07-09T11:22:49","slug":"porto-fonseca-guimaraes-jahrgang-1986-75cl","status":"publish","type":"product","link":"https:\/\/bracaravinum.pt\/de\/produto\/porto-fonseca-guimaraes-vintage-1986-75cl\/","title":{"rendered":"Porto Fonseca Guimaraes Vintage 1986 75cl"},"content":{"rendered":"<p><img decoding=\"async\" class=\"size-medium wp-image-16440 aligncenter\" src=\"http:\/\/bracaravinum.pt\/wp-content\/uploads\/2022\/09\/fonseca-logo-300x107.jpg\" alt=\"\" width=\"300\" height=\"107\" srcset=\"https:\/\/bracaravinum.pt\/wp-content\/uploads\/2022\/09\/fonseca-logo-300x107.jpg 300w, https:\/\/bracaravinum.pt\/wp-content\/uploads\/2022\/09\/fonseca-logo-1024x364.jpg 1024w, https:\/\/bracaravinum.pt\/wp-content\/uploads\/2022\/09\/fonseca-logo-768x273.jpg 768w, https:\/\/bracaravinum.pt\/wp-content\/uploads\/2022\/09\/fonseca-logo-1536x545.jpg 1536w, https:\/\/bracaravinum.pt\/wp-content\/uploads\/2022\/09\/fonseca-logo-18x6.jpg 18w, https:\/\/bracaravinum.pt\/wp-content\/uploads\/2022\/09\/fonseca-logo-600x213.jpg 600w, https:\/\/bracaravinum.pt\/wp-content\/uploads\/2022\/09\/fonseca-logo.jpg 1600w\" sizes=\"(max-width: 300px) 100vw, 300px\" \/><\/p>\n<p>Vom legend\u00e4ren 1840, dem ersten Vintage-Portwein, der auf den Markt kam, bis hin zu den fantastischen Jahrg\u00e4ngen des letzten Jahrzehnts hat das Unternehmen selbst in den schwierigsten Momenten der Geschichte eine Reihe gefeierter Weine hervorgebracht.<\/p>\n<p>James Suckling beschreibt in seinem Nachschlagewerk \u00fcber Vintage-Portweine Folgendes: \u201eDie Vintage-Portweine von Fonseca sind durchweg vielleicht die besten von allen. Sie verf\u00fcgen nicht nur in jungen Jahren \u00fcber eine bemerkenswerte Korpulenz und einen m\u00e4chtigen Reichtum, sondern behalten diese Jugend auch \u00fcber Jahrzehnte hinweg.\u201c<\/p>\n<p>Diese Best\u00e4ndigkeit ist nicht nur das Ergebnis der Kontinuit\u00e4t des famili\u00e4ren Engagements und aller von Generation zu Generation weitergegebenen Kenntnisse und F\u00e4higkeiten, sondern auch einer sehr engen Verbindung mit dem Weinberg. Die drei Weing\u00fcter des Unternehmens \u2013 Cruzeiro, Panascal und Santo Ant\u00f3nio \u2013 sind das Herzst\u00fcck des Charakters, der seine Vintage-Portweine auszeichnet.<\/p>\n<p>Der Respekt von Fonseca f\u00fcr den Weinberg und seine einzigartige Umgebung in der Douro-Region kommt in der F\u00fchrungsrolle des Unternehmens im Bereich des nachhaltigen und biologischen Weinbaus zum Ausdruck. Dies war das erste Produktionshaus, das Portwein ausschlie\u00dflich aus biologisch angebauten Trauben herstellte.<\/p>\n<p>Bei Weinliebhabern auf der ganzen Welt ist Fonseca jedoch vor allem als Hersteller von Bin No.27 bekannt. Dieser vor vier Jahrzehnten auf den Markt gebrachte Reserve-Portwein ist eine der beliebtesten und erfolgreichsten Portwein-Chargen. Bin No. 27 teilt das Erbe der gro\u00dfen Vintage-Portweine von Fonseca und zeigt den opulenten fruchtigen Charakter, der den Stil des Fonseca-Hauses definiert.<\/p>\n<p>Vielleicht mehr als jedes andere Portweinunternehmen hat Fonseca eine treue Gemeinschaft von Portweinliebhabern aufgebaut, die die Individualit\u00e4t und den unnachahmlichen Charakter seiner Weine sch\u00e4tzen. Zu dieser Gemeinschaft geh\u00f6ren Kenner, Sammler, Sommeliers und Restaurantdienstleister sowie diejenigen, die einfach nur Freude daran haben, ihre wunderbar reichhaltigen und komplexen Portweine zu trinken.<\/p>","protected":false},"excerpt":{"rendered":"<p>Kostenloser Versand nach Portugal<\/p>","protected":false},"featured_media":1716,"template":"","meta":{"_exactmetrics_skip_tracking":false,"_exactmetrics_sitenote_active":false,"_exactmetrics_sitenote_note":"","_exactmetrics_sitenote_category":0,"_uf_show_specific_survey":0,"_uf_disable_surveys":false,"iawp_total_views":183},"product_brand":[],"product_cat":[159,162,168],"product_tag":[],"class_list":{"0":"post-12719","1":"product","2":"type-product","3":"status-publish","4":"has-post-thumbnail","6":"product_cat-portos","7":"product_cat-raridades","8":"product_cat-vintage","10":"first","11":"instock","12":"shipping-taxable","13":"purchasable","14":"product-type-simple"},"_links":{"self":[{"href":"https:\/\/bracaravinum.pt\/de\/wp-json\/wp\/v2\/product\/12719","targetHints":{"allow":["GET"]}}],"collection":[{"href":"https:\/\/bracaravinum.pt\/de\/wp-json\/wp\/v2\/product"}],"about":[{"href":"https:\/\/bracaravinum.pt\/de\/wp-json\/wp\/v2\/types\/product"}],"wp:featuredmedia":[{"embeddable":true,"href":"https:\/\/bracaravinum.pt\/de\/wp-json\/wp\/v2\/media\/1716"}],"wp:attachment":[{"href":"https:\/\/bracaravinum.pt\/de\/wp-json\/wp\/v2\/media?parent=12719"}],"wp:term":[{"taxonomy":"product_brand","embeddable":true,"href":"https:\/\/bracaravinum.pt\/de\/wp-json\/wp\/v2\/product_brand?post=12719"},{"taxonomy":"product_cat","embeddable":true,"href":"https:\/\/bracaravinum.pt\/de\/wp-json\/wp\/v2\/product_cat?post=12719"},{"taxonomy":"product_tag","embeddable":true,"href":"https:\/\/bracaravinum.pt\/de\/wp-json\/wp\/v2\/product_tag?post=12719"}],"curies":[{"name":"wp","href":"https:\/\/api.w.org\/{rel}","templated":true}]}}