{"id":12648,"date":"2020-03-27T19:51:48","date_gmt":"2020-03-27T19:51:48","guid":{"rendered":"http:\/\/bracaravinum.pt\/?post_type=product&#038;p=12648"},"modified":"2024-02-15T18:57:16","modified_gmt":"2024-02-15T18:57:16","slug":"quinta-do-pessegueiro-cao-danado-tinto-75cl","status":"publish","type":"product","link":"https:\/\/bracaravinum.pt\/de\/produto\/quinta-do-pessegueiro-cao-danado-tinto-75cl\/","title":{"rendered":"Quinta do Pessegueiro C\u00e3o Danado Tinto 2020 75cl"},"content":{"rendered":"<p>&nbsp;<\/p>\n<p><img decoding=\"async\" class=\"size-full wp-image-15437 aligncenter\" src=\"http:\/\/bracaravinum.pt\/wp-content\/uploads\/2022\/02\/quinta_do_pessegueiro_logo.png\" alt=\"\" width=\"200\" height=\"100\" \/><\/p>\n<p>Natur, Geschichte und Mensch haben die Kultur und Werte des Douro gepr\u00e4gt. Um die Lebendigkeit seiner Landschaft und sein Prestige zu bewahren, arbeiten wir daran, Traditionen und Erbe zu respektieren.<\/p>\n<p>Wir integrieren den Gedanken der nachhaltigen Entwicklung in alle Phasen der Produktion und die von unserem Weingut verbrauchte Energie stammt aus erneuerbaren Quellen. Wir arbeiten unerm\u00fcdlich und gemeinsam daran, die Schaffung authentischer Weinkunstwerke aufrechtzuerhalten.<\/p>\n<p>Das im Herzen des Anwesens erbaute Weingut Pessegueiro zeichnet sich durch seine au\u00dfergew\u00f6hnliche Architektur aus, die sich aus den Funktionen des Geb\u00e4udes und vor allem aus der spezifischen Weinherstellungsmethode, die es beherbergt, ergibt.<\/p>\n<p>Das Geb\u00e4ude erstreckt sich \u00fcber f\u00fcnf Ebenen und kombiniert traditionelle Methoden zur Herstellung hochwertiger Weine mit modernster Ausstattung.<\/p>\n<p>Unser Weingut ist eine echte technologische Herausforderung und wurde so konzipiert, dass es w\u00e4hrend des gesamten Prozesses, der die Trauben in Wein verwandelt, die nat\u00fcrliche Schwerkraft nutzt. Um den Wein so weit wie m\u00f6glich zu bewahren und zu respektieren, wurde auf dem gesamten Weg, vom Empfang der Trauben bis zum Fassraum, vollst\u00e4ndig auf den Einsatz von Pumpen verzichtet. Als Erg\u00e4nzung zur nat\u00fcrlichen Schwerkraft verf\u00fcgen wir auch \u00fcber einen Hebetank.<\/p>\n<p>Dieses ausschlie\u00dflich durch Schwerkraft erfolgende Verfahren garantiert einen schonenden und respektvollen Umgang mit dem Wein.<\/p>\n<p>Unsere gesamte Produktion wird von Jo\u00e3o Nicolau de Almeida und einem multidisziplin\u00e4ren Team engagierter Fachleute gesteuert.<\/p>","protected":false},"excerpt":{"rendered":"<p>CASTAS: Tinto C\u00e3o (100%).<\/p>\n<p>Vinifica\u00e7\u00e3o em lagar de granito. Envelhecimento durante 12 meses em barricas de 225L.<\/p>\n<p>Vinho de cor rubi e com um aroma que nos remete para um ambiente floral e vegetal. Na boca surgem notas bals\u00e2micas e a surpresa de algumas especiarias como a pimenta preta. O vinho termina na boca com grande eleg\u00e2ncia e equil\u00edbrio.<\/p>","protected":false},"featured_media":1550,"template":"","meta":{"_exactmetrics_skip_tracking":false,"_exactmetrics_sitenote_active":false,"_exactmetrics_sitenote_note":"","_exactmetrics_sitenote_category":0,"_uf_show_specific_survey":0,"_uf_disable_surveys":false,"iawp_total_views":12},"product_brand":[],"product_cat":[215,184,157],"product_tag":[],"class_list":{"0":"post-12648","1":"product","2":"type-product","3":"status-publish","4":"has-post-thumbnail","6":"product_cat-douro","7":"product_cat-tinto","8":"product_cat-vinhos","10":"first","11":"instock","12":"shipping-taxable","13":"purchasable","14":"product-type-simple"},"_links":{"self":[{"href":"https:\/\/bracaravinum.pt\/de\/wp-json\/wp\/v2\/product\/12648","targetHints":{"allow":["GET"]}}],"collection":[{"href":"https:\/\/bracaravinum.pt\/de\/wp-json\/wp\/v2\/product"}],"about":[{"href":"https:\/\/bracaravinum.pt\/de\/wp-json\/wp\/v2\/types\/product"}],"wp:featuredmedia":[{"embeddable":true,"href":"https:\/\/bracaravinum.pt\/de\/wp-json\/wp\/v2\/media\/1550"}],"wp:attachment":[{"href":"https:\/\/bracaravinum.pt\/de\/wp-json\/wp\/v2\/media?parent=12648"}],"wp:term":[{"taxonomy":"product_brand","embeddable":true,"href":"https:\/\/bracaravinum.pt\/de\/wp-json\/wp\/v2\/product_brand?post=12648"},{"taxonomy":"product_cat","embeddable":true,"href":"https:\/\/bracaravinum.pt\/de\/wp-json\/wp\/v2\/product_cat?post=12648"},{"taxonomy":"product_tag","embeddable":true,"href":"https:\/\/bracaravinum.pt\/de\/wp-json\/wp\/v2\/product_tag?post=12648"}],"curies":[{"name":"wp","href":"https:\/\/api.w.org\/{rel}","templated":true}]}}