{"id":12634,"date":"2020-03-26T09:20:47","date_gmt":"2020-03-26T09:20:47","guid":{"rendered":"http:\/\/bracaravinum.pt\/?post_type=product&#038;p=12634"},"modified":"2023-06-30T11:41:50","modified_gmt":"2023-06-30T11:41:50","slug":"whisky-the-famous-grouse-70cl","status":"publish","type":"product","link":"https:\/\/bracaravinum.pt\/de\/produto\/whisky-the-famous-grouse-70cl\/","title":{"rendered":"Whisky The Famous Grouse 16 Jahre 70cl"},"content":{"rendered":"<p><img fetchpriority=\"high\" decoding=\"async\" class=\"size-full wp-image-15470 aligncenter\" src=\"http:\/\/bracaravinum.pt\/wp-content\/uploads\/2022\/02\/the-famous-grouse-logo.png\" alt=\"\" width=\"300\" height=\"168\" \/><\/p>\n<p>O famoso whisky escoc\u00eas misturado com maturidade dupla de 16 anos de idade do Famous Grouse \u00e9 um lan\u00e7amento de edi\u00e7\u00e3o limitada que foi finalizado em uma combina\u00e7\u00e3o de primeiro enchimento de barris de xerez espanhol e primeiro de barricas de bourbon americano.\u00a0Este lan\u00e7amento de edi\u00e7\u00e3o limitada \u00e9 apresentado generosamente, com um design produzido pelo renomado ilustrador Vic Lee.<\/p>","protected":false},"excerpt":{"rendered":"<p id=\"ContentPlaceHolder1_ctl00_ctl02_TastingNoteBox_ctl00_noseTastingNote\" class=\"pageCopy\">Nariz:\u00a0Peras escalfadas, caramelo escorrendo e p\u00e3o de l\u00f3 Victoria (soa como uma sobremesa deliciosa!).<\/p>\n<p id=\"ContentPlaceHolder1_ctl00_ctl02_TastingNoteBox_ctl00_palateTastingNote\" class=\"pageCopy\">Paladar:\u00a0As notas de frutas doces e baunilha continuam, mas notas vibrantes de canela e noz-moscada se desenvolvem no centro, adicionando profundidade e calor.<\/p>\n<p id=\"ContentPlaceHolder1_ctl00_ctl02_TastingNoteBox_ctl00_finishTastingNote\" class=\"pageCopy\">Acabamento:\u00a0Picante at\u00e9 o fim.<\/p>\n<p id=\"ContentPlaceHolder1_ctl00_ctl02_TastingNoteBox_ctl00_overallTastingNote\" class=\"pageCopy\">Geral:\u00a0uma mistura bastante agrad\u00e1vel com uma parte justa de complexidade.<\/p>","protected":false},"featured_media":1500,"template":"","meta":{"_exactmetrics_skip_tracking":false,"_exactmetrics_sitenote_active":false,"_exactmetrics_sitenote_note":"","_exactmetrics_sitenote_category":0,"_uf_show_specific_survey":0,"_uf_disable_surveys":false,"iawp_total_views":31},"product_brand":[],"product_cat":[158,162,179],"product_tag":[],"class_list":{"0":"post-12634","1":"product","2":"type-product","3":"status-publish","4":"has-post-thumbnail","6":"product_cat-espirituosos","7":"product_cat-raridades","8":"product_cat-whisky","10":"first","11":"instock","12":"shipping-taxable","13":"purchasable","14":"product-type-simple"},"_links":{"self":[{"href":"https:\/\/bracaravinum.pt\/de\/wp-json\/wp\/v2\/product\/12634","targetHints":{"allow":["GET"]}}],"collection":[{"href":"https:\/\/bracaravinum.pt\/de\/wp-json\/wp\/v2\/product"}],"about":[{"href":"https:\/\/bracaravinum.pt\/de\/wp-json\/wp\/v2\/types\/product"}],"wp:featuredmedia":[{"embeddable":true,"href":"https:\/\/bracaravinum.pt\/de\/wp-json\/wp\/v2\/media\/1500"}],"wp:attachment":[{"href":"https:\/\/bracaravinum.pt\/de\/wp-json\/wp\/v2\/media?parent=12634"}],"wp:term":[{"taxonomy":"product_brand","embeddable":true,"href":"https:\/\/bracaravinum.pt\/de\/wp-json\/wp\/v2\/product_brand?post=12634"},{"taxonomy":"product_cat","embeddable":true,"href":"https:\/\/bracaravinum.pt\/de\/wp-json\/wp\/v2\/product_cat?post=12634"},{"taxonomy":"product_tag","embeddable":true,"href":"https:\/\/bracaravinum.pt\/de\/wp-json\/wp\/v2\/product_tag?post=12634"}],"curies":[{"name":"wp","href":"https:\/\/api.w.org\/{rel}","templated":true}]}}