{"id":12536,"date":"2020-03-24T23:48:41","date_gmt":"2020-03-24T23:48:41","guid":{"rendered":"http:\/\/bracaravinum.pt\/?post_type=product&#038;p=12536"},"modified":"2024-11-12T09:40:18","modified_gmt":"2024-11-12T09:40:18","slug":"quinta-de-la-rosa-reserva-tinto-75cl","status":"publish","type":"product","link":"https:\/\/bracaravinum.pt\/de\/produto\/quinta-de-la-rosa-reserva-tinto-75cl\/","title":{"rendered":"Quinta de La Rosa Reserva Red 2018 75cl"},"content":{"rendered":"<div class=\"rtejustify\">\n<p style=\"text-align: center;\"><img fetchpriority=\"high\" decoding=\"async\" class=\"alignnone size-medium wp-image-15072\" src=\"http:\/\/bracaravinum.pt\/wp-content\/uploads\/2022\/02\/qta-de-la-rosa-logo-300x225.jpg\" alt=\"\" width=\"300\" height=\"225\" srcset=\"https:\/\/bracaravinum.pt\/wp-content\/uploads\/2022\/02\/qta-de-la-rosa-logo-300x225.jpg 300w, https:\/\/bracaravinum.pt\/wp-content\/uploads\/2022\/02\/qta-de-la-rosa-logo-1024x768.jpg 1024w, https:\/\/bracaravinum.pt\/wp-content\/uploads\/2022\/02\/qta-de-la-rosa-logo-768x576.jpg 768w, https:\/\/bracaravinum.pt\/wp-content\/uploads\/2022\/02\/qta-de-la-rosa-logo-1536x1152.jpg 1536w, https:\/\/bracaravinum.pt\/wp-content\/uploads\/2022\/02\/qta-de-la-rosa-logo-2048x1536.jpg 2048w, https:\/\/bracaravinum.pt\/wp-content\/uploads\/2022\/02\/qta-de-la-rosa-logo-600x450.jpg 600w\" sizes=\"(max-width: 300px) 100vw, 300px\" \/><\/p>\n<p>Quinta de la Rosa ist seit 1906 Teil der Familie Bergqvist, betreibt jedoch seit 1815 unter dem Familiennamen Feueheerd Hafenschifffahrtsaktivit\u00e4ten. Derzeit verf\u00fcgt das Unternehmen \u00fcber rund 55 Hektar Weinberge und produziert rund 80.000 Liter Portwein und 300.000 Liter Tafelwein Wein jedes Jahr.<\/p>\n<p>Quinta de la Rosa wurde 1906 Claire Feueheerd, Sophias Gro\u00dfmutter, zur Taufe geschenkt. Claires Vater Albert leitete die Familienreederei Feueheerds. Albert war ein wahrer Pionier und einer der ersten Verlader, der den Portwein \u201eSingle Quinta\u201c aus La Rosa-Trauben herstellte. Er war verantwortlich f\u00fcr den Bau der Weinberge Vale do Inferno mit einigen der h\u00f6chsten und beeindruckendsten Mauern im Douro. Er baute auch ein Weingut mit 8 Weinpressen und begann, Trauben von lokalen Produzenten zu kaufen und den Portwein in La Rosa herzustellen. Dadurch konnte Albert die Qualit\u00e4t in der Produktion aufrechterhalten. Zu dieser Zeit wurden die meisten H\u00e4fen von Kleinbauern in ihren eigenen M\u00fchlen hergestellt.<\/p>\n<p>Leider hatte Albert mit der Wirtschaftskrise und der Firma Feueheerds zu k\u00e4mpfen, die in den 1930er Jahren an Barros verkauft wurde. Die Quinta de la Rosa blieb jedoch in Familienbesitz und wurde von Sophias Gro\u00dfmutter Claire gef\u00fchrt. Claire baute gerade Trauben an und verkaufte sie an Crofts und sp\u00e4ter an Sandemans Hafen Rebello Valente. 1988 beschlossen Sophia und ihr Vater Tim Bergqvist, das Familienunternehmen neu zu starten und brachten Quinta de la Rosa als hochwertigen Portweinproduzenten auf den Markt.<\/p>\n<p>Seit Anfang der 90er Jahre war die Familie Bergqvist einer der Pioniere, die den Rotweinanbau in der Douro-Region ernst nahmen. Die Weine der Quinta de la Rosa, sowohl Rot- als auch Wei\u00dfweine, haben in der Presse viel Lob erhalten und werden in vielen renommierten Restaurants und Weinhandlungen auf der ganzen Welt verkauft.<\/p>\n<\/div>","protected":false},"excerpt":{"rendered":"<p class=\"rtejustify\">CASTAS: Touriga Nacional (60%) e mistura de castas provenientes de Vinhas Velhas (40%).<\/p>\n<div>\n<div class=\"Resumo-Corpo rtejustify\"><span lang=\"PT\" xml:lang=\"PT\">Pode ser bebido agora ou envelhecido em garrafa at\u00e9 10 anos.\u00a0<\/span><\/div>\n<div class=\"Resumo-Corpo rtejustify\"><span lang=\"PT\" xml:lang=\"PT\">Acompanha preferencialmente pratos de carne fortes, enchidos ou queijo da Serra.\u00a0<\/span><\/div>\n<\/div>\n<div>\n<div class=\"rtejustify\">\n<div>Na Quinta de la Rosa procuramos fazer vinhos harmoniosos, elegantes e que expressem a vinha e as uvas (<em>terroir<\/em>) na garrafa.<\/div>\n<div>Aromas de fruta madura muito fresca com notas florais a serem completadas por sedutoras impress\u00f5es a licor e chocolate.\u00a0 Na boca \u00e9 muito rico e complexo cheiro de sabores mas sempre elegante.\u00a0 Taninos suculentos contribuem para um final de prova deliciosa e muito longa.<\/div>\n<\/div>\n<\/div>","protected":false},"featured_media":1225,"template":"","meta":{"_exactmetrics_skip_tracking":false,"_exactmetrics_sitenote_active":false,"_exactmetrics_sitenote_note":"","_exactmetrics_sitenote_category":0,"_uf_show_specific_survey":0,"_uf_disable_surveys":false,"iawp_total_views":35},"product_brand":[],"product_cat":[215,184,157],"product_tag":[],"class_list":{"0":"post-12536","1":"product","2":"type-product","3":"status-publish","4":"has-post-thumbnail","6":"product_cat-douro","7":"product_cat-tinto","8":"product_cat-vinhos","10":"first","11":"instock","12":"shipping-taxable","13":"purchasable","14":"product-type-simple"},"_links":{"self":[{"href":"https:\/\/bracaravinum.pt\/de\/wp-json\/wp\/v2\/product\/12536","targetHints":{"allow":["GET"]}}],"collection":[{"href":"https:\/\/bracaravinum.pt\/de\/wp-json\/wp\/v2\/product"}],"about":[{"href":"https:\/\/bracaravinum.pt\/de\/wp-json\/wp\/v2\/types\/product"}],"wp:featuredmedia":[{"embeddable":true,"href":"https:\/\/bracaravinum.pt\/de\/wp-json\/wp\/v2\/media\/1225"}],"wp:attachment":[{"href":"https:\/\/bracaravinum.pt\/de\/wp-json\/wp\/v2\/media?parent=12536"}],"wp:term":[{"taxonomy":"product_brand","embeddable":true,"href":"https:\/\/bracaravinum.pt\/de\/wp-json\/wp\/v2\/product_brand?post=12536"},{"taxonomy":"product_cat","embeddable":true,"href":"https:\/\/bracaravinum.pt\/de\/wp-json\/wp\/v2\/product_cat?post=12536"},{"taxonomy":"product_tag","embeddable":true,"href":"https:\/\/bracaravinum.pt\/de\/wp-json\/wp\/v2\/product_tag?post=12536"}],"curies":[{"name":"wp","href":"https:\/\/api.w.org\/{rel}","templated":true}]}}