{"id":12529,"date":"2020-03-24T23:25:10","date_gmt":"2020-03-24T23:25:10","guid":{"rendered":"http:\/\/bracaravinum.pt\/?post_type=product&#038;p=12529"},"modified":"2022-10-04T08:50:52","modified_gmt":"2022-10-04T08:50:52","slug":"quinta-da-ponte-pedrinha-touriga-nacional-75cl","status":"publish","type":"product","link":"https:\/\/bracaravinum.pt\/de\/produto\/quinta-da-ponte-pedrinha-touriga-nacional-75cl\/","title":{"rendered":"Quinta da Ponte Pedrinha Touriga Nacional 2015 75cl"},"content":{"rendered":"<p><img decoding=\"async\" class=\"size-full wp-image-15439 aligncenter\" src=\"http:\/\/bracaravinum.pt\/wp-content\/uploads\/2022\/02\/quinta-da-ponte-pedrinha-logo.jpg\" alt=\"\" width=\"200\" height=\"200\" srcset=\"https:\/\/bracaravinum.pt\/wp-content\/uploads\/2022\/02\/quinta-da-ponte-pedrinha-logo.jpg 200w, https:\/\/bracaravinum.pt\/wp-content\/uploads\/2022\/02\/quinta-da-ponte-pedrinha-logo-150x150.jpg 150w, https:\/\/bracaravinum.pt\/wp-content\/uploads\/2022\/02\/quinta-da-ponte-pedrinha-logo-100x100.jpg 100w\" sizes=\"(max-width: 200px) 100vw, 200px\" \/><\/p>\n<p>Quinta da Ponte Pedrinha liegt in der Region D\u00e3o, zwischen Seia und Gouveia und ist seit dem 18. Jahrhundert im Besitz der Familie Os\u00f3rio.<\/p>\n<p>Sein Weinberg, der seit \u00fcber 30 Jahren auf Granitb\u00f6den angelegt ist, hat tiefe Wurzeln in dieser Quinta, Wurzeln, die mit dem Land und dem Leben der dort lebenden Menschen verbunden sind und Tradition schaffen.<\/p>\n<p>Die Hektar Weinberge, die ihren Weinen Leben einhauchen, verleihen der umliegenden Landschaft Konturen von seltener Sch\u00f6nheit. Die mit der Weinherstellung verbundene Technologie f\u00fchrte zum Bau eines Weinkellers, der den Pergamenten der Weine gleichkommt, die dort seit jeher produziert werden.<\/p>","protected":false},"excerpt":{"rendered":"<p>Ein dezentes Aroma der Rebsorte. Etwas trockenes Holz mit sch\u00f6nen Fr\u00fcchten, aber etwas versteckt. Im Mund beh\u00e4lt er sein Profil bei, mit mittlerem K\u00f6rper, etwas Frucht, sehr guter Frische und einem gewissen Charakter. Ein Rotwein, der ein gutes Gericht auf dem Tisch bereichert.<\/p>","protected":false},"featured_media":1207,"template":"","meta":{"_exactmetrics_skip_tracking":false,"_exactmetrics_sitenote_active":false,"_exactmetrics_sitenote_note":"","_exactmetrics_sitenote_category":0,"_uf_show_specific_survey":0,"_uf_disable_surveys":false,"iawp_total_views":5},"product_brand":[],"product_cat":[187,184,157],"product_tag":[],"class_list":{"0":"post-12529","1":"product","2":"type-product","3":"status-publish","4":"has-post-thumbnail","6":"product_cat-dao-tinto","7":"product_cat-tinto","8":"product_cat-vinhos","10":"first","11":"instock","12":"shipping-taxable","13":"purchasable","14":"product-type-simple"},"_links":{"self":[{"href":"https:\/\/bracaravinum.pt\/de\/wp-json\/wp\/v2\/product\/12529","targetHints":{"allow":["GET"]}}],"collection":[{"href":"https:\/\/bracaravinum.pt\/de\/wp-json\/wp\/v2\/product"}],"about":[{"href":"https:\/\/bracaravinum.pt\/de\/wp-json\/wp\/v2\/types\/product"}],"wp:featuredmedia":[{"embeddable":true,"href":"https:\/\/bracaravinum.pt\/de\/wp-json\/wp\/v2\/media\/1207"}],"wp:attachment":[{"href":"https:\/\/bracaravinum.pt\/de\/wp-json\/wp\/v2\/media?parent=12529"}],"wp:term":[{"taxonomy":"product_brand","embeddable":true,"href":"https:\/\/bracaravinum.pt\/de\/wp-json\/wp\/v2\/product_brand?post=12529"},{"taxonomy":"product_cat","embeddable":true,"href":"https:\/\/bracaravinum.pt\/de\/wp-json\/wp\/v2\/product_cat?post=12529"},{"taxonomy":"product_tag","embeddable":true,"href":"https:\/\/bracaravinum.pt\/de\/wp-json\/wp\/v2\/product_tag?post=12529"}],"curies":[{"name":"wp","href":"https:\/\/api.w.org\/{rel}","templated":true}]}}