{"id":12449,"date":"2020-03-23T18:33:53","date_gmt":"2020-03-23T18:33:53","guid":{"rendered":"http:\/\/bracaravinum.pt\/?post_type=product&#038;p=12449"},"modified":"2024-11-26T21:34:45","modified_gmt":"2024-11-26T21:34:45","slug":"wenige-reserverot","status":"publish","type":"product","link":"https:\/\/bracaravinum.pt\/de\/produkt\/wenige-reserverot\/","title":{"rendered":"Po\u00e7as Reserva Red 2017 75cl"},"content":{"rendered":"<p><img decoding=\"async\" class=\"size-medium wp-image-16702 aligncenter\" src=\"http:\/\/bracaravinum.pt\/wp-content\/uploads\/2022\/11\/pocas-logo-300x129.png\" alt=\"\" width=\"300\" height=\"129\" srcset=\"https:\/\/bracaravinum.pt\/wp-content\/uploads\/2022\/11\/pocas-logo-300x129.png 300w, https:\/\/bracaravinum.pt\/wp-content\/uploads\/2022\/11\/pocas-logo-18x8.png 18w, https:\/\/bracaravinum.pt\/wp-content\/uploads\/2022\/11\/pocas-logo.png 343w\" sizes=\"(max-width: 300px) 100vw, 300px\" \/><\/p>\n<p>Alles begann im Jahr 1918, als Manoel Domingues Po\u00e7as J\u00fanior, geboren mitten im Trubel des Portweins, beschloss, sein eigenes Unternehmen zu gr\u00fcnden.<br \/>\nEs war der 15. August, nur wenige Monate vor dem Waffenstillstand. Manoel Po\u00e7as war 30 Jahre alt und hatte einige Berufserfahrung in der Gegend. Mit seinem Onkel gr\u00fcndete er ein Unternehmen, um Brandys an gro\u00dfe Portweinproduzenten zu verkaufen. Kurz darauf richtete es seinen heutigen Hauptsitz in Vila Nova de Gaia ein.<br \/>\nZuerst sein Onkel, dann seine Br\u00fcder, seine Frau, seine Enkelkinder: Die gesamte Familie Po\u00e7as kam, um seine Leidenschaft f\u00fcr Wein zu teilen und dabei den Respekt vor der Tradition mit einer Offenheit f\u00fcr die Innovation neuer Generationen zu verbinden.<br \/>\nHeute hat Po\u00e7as mit drei Bauernh\u00f6fen in den besten Lagen der abgegrenzten Region Douro die vollst\u00e4ndige Kontrolle \u00fcber die Qualit\u00e4t seiner Weine. Und die Einbindung der Familie ist st\u00e4rker denn je.<\/p>","protected":false},"excerpt":{"rendered":"<p>Trauben: 80% Vinhas Velhas; 20% Touriga Nacional.<\/p>\n<p>Verkostungsnotizen: Tiefes Rubinrot. Schwarze Fr\u00fcchte, Marmelade und Gew\u00fcrze. Wein von hoher Konzentration, seidig und elegant mit ausgewogener S\u00e4ure. Vollmundig, mit Noten von schwarzen Fr\u00fcchten und Gew\u00fcrzen, mit einem langen und anhaltenden Abgang.<\/p>\n<p>Paarung: Passt besonders gut zu Ossobuco, Ochsenschwanz und Portwein-Kutteln.<\/p>","protected":false},"featured_media":993,"template":"","meta":{"_exactmetrics_skip_tracking":false,"_exactmetrics_sitenote_active":false,"_exactmetrics_sitenote_note":"","_exactmetrics_sitenote_category":0,"_uf_show_specific_survey":0,"_uf_disable_surveys":false,"iawp_total_views":11},"product_brand":[],"product_cat":[215,184,157],"product_tag":[],"class_list":{"0":"post-12449","1":"product","2":"type-product","3":"status-publish","4":"has-post-thumbnail","6":"product_cat-douro","7":"product_cat-tinto","8":"product_cat-vinhos","10":"first","11":"instock","12":"shipping-taxable","13":"purchasable","14":"product-type-simple"},"_links":{"self":[{"href":"https:\/\/bracaravinum.pt\/de\/wp-json\/wp\/v2\/product\/12449","targetHints":{"allow":["GET"]}}],"collection":[{"href":"https:\/\/bracaravinum.pt\/de\/wp-json\/wp\/v2\/product"}],"about":[{"href":"https:\/\/bracaravinum.pt\/de\/wp-json\/wp\/v2\/types\/product"}],"wp:featuredmedia":[{"embeddable":true,"href":"https:\/\/bracaravinum.pt\/de\/wp-json\/wp\/v2\/media\/993"}],"wp:attachment":[{"href":"https:\/\/bracaravinum.pt\/de\/wp-json\/wp\/v2\/media?parent=12449"}],"wp:term":[{"taxonomy":"product_brand","embeddable":true,"href":"https:\/\/bracaravinum.pt\/de\/wp-json\/wp\/v2\/product_brand?post=12449"},{"taxonomy":"product_cat","embeddable":true,"href":"https:\/\/bracaravinum.pt\/de\/wp-json\/wp\/v2\/product_cat?post=12449"},{"taxonomy":"product_tag","embeddable":true,"href":"https:\/\/bracaravinum.pt\/de\/wp-json\/wp\/v2\/product_tag?post=12449"}],"curies":[{"name":"wp","href":"https:\/\/api.w.org\/{rel}","templated":true}]}}