{"id":12424,"date":"2020-03-23T12:40:03","date_gmt":"2020-03-23T12:40:03","guid":{"rendered":"http:\/\/bracaravinum.pt\/?post_type=product&#038;p=12424"},"modified":"2025-11-04T16:29:51","modified_gmt":"2025-11-04T16:29:51","slug":"vista-alegre-moscatel-20-anos-50-cl","status":"publish","type":"product","link":"https:\/\/bracaravinum.pt\/de\/produkt\/vista-alegre-moscatel-20-anos-50-cl\/","title":{"rendered":"Vista Alegre Moscatel 20 Jahre 50 cl"},"content":{"rendered":"","protected":false},"excerpt":{"rendered":"<p>\u00c9 um vinho que pode ser apreciado como aperitivo ligando bem com frutos secos, alguns tipos de fumados, queijos curados. \u00c9, tamb\u00e9m, um excelente acompanhamento de sobremesas doces conventuais, tartes de frutos. Servir fresco, a uma temperatura entre 10\u00baC e 12\u00baC.<\/p>","protected":false},"featured_media":936,"template":"","meta":{"_exactmetrics_skip_tracking":false,"_exactmetrics_sitenote_active":false,"_exactmetrics_sitenote_note":"","_exactmetrics_sitenote_category":0,"_uf_show_specific_survey":0,"_uf_disable_surveys":false,"iawp_total_views":13},"product_brand":[],"product_cat":[163,157],"product_tag":[],"class_list":{"0":"post-12424","1":"product","2":"type-product","3":"status-publish","4":"has-post-thumbnail","6":"product_cat-moscatel","7":"product_cat-vinhos","9":"first","10":"instock","11":"shipping-taxable","12":"purchasable","13":"product-type-simple"},"_links":{"self":[{"href":"https:\/\/bracaravinum.pt\/de\/wp-json\/wp\/v2\/product\/12424","targetHints":{"allow":["GET"]}}],"collection":[{"href":"https:\/\/bracaravinum.pt\/de\/wp-json\/wp\/v2\/product"}],"about":[{"href":"https:\/\/bracaravinum.pt\/de\/wp-json\/wp\/v2\/types\/product"}],"wp:featuredmedia":[{"embeddable":true,"href":"https:\/\/bracaravinum.pt\/de\/wp-json\/wp\/v2\/media\/936"}],"wp:attachment":[{"href":"https:\/\/bracaravinum.pt\/de\/wp-json\/wp\/v2\/media?parent=12424"}],"wp:term":[{"taxonomy":"product_brand","embeddable":true,"href":"https:\/\/bracaravinum.pt\/de\/wp-json\/wp\/v2\/product_brand?post=12424"},{"taxonomy":"product_cat","embeddable":true,"href":"https:\/\/bracaravinum.pt\/de\/wp-json\/wp\/v2\/product_cat?post=12424"},{"taxonomy":"product_tag","embeddable":true,"href":"https:\/\/bracaravinum.pt\/de\/wp-json\/wp\/v2\/product_tag?post=12424"}],"curies":[{"name":"wp","href":"https:\/\/api.w.org\/{rel}","templated":true}]}}