{"id":12408,"date":"2020-03-23T11:39:15","date_gmt":"2020-03-23T11:39:15","guid":{"rendered":"http:\/\/bracaravinum.pt\/?post_type=product&#038;p=12408"},"modified":"2025-11-10T11:29:07","modified_gmt":"2025-11-10T11:29:07","slug":"maritavora-nr-2-grande-reserve-bio-rot","status":"publish","type":"product","link":"https:\/\/bracaravinum.pt\/de\/produto\/maritavora-no-2-grande-reserva-tinto-biologico\/","title":{"rendered":"Marit\u00e1vora n\u00ba 2 Grande Reserva Tinto 75cl"},"content":{"rendered":"<p><img fetchpriority=\"high\" decoding=\"async\" class=\"size-full wp-image-15059 aligncenter\" src=\"http:\/\/bracaravinum.pt\/wp-content\/uploads\/2022\/02\/maritavora-logo.png\" alt=\"\" width=\"253\" height=\"199\" \/><\/p>\n<div class=\"title-subtitle-box\">\n<p>150 Jahre Geschichte und Tradition<\/p>\n<\/div>\n<div class=\"wpb_text_column wpb_content_element\">\n<div class=\"wpb_wrapper\">\n<p>Willkommen in Quinta de Marit\u00e1vora, wo Geschichte und Tradition harmonisch mit Kunst und Innovation koexistieren. Langj\u00e4hrige Erfahrung ist die Grundlage unserer Arbeit und mit Engagement und Hingabe planen wir unseren Weg in eine Zukunft der Exzellenz.<\/p>\n<p>Lassen Sie sich von der Sch\u00f6nheit der Landschaft des Douro Internacional mitrei\u00dfen, die unsere Weinberge so gut beherbergt, und lassen Sie sich vom Aroma und Geschmack unserer Bio-Weine verf\u00fchren.<\/p>\n<p>Quinta de Marit\u00e1vora produziert Port- und Douro-DOC-Weine, Wei\u00df- und Rotweine. Jorge Ser\u00f4dio Borges ist der Winzer, der f\u00fcr die Weine und die Aufsicht \u00fcber den Weinbau verantwortlich ist.<\/p>\n<\/div>\n<\/div>","protected":false},"excerpt":{"rendered":"<p>Trauben: Touriga Nacional (50%), Touriga Franca (20%), Tinta Roriz (20%) und andere (10%). Weinberge im Alter zwischen 20 und 70 Jahren.<\/p>\n<p>Reifung: 18 Monate in neuen franz\u00f6sischen Eichenf\u00e4ssern gereift<\/p>\n<p>Winzer: Jorge Ser\u00f4dio Borges<\/p>\n<p>Dieser Wein wurde aus Trauben alter Reben der Rebsorten Touriga Nacional, Tinta Roriz, Touriga Franca und anderer Sorten hergestellt. Die G\u00e4rung erfolgte in Steinpressen mit Fu\u00dftritten. 18 Monate in neuen franz\u00f6sischen Eichenf\u00e4ssern gereift. Es wurden 2300 0,75l-Flaschen produziert<\/p>","protected":false},"featured_media":899,"template":"","meta":{"_exactmetrics_skip_tracking":false,"_exactmetrics_sitenote_active":false,"_exactmetrics_sitenote_note":"","_exactmetrics_sitenote_category":0,"_uf_show_specific_survey":0,"_uf_disable_surveys":false,"iawp_total_views":35},"product_brand":[],"product_cat":[215,184,157],"product_tag":[],"class_list":{"0":"post-12408","1":"product","2":"type-product","3":"status-publish","4":"has-post-thumbnail","6":"product_cat-douro","7":"product_cat-tinto","8":"product_cat-vinhos","10":"first","11":"instock","12":"shipping-taxable","13":"purchasable","14":"product-type-simple"},"_links":{"self":[{"href":"https:\/\/bracaravinum.pt\/de\/wp-json\/wp\/v2\/product\/12408","targetHints":{"allow":["GET"]}}],"collection":[{"href":"https:\/\/bracaravinum.pt\/de\/wp-json\/wp\/v2\/product"}],"about":[{"href":"https:\/\/bracaravinum.pt\/de\/wp-json\/wp\/v2\/types\/product"}],"wp:featuredmedia":[{"embeddable":true,"href":"https:\/\/bracaravinum.pt\/de\/wp-json\/wp\/v2\/media\/899"}],"wp:attachment":[{"href":"https:\/\/bracaravinum.pt\/de\/wp-json\/wp\/v2\/media?parent=12408"}],"wp:term":[{"taxonomy":"product_brand","embeddable":true,"href":"https:\/\/bracaravinum.pt\/de\/wp-json\/wp\/v2\/product_brand?post=12408"},{"taxonomy":"product_cat","embeddable":true,"href":"https:\/\/bracaravinum.pt\/de\/wp-json\/wp\/v2\/product_cat?post=12408"},{"taxonomy":"product_tag","embeddable":true,"href":"https:\/\/bracaravinum.pt\/de\/wp-json\/wp\/v2\/product_tag?post=12408"}],"curies":[{"name":"wp","href":"https:\/\/api.w.org\/{rel}","templated":true}]}}