{"id":12359,"date":"2020-03-22T21:20:00","date_gmt":"2020-03-22T21:20:00","guid":{"rendered":"http:\/\/bracaravinum.pt\/?post_type=product&#038;p=12359"},"modified":"2025-07-14T18:24:50","modified_gmt":"2025-07-14T18:24:50","slug":"weise-grambeira","status":"publish","type":"product","link":"https:\/\/bracaravinum.pt\/de\/produkt\/weise-grambeira\/","title":{"rendered":"Grambeira Branco 2024 75cl"},"content":{"rendered":"<p><img fetchpriority=\"high\" decoding=\"async\" class=\"size-medium wp-image-15910 aligncenter\" src=\"http:\/\/bracaravinum.pt\/wp-content\/uploads\/2020\/03\/LogoGrambeira-292x300.gif\" alt=\"\" width=\"292\" height=\"300\" srcset=\"https:\/\/bracaravinum.pt\/wp-content\/uploads\/2020\/03\/LogoGrambeira-292x300.gif 292w, https:\/\/bracaravinum.pt\/wp-content\/uploads\/2020\/03\/LogoGrambeira-12x12.gif 12w\" sizes=\"(max-width: 292px) 100vw, 292px\" \/><\/p>\n<p>Im Jahr 1994 beschlossen drei S\u00f6hne der Familie Meireles, Frederico, Afonso und Manuel, Winzer, Agrartechniker bzw. Milit\u00e4roffizier, den kleinen landwirtschaftlichen Betrieb der Familie im Douro in Beira Grande-Carrazeda de Ansi\u00e3es zu vergr\u00f6\u00dfern, wie sie verstanden dass mit dem \u201eHaus Silber\u201c die Voraussetzungen geschaffen wurden, ein motivierendes Projekt im Weinbereich durchzuf\u00fchren. Und genau das ist passiert.<\/p>\n<p>In diesem Jahr strukturierten sie die kleine Adega da Fam\u00edlia um, nutzten die M\u00fchlen zur Herstellung von Rotweinen und r\u00fcsteten das Weingut mit moderner Technologie f\u00fcr die Herstellung von Wei\u00dfweinen aus. Schon bei der ersten Ernte im Jahr 1995 beim 1. Casa do Douro-Wettbewerb waren die Ergebnisse schnell zu sehen: Sie erreichten den ersten Platz bei den Wei\u00dfweinen und einen zweiten bei den Rotweinen. Seitdem haben ihre Weine, n\u00e4mlich der Grambeira Branco, einen Bezugspunkt in der Region erlangt .<\/p>","protected":false},"excerpt":{"rendered":"<p>Trauben: C\u00f3dega do Larinho, Rabigato und Viosinho<\/p>\n<p>Im Einklang mit fr\u00fcheren Ernten, mit Noten von Limette, Ananas und tropischen Fr\u00fcchten. Im Mund ist die Qualit\u00e4t der Frucht beeindruckend, die S\u00e4ure ist sehr erfrischend und die Kombination ist intensiv und lebendig.<br \/>\nEin hervorragendes Set mit allem, was wichtig ist, in Wei\u00df.<\/p>\n<p>Hervorragend als Aperitif sowie zu Fisch- und Meeresfr\u00fcchtegerichten geeignet.<\/p>","protected":false},"featured_media":16508,"template":"","meta":{"_exactmetrics_skip_tracking":false,"_exactmetrics_sitenote_active":false,"_exactmetrics_sitenote_note":"","_exactmetrics_sitenote_category":0,"_uf_show_specific_survey":0,"_uf_disable_surveys":false,"iawp_total_views":617},"product_brand":[],"product_cat":[157,185,188],"product_tag":[],"class_list":{"0":"post-12359","1":"product","2":"type-product","3":"status-publish","4":"has-post-thumbnail","6":"product_cat-vinhos","7":"product_cat-branco","8":"product_cat-douro-branco","10":"first","11":"instock","12":"shipping-taxable","13":"purchasable","14":"product-type-simple"},"_links":{"self":[{"href":"https:\/\/bracaravinum.pt\/de\/wp-json\/wp\/v2\/product\/12359","targetHints":{"allow":["GET"]}}],"collection":[{"href":"https:\/\/bracaravinum.pt\/de\/wp-json\/wp\/v2\/product"}],"about":[{"href":"https:\/\/bracaravinum.pt\/de\/wp-json\/wp\/v2\/types\/product"}],"wp:featuredmedia":[{"embeddable":true,"href":"https:\/\/bracaravinum.pt\/de\/wp-json\/wp\/v2\/media\/16508"}],"wp:attachment":[{"href":"https:\/\/bracaravinum.pt\/de\/wp-json\/wp\/v2\/media?parent=12359"}],"wp:term":[{"taxonomy":"product_brand","embeddable":true,"href":"https:\/\/bracaravinum.pt\/de\/wp-json\/wp\/v2\/product_brand?post=12359"},{"taxonomy":"product_cat","embeddable":true,"href":"https:\/\/bracaravinum.pt\/de\/wp-json\/wp\/v2\/product_cat?post=12359"},{"taxonomy":"product_tag","embeddable":true,"href":"https:\/\/bracaravinum.pt\/de\/wp-json\/wp\/v2\/product_tag?post=12359"}],"curies":[{"name":"wp","href":"https:\/\/api.w.org\/{rel}","templated":true}]}}