{"id":12340,"date":"2020-03-22T12:13:21","date_gmt":"2020-03-22T12:13:21","guid":{"rendered":"http:\/\/bracaravinum.pt\/?post_type=product&#038;p=12340"},"modified":"2023-10-31T14:03:01","modified_gmt":"2023-10-31T14:03:01","slug":"fernao-magalhaes-doc-reserva-tinto","status":"publish","type":"product","link":"https:\/\/bracaravinum.pt\/de\/produkt\/fernao-magalhaes-doc-reserva-tinto\/","title":{"rendered":"Fern\u00e3o Magalh\u00e3es DOC Reserva Tinto 2019 75cl"},"content":{"rendered":"<p><img fetchpriority=\"high\" decoding=\"async\" class=\"size-medium wp-image-15309 aligncenter\" src=\"http:\/\/bracaravinum.pt\/wp-content\/uploads\/2022\/02\/Logo-Adega-de-Sabrosa-preto-02-300x296.png\" alt=\"\" width=\"300\" height=\"296\" srcset=\"https:\/\/bracaravinum.pt\/wp-content\/uploads\/2022\/02\/Logo-Adega-de-Sabrosa-preto-02-300x296.png 300w, https:\/\/bracaravinum.pt\/wp-content\/uploads\/2022\/02\/Logo-Adega-de-Sabrosa-preto-02-100x100.png 100w, https:\/\/bracaravinum.pt\/wp-content\/uploads\/2022\/02\/Logo-Adega-de-Sabrosa-preto-02.png 554w\" sizes=\"(max-width: 300px) 100vw, 300px\" \/><\/p>\n<p>Adega de Sabrosa, Inhaberin der Marke Fern\u00e3o de Magalh\u00e3es, produziert seit 1958 Weine und ist heute stolz darauf, die besten Douro-Weine zu produzieren. Die Stadt Sabrosa ist eines der Tore zu dieser herrlichen Region, die sich durch ein Mikroklima und besondere nat\u00fcrliche Bedingungen auszeichnet, die die Produktion ausgezeichneter Weine beg\u00fcnstigen.<br \/>\nInspiriert vom Mut, der Entschlossenheit, der Hartn\u00e4ckigkeit und der Vision des Douro-Seefahrers Fern\u00e3o de Magalh\u00e3es sowie seinem Abenteuer- und Unternehmergeist ist Adega de Sabrosa mit seinen Weinen eine Hommage an alle Portugiesen auf der ganzen Welt.<\/p>","protected":false},"excerpt":{"rendered":"<p>Castas: Touriga Nacional e Tinta Roriz<\/p>\n<p class=\"p2\">Aroma: Notas de frutos silvestres, framboesas maduras, mirtilo, com tostados muito suaves<\/p>\n<p class=\"p2\">Boca: Elegante, persistente e evolu\u00eddo em grande harmonia para uma estrutura muito compacta de taninos firmes.<\/p>\n<p class=\"p2\">Gastronomia: Ideal para acompanhar pratos de queijos e carnes de ca\u00e7a<\/p>\n<p class=\"p2\">Winzer: Celeste Marques<\/p>","protected":false},"featured_media":747,"template":"","meta":{"_exactmetrics_skip_tracking":false,"_exactmetrics_sitenote_active":false,"_exactmetrics_sitenote_note":"","_exactmetrics_sitenote_category":0,"_uf_show_specific_survey":0,"_uf_disable_surveys":false,"iawp_total_views":72},"product_brand":[],"product_cat":[157,184,215],"product_tag":[],"class_list":{"0":"post-12340","1":"product","2":"type-product","3":"status-publish","4":"has-post-thumbnail","6":"product_cat-vinhos","7":"product_cat-tinto","8":"product_cat-douro","10":"first","11":"instock","12":"shipping-taxable","13":"purchasable","14":"product-type-simple"},"_links":{"self":[{"href":"https:\/\/bracaravinum.pt\/de\/wp-json\/wp\/v2\/product\/12340","targetHints":{"allow":["GET"]}}],"collection":[{"href":"https:\/\/bracaravinum.pt\/de\/wp-json\/wp\/v2\/product"}],"about":[{"href":"https:\/\/bracaravinum.pt\/de\/wp-json\/wp\/v2\/types\/product"}],"wp:featuredmedia":[{"embeddable":true,"href":"https:\/\/bracaravinum.pt\/de\/wp-json\/wp\/v2\/media\/747"}],"wp:attachment":[{"href":"https:\/\/bracaravinum.pt\/de\/wp-json\/wp\/v2\/media?parent=12340"}],"wp:term":[{"taxonomy":"product_brand","embeddable":true,"href":"https:\/\/bracaravinum.pt\/de\/wp-json\/wp\/v2\/product_brand?post=12340"},{"taxonomy":"product_cat","embeddable":true,"href":"https:\/\/bracaravinum.pt\/de\/wp-json\/wp\/v2\/product_cat?post=12340"},{"taxonomy":"product_tag","embeddable":true,"href":"https:\/\/bracaravinum.pt\/de\/wp-json\/wp\/v2\/product_tag?post=12340"}],"curies":[{"name":"wp","href":"https:\/\/api.w.org\/{rel}","templated":true}]}}