{"id":12335,"date":"2020-03-22T11:29:03","date_gmt":"2020-03-22T11:29:03","guid":{"rendered":"http:\/\/bracaravinum.pt\/?post_type=product&#038;p=12335"},"modified":"2023-11-21T18:53:15","modified_gmt":"2023-11-21T18:53:15","slug":"vertice-espumante-branco-cuvee","status":"publish","type":"product","link":"https:\/\/bracaravinum.pt\/de\/produkt\/vertice-espumante-branco-cuvee\/","title":{"rendered":"V\u00e9rtice Sparkling White Cuv\u00e9e 75cl"},"content":{"rendered":"<p><img decoding=\"async\" class=\"size-full wp-image-15666 aligncenter\" src=\"http:\/\/bracaravinum.pt\/wp-content\/uploads\/2020\/03\/logo-VERTICE.png\" alt=\"\" width=\"160\" height=\"147\" srcset=\"https:\/\/bracaravinum.pt\/wp-content\/uploads\/2020\/03\/logo-VERTICE.png 160w, https:\/\/bracaravinum.pt\/wp-content\/uploads\/2020\/03\/logo-VERTICE-13x12.png 13w\" sizes=\"(max-width: 160px) 100vw, 160px\" \/><\/p>\n<p>Im Jahr 1988 kam es auf den hohen H\u00e4ngen, wo die Sommerbrise bereits zu kalt f\u00fcr den Portweinanbau war und die Granitb\u00f6den den Tafelweinen ein unverwechselbares Aroma verliehen, zu einer weiteren bemerkenswerten Geburt, die die ber\u00fchmte Berufung des Alto Douro best\u00e4tigte \u2013\u00a0<strong>SCHEITEL<\/strong><\/p>\n<p>Frucht der brillanten Allianz zwischen der klassischen Tradition der nat\u00fcrlichen Schaumweine (la M\u00e9thode Champenoise) und dem \u00e4ltesten abgegrenzten Weinanbaugebiet der Welt,\u00a0<strong>SCHEITEL<\/strong>\u00a0Es ist die Hommage an die Qualit\u00e4t, sowohl als Beilage zu einem raffinierten Essen als auch als einzigartiger Aperitif.<\/p>\n<p>Derzeit ist es nicht notwendig, an einer Party oder einer \u00e4hnlichen Aktivit\u00e4t teilzunehmen, um Sekt genie\u00dfen zu k\u00f6nnen. Der Platz, den dieser Wein unter Weinliebhabern gewonnen hat, spiegelt seine ganze Vielseitigkeit und seinen Charakter wider. Er kann als Aperitif, zu einer Mahlzeit oder zum Dessert genossen werden und immer bei einer angemessenen Temperatur von 7 \u00b0C bis 9 \u00b0C serviert werden. Es kann gesellig mit Freunden oder romantisch mit unserer besseren H\u00e4lfte getrunken werden. Einfach oder als Cocktail; Die M\u00f6glichkeiten sind nicht viele, sie sind immens.<\/p>\n<p>Doch jedes Mal, wenn Sie eine Flasche Sekt \u00f6ffnen, geschieht Magie. Und das ist immer ein Grund zum Feiern!<\/p>","protected":false},"excerpt":{"rendered":"<p>Elaborado a partir das castas Gouveio, Malvasia Fina, Rabigato, Viosinho, C\u00f3dega e Touriga Franca.<br \/>\nApresenta uma cor citrina. Na boca, tem uma bolha muito fina e persistente, libertando um aroma fresco e delicado. O paladar revela sabores leves e complexos de frutos e um agrad\u00e1vel travo de acidez vivificante, deixando na boca um sabor delicado e prolongado. Muita nota de brioche na boca que resulta macia e bem proporcionada, mousse e acidez muito bem integradas. Persistente e delicioso.<\/p>","protected":false},"featured_media":732,"template":"","meta":{"_exactmetrics_skip_tracking":false,"_exactmetrics_sitenote_active":false,"_exactmetrics_sitenote_note":"","_exactmetrics_sitenote_category":0,"_uf_show_specific_survey":0,"_uf_disable_surveys":false,"iawp_total_views":77},"product_brand":[],"product_cat":[160,177],"product_tag":[],"class_list":{"0":"post-12335","1":"product","2":"type-product","3":"status-publish","4":"has-post-thumbnail","6":"product_cat-espumantes","7":"product_cat-espumante","9":"first","10":"instock","11":"shipping-taxable","12":"purchasable","13":"product-type-simple"},"_links":{"self":[{"href":"https:\/\/bracaravinum.pt\/de\/wp-json\/wp\/v2\/product\/12335","targetHints":{"allow":["GET"]}}],"collection":[{"href":"https:\/\/bracaravinum.pt\/de\/wp-json\/wp\/v2\/product"}],"about":[{"href":"https:\/\/bracaravinum.pt\/de\/wp-json\/wp\/v2\/types\/product"}],"wp:featuredmedia":[{"embeddable":true,"href":"https:\/\/bracaravinum.pt\/de\/wp-json\/wp\/v2\/media\/732"}],"wp:attachment":[{"href":"https:\/\/bracaravinum.pt\/de\/wp-json\/wp\/v2\/media?parent=12335"}],"wp:term":[{"taxonomy":"product_brand","embeddable":true,"href":"https:\/\/bracaravinum.pt\/de\/wp-json\/wp\/v2\/product_brand?post=12335"},{"taxonomy":"product_cat","embeddable":true,"href":"https:\/\/bracaravinum.pt\/de\/wp-json\/wp\/v2\/product_cat?post=12335"},{"taxonomy":"product_tag","embeddable":true,"href":"https:\/\/bracaravinum.pt\/de\/wp-json\/wp\/v2\/product_tag?post=12335"}],"curies":[{"name":"wp","href":"https:\/\/api.w.org\/{rel}","templated":true}]}}